{"id":8139,"date":"2025-03-08T17:15:01","date_gmt":"2025-03-08T17:15:01","guid":{"rendered":"https:\/\/bigfunhobby.com\/butikk\/messerschmitt-bf109g-paints-set-12-x-20-ml\/"},"modified":"2025-12-04T10:59:29","modified_gmt":"2025-12-04T08:59:29","slug":"messerschmitt-bf109g-paints-set-12-x-20-ml","status":"publish","type":"product","link":"https:\/\/bigfunhobby.com\/da\/butikk\/messerschmitt-bf109g-paints-set-12-x-20-ml\/","title":{"rendered":"MESSERSCHMITT BF109G PAINTS SET (12 x 20 ml)"},"content":{"rendered":"<p>For entusiastiske modellbyggere som \u00f8nsker \u00e5 ta prosjektene sine til det neste niv\u00e5et, tilbyr vi MESSERSCHMITT BF109G malerisett. Dette settet er ideelt for \u00e5 legge til detaljerte finisher p\u00e5 dine plastmodeller og bringe dem til liv.<\/p>\n<p>Spesifikasjonene for dette settet er imponerende. Med 12 forskjellige farger i 20 ml flasker, er du sikret \u00e5 ha alle de n\u00f8dvendige nyansene for \u00e5 fullf\u00f8re ditt MESSERSCHMITT BF109G-prosjekt eller andre skalamodeller du jobber med. Fargene er n\u00f8ye utvalgt for \u00e5 matche de originale fargene p\u00e5 MESSERSCHMITT BF109G-flyet, og gir modellene dine en autentisk og realistisk fremtoning.<\/p>\n<p>Maleriene er av h\u00f8y kvalitet, og har en utmerket dekning, og er enkle \u00e5 p\u00e5f\u00f8re p\u00e5 plastmodeller. De er ogs\u00e5 veldig holdbare, slik at prosjektene dine vil se bra ut i mange \u00e5r fremover.<\/p>\n<p>MESSERSCHMITT BF109G er kjent som et av de mest ikoniske flyene fra andre verdenskrig, og mange modellbyggere setter sin \u00e6re i \u00e5 gjenskape dette flyet med stor n\u00f8yaktighet. Med dette malerisettet kan du virkelig gj\u00f8re prosjektet ditt rettferdighet og vise din lidenskap for modellbygging.<\/p>\n<p>Ikke vent med \u00e5 ta modellbyggingen til det neste niv\u00e5et. Bestill ditt MESSERSCHMITT BF109G malerisett i dag, og se hvordan prosjektene dine virkelig begynner \u00e5 ta form.<\/p>","protected":false},"excerpt":{"rendered":"<p>MESSERSCHMITT BF109G malerisett er designet for den lidenskapelige modellbyggeren og inneholder 12 forskjellige farger p\u00e5 20 ml hver for \u00e5 fullf\u00f8re dine plastmodeller med stor detaljrikdom.<\/p>","protected":false},"featured_media":8138,"comment_status":"open","ping_status":"closed","template":"","meta":[],"product_brand":[97],"product_cat":[70],"product_tag":[],"class_list":{"0":"post-8139","1":"product","2":"type-product","3":"status-publish","4":"has-post-thumbnail","6":"product_brand-artesania","7":"product_cat-artesania-maling","9":"first","10":"instock","11":"taxable","12":"shipping-taxable","13":"purchasable","14":"product-type-simple"},"_links":{"self":[{"href":"https:\/\/bigfunhobby.com\/da\/wp-json\/wp\/v2\/product\/8139","targetHints":{"allow":["GET"]}}],"collection":[{"href":"https:\/\/bigfunhobby.com\/da\/wp-json\/wp\/v2\/product"}],"about":[{"href":"https:\/\/bigfunhobby.com\/da\/wp-json\/wp\/v2\/types\/product"}],"replies":[{"embeddable":true,"href":"https:\/\/bigfunhobby.com\/da\/wp-json\/wp\/v2\/comments?post=8139"}],"wp:featuredmedia":[{"embeddable":true,"href":"https:\/\/bigfunhobby.com\/da\/wp-json\/wp\/v2\/media\/8138"}],"wp:attachment":[{"href":"https:\/\/bigfunhobby.com\/da\/wp-json\/wp\/v2\/media?parent=8139"}],"wp:term":[{"taxonomy":"product_brand","embeddable":true,"href":"https:\/\/bigfunhobby.com\/da\/wp-json\/wp\/v2\/product_brand?post=8139"},{"taxonomy":"product_cat","embeddable":true,"href":"https:\/\/bigfunhobby.com\/da\/wp-json\/wp\/v2\/product_cat?post=8139"},{"taxonomy":"product_tag","embeddable":true,"href":"https:\/\/bigfunhobby.com\/da\/wp-json\/wp\/v2\/product_tag?post=8139"}],"curies":[{"name":"wp","href":"https:\/\/api.w.org\/{rel}","templated":true}]}}