{"id":8151,"date":"2025-03-08T17:15:07","date_gmt":"2025-03-08T17:15:07","guid":{"rendered":"https:\/\/bigfunhobby.com\/butikk\/basic-fishing-boats-paints-set-6-x-20-ml\/"},"modified":"2025-12-04T10:59:29","modified_gmt":"2025-12-04T08:59:29","slug":"basic-fishing-boats-paints-set-6-x-20-ml","status":"publish","type":"product","link":"https:\/\/bigfunhobby.com\/da\/butikk\/basic-fishing-boats-paints-set-6-x-20-ml\/","title":{"rendered":"BASIC FISHING BOATS PAINTS SET (6 x 20 ml)"},"content":{"rendered":"<p>Med BASIC FISHING BOATS PAINTS SET f\u00e5r du alt du trenger for \u00e5 gi dine modellb\u00e5ter liv med farger. Dette malingsettet er perfekt for b\u00e5de nybegynnere og erfarne modellbyggere som \u00f8nsker \u00e5 gi en autentisk finish til sine byggesett.<\/p>\n<p><strong>Specifikationer:<\/strong><\/p>\n<ul>\n<li>Settet inkluderer seks 20 ml malingstuber<\/li>\n<li>Malingen er av h\u00f8y kvalitet og har lang holdbarhet<\/li>\n<li>Perfekt for \u00e5 male plastmodeller og treskipsmodeller<\/li>\n<\/ul>\n<p>Dette malingsettet er ideelt for \u00e5 male b\u00e5de plastmodeller og treskipsmodeller. Med seks forskjellige farger kan du gi modellene dine et unikt og realistisk utseende. Og med 20 ml i hver tube, vil du ha nok maling til flere prosjekter.<\/p>\n<p>Modellbygging har en lang historie, og det \u00e5 male modellene gir en ekstra dimensjon til hobbyen. Det gir modellene et mer realistisk utseende og gj\u00f8r byggesettet mer personlig. Med BASIC FISHING BOATS PAINTS SET kan du utforske denne delen av modellbygging p\u00e5 en enkel og morsom m\u00e5te.<\/p>\n<p>Enten du er en erfaren modellbygger eller akkurat har startet med denne spennende hobbyen, vil dette malingsettet gi deg det du trenger for \u00e5 ta modellene dine til neste niv\u00e5. S\u00e5 ikke n\u00f8l, bestill ditt BASIC FISHING BOATS PAINTS SET i dag og ta modellbyggingen din til nye h\u00f8yder.<\/p>","protected":false},"excerpt":{"rendered":"<p>BASIC FISHING BOATS PAINTS SET er et sett med seks 20 ml malingstuber ideelt for \u00e5 fargelegge modelb\u00e5ter. Et must for alle modellbyggingentusiaster.<\/p>","protected":false},"featured_media":8150,"comment_status":"open","ping_status":"closed","template":"","meta":[],"product_brand":[97],"product_cat":[70],"product_tag":[],"class_list":{"0":"post-8151","1":"product","2":"type-product","3":"status-publish","4":"has-post-thumbnail","6":"product_brand-artesania","7":"product_cat-artesania-maling","9":"first","10":"instock","11":"taxable","12":"shipping-taxable","13":"purchasable","14":"product-type-simple"},"_links":{"self":[{"href":"https:\/\/bigfunhobby.com\/da\/wp-json\/wp\/v2\/product\/8151","targetHints":{"allow":["GET"]}}],"collection":[{"href":"https:\/\/bigfunhobby.com\/da\/wp-json\/wp\/v2\/product"}],"about":[{"href":"https:\/\/bigfunhobby.com\/da\/wp-json\/wp\/v2\/types\/product"}],"replies":[{"embeddable":true,"href":"https:\/\/bigfunhobby.com\/da\/wp-json\/wp\/v2\/comments?post=8151"}],"wp:featuredmedia":[{"embeddable":true,"href":"https:\/\/bigfunhobby.com\/da\/wp-json\/wp\/v2\/media\/8150"}],"wp:attachment":[{"href":"https:\/\/bigfunhobby.com\/da\/wp-json\/wp\/v2\/media?parent=8151"}],"wp:term":[{"taxonomy":"product_brand","embeddable":true,"href":"https:\/\/bigfunhobby.com\/da\/wp-json\/wp\/v2\/product_brand?post=8151"},{"taxonomy":"product_cat","embeddable":true,"href":"https:\/\/bigfunhobby.com\/da\/wp-json\/wp\/v2\/product_cat?post=8151"},{"taxonomy":"product_tag","embeddable":true,"href":"https:\/\/bigfunhobby.com\/da\/wp-json\/wp\/v2\/product_tag?post=8151"}],"curies":[{"name":"wp","href":"https:\/\/api.w.org\/{rel}","templated":true}]}}