{"id":8157,"date":"2025-03-08T17:15:10","date_gmt":"2025-03-08T17:15:10","guid":{"rendered":"https:\/\/bigfunhobby.com\/butikk\/off-white-paint-20ml\/"},"modified":"2025-12-04T10:59:29","modified_gmt":"2025-12-04T08:59:29","slug":"rahvid-maling-20-ml","status":"publish","type":"product","link":"https:\/\/bigfunhobby.com\/da\/butikk\/off-white-paint-20ml\/","title":{"rendered":"OFF WHITE PAINT - 20 ml"},"content":{"rendered":"<p>Vores 20 ml Off White-maling er designet til at give dine modeller en professionel og realistisk finish. Uanset om du er nybegynder eller en erfaren entusiast, er denne maling den perfekte tilf\u00f8jelse til dit models\u00e6t. Den er ideel til brug p\u00e5 skibsmodeller af b\u00e5de plast og tr\u00e6.<\/p>\n<p><b>Specifikationer:<\/b><\/p>\n<ul>\n<li>Farven p\u00e5 malingen: Off White<\/li>\n<li>Volumen: 20 ml<\/li>\n<\/ul>\n<p>Malingen er fremstillet af ingredienser af h\u00f8j kvalitet, som sikrer en j\u00e6vn p\u00e5f\u00f8ring og lang holdbarhed. Uanset om du arbejder p\u00e5 et s\u00e6t til voksne eller et projekt for begyndere, vil denne maling forbedre udseendet af din model.<\/p>\n<p>Modelbygning har en lang og rig historie, fra de f\u00f8rste skibsmodeller af tr\u00e6 til nutidens detaljerede plastikmodeller og modeljernbaner. Ved at tilf\u00f8je denne maling til din v\u00e6rkt\u00f8jskasse bliver du en del af denne tradition og tager dine modelleringsevner til det n\u00e6ste niveau.<\/p>\n<p>Ved at v\u00e6lge 20 ml Off White-maling investerer du i kvalitet og realisme til dine modeller. Vent ikke l\u00e6ngere, forbedr din modeloplevelse nu! Se udvalget og bestil nu.<\/p>","protected":false},"excerpt":{"rendered":"<p>Giv dine modeller den perfekte finish med vores 20 ml Off White-maling. Ideel til b\u00e5de begyndere og erfarne modelbyggerentusiaster.<\/p>","protected":false},"featured_media":8156,"comment_status":"open","ping_status":"closed","template":"","meta":[],"product_brand":[97],"product_cat":[70],"product_tag":[],"class_list":{"0":"post-8157","1":"product","2":"type-product","3":"status-publish","4":"has-post-thumbnail","6":"product_brand-artesania","7":"product_cat-artesania-maling","9":"first","10":"outofstock","11":"taxable","12":"shipping-taxable","13":"purchasable","14":"product-type-simple"},"_links":{"self":[{"href":"https:\/\/bigfunhobby.com\/da\/wp-json\/wp\/v2\/product\/8157","targetHints":{"allow":["GET"]}}],"collection":[{"href":"https:\/\/bigfunhobby.com\/da\/wp-json\/wp\/v2\/product"}],"about":[{"href":"https:\/\/bigfunhobby.com\/da\/wp-json\/wp\/v2\/types\/product"}],"replies":[{"embeddable":true,"href":"https:\/\/bigfunhobby.com\/da\/wp-json\/wp\/v2\/comments?post=8157"}],"wp:featuredmedia":[{"embeddable":true,"href":"https:\/\/bigfunhobby.com\/da\/wp-json\/wp\/v2\/media\/8156"}],"wp:attachment":[{"href":"https:\/\/bigfunhobby.com\/da\/wp-json\/wp\/v2\/media?parent=8157"}],"wp:term":[{"taxonomy":"product_brand","embeddable":true,"href":"https:\/\/bigfunhobby.com\/da\/wp-json\/wp\/v2\/product_brand?post=8157"},{"taxonomy":"product_cat","embeddable":true,"href":"https:\/\/bigfunhobby.com\/da\/wp-json\/wp\/v2\/product_cat?post=8157"},{"taxonomy":"product_tag","embeddable":true,"href":"https:\/\/bigfunhobby.com\/da\/wp-json\/wp\/v2\/product_tag?post=8157"}],"curies":[{"name":"wp","href":"https:\/\/api.w.org\/{rel}","templated":true}]}}