{"id":8193,"date":"2025-03-08T17:15:28","date_gmt":"2025-03-08T17:15:28","guid":{"rendered":"https:\/\/bigfunhobby.com\/butikk\/buff-paint-20ml\/"},"modified":"2025-12-04T10:59:34","modified_gmt":"2025-12-04T08:59:34","slug":"buff-paint-20ml","status":"publish","type":"product","link":"https:\/\/bigfunhobby.com\/da\/butikk\/buff-paint-20ml\/","title":{"rendered":"BUFF PAINT &#8211; 20ml"},"content":{"rendered":"<p>Hvis du er ivrig etter \u00e5 gi modellene dine det perfekte utseendet, er BUFF PAINT &#8211; 20ml det rette valget for deg. Denne h\u00f8ykvalitetsmalingen er spesielt utviklet for modellbygging, og passer perfekt til plastmodeller, treskip, modelljernbane og fjernstyrte kj\u00f8ret\u00f8y.<\/p>\n<p><strong>Specifikationer:<\/strong><\/p>\n<ul>\n<li>Volumen: 20 ml<\/li>\n<li>Farge: Buff<\/li>\n<li>Passer til alle typer modeller<\/li>\n<\/ul>\n<p>BUFF PAINT &#8211; 20ml er laget av robuste materialer som sikrer langvarig og jevn farge. Den er lett \u00e5 p\u00e5f\u00f8re og t\u00f8rker raskt, noe som gj\u00f8r den ideell for b\u00e5de nybegynnere og erfarne modellbyggere.<\/p>\n<p>Modellbygging er en kunst som strekker seg tilbake til antikken, og har alltid v\u00e6rt en popul\u00e6r hobby for b\u00e5de barn og voksne. Ved hjelp av BUFF PAINT &#8211; 20ml kan du bringe dine kreasjoner til live med profesjonelle resultater.<\/p>\n<p>Ikke vent lenger, gi modellene dine den finishen de fortjener. Kj\u00f8p BUFF PAINT &#8211; 20ml i dag og begynn \u00e5 utforske det spennende universet av modellbygging!<\/p>","protected":false},"excerpt":{"rendered":"<p>BUFF PAINT &#8211; 20ml er en h\u00f8ykvalitets maling for modellbygging, ideell for b\u00e5de nybegynnere og erfarne entusiaster.<\/p>","protected":false},"featured_media":8192,"comment_status":"open","ping_status":"closed","template":"","meta":[],"product_brand":[97],"product_cat":[70],"product_tag":[],"class_list":{"0":"post-8193","1":"product","2":"type-product","3":"status-publish","4":"has-post-thumbnail","6":"product_brand-artesania","7":"product_cat-artesania-maling","9":"first","10":"instock","11":"taxable","12":"shipping-taxable","13":"purchasable","14":"product-type-simple"},"_links":{"self":[{"href":"https:\/\/bigfunhobby.com\/da\/wp-json\/wp\/v2\/product\/8193","targetHints":{"allow":["GET"]}}],"collection":[{"href":"https:\/\/bigfunhobby.com\/da\/wp-json\/wp\/v2\/product"}],"about":[{"href":"https:\/\/bigfunhobby.com\/da\/wp-json\/wp\/v2\/types\/product"}],"replies":[{"embeddable":true,"href":"https:\/\/bigfunhobby.com\/da\/wp-json\/wp\/v2\/comments?post=8193"}],"wp:featuredmedia":[{"embeddable":true,"href":"https:\/\/bigfunhobby.com\/da\/wp-json\/wp\/v2\/media\/8192"}],"wp:attachment":[{"href":"https:\/\/bigfunhobby.com\/da\/wp-json\/wp\/v2\/media?parent=8193"}],"wp:term":[{"taxonomy":"product_brand","embeddable":true,"href":"https:\/\/bigfunhobby.com\/da\/wp-json\/wp\/v2\/product_brand?post=8193"},{"taxonomy":"product_cat","embeddable":true,"href":"https:\/\/bigfunhobby.com\/da\/wp-json\/wp\/v2\/product_cat?post=8193"},{"taxonomy":"product_tag","embeddable":true,"href":"https:\/\/bigfunhobby.com\/da\/wp-json\/wp\/v2\/product_tag?post=8193"}],"curies":[{"name":"wp","href":"https:\/\/api.w.org\/{rel}","templated":true}]}}