{"id":8221,"date":"2025-03-08T17:15:42","date_gmt":"2025-03-08T17:15:42","guid":{"rendered":"https:\/\/bigfunhobby.com\/butikk\/sunny-skin-tone-paint-20-ml\/"},"modified":"2025-12-04T10:59:36","modified_gmt":"2025-12-04T08:59:36","slug":"sunny-skin-tone-paint-20-ml","status":"publish","type":"product","link":"https:\/\/bigfunhobby.com\/da\/butikk\/sunny-skin-tone-paint-20-ml\/","title":{"rendered":"SUNNY SKIN TONE PAINT - 20 ml"},"content":{"rendered":"<p>Vil du give dine modeller en realistisk hudfarve? S\u00e5 er vores SUNNY SKIN TONE PAINT - 20 ml det perfekte valg for dig. Malingen er velegnet til alle former for modelbygning, herunder plastmodeller, tr\u00e6skibe, modeljernbaner og fjernstyrede k\u00f8ret\u00f8jer.<\/p>\n<p>Produktspecifikationer:<\/p>\n<ul>\n<li>Type: Hudfarvet maling<\/li>\n<li>Kapacitet: 20 ml<\/li>\n<li>Velegnet til alle typer modellering<\/li>\n<\/ul>\n<p>Vores SUNNY SKIN TONE PAINT - 20 ml er nem at p\u00e5f\u00f8re, giver en j\u00e6vn farve og t\u00f8rrer hurtigt. Den er ideel til b\u00e5de begyndere, der tager deres f\u00f8rste skridt inden for modelbygning, og erfarne entusiaster, der \u00f8nsker at tilf\u00f8je realistiske detaljer til deres skalamodeller.<\/p>\n<p>Uanset om du bygger en tr\u00e6skibsmodel, en plastikmodel eller en modeljernbane, vil vores SUNNY SKIN TONE PAINT - 20 ml give dine modeller det naturlige udseende, du s\u00f8ger. Denne maling vil uden tvivl h\u00e6ve standarden for din modelbygning og give dig mulighed for at vise dine f\u00e6rdigheder og din kreativitet.<\/p>\n<p>Vent ikke l\u00e6ngere, forbedr dine modeller med vores SUNNY SKIN TONE PAINT - 20 ml. K\u00f8b nu, og oplev selv forskellen!<\/p>","protected":false},"excerpt":{"rendered":"<p>Healthy skin tone paint - 20 ml er perfekt til at give dine modeller en realistisk hudfarve. Velegnet til b\u00e5de begyndere og erfarne modelbyggere.<\/p>","protected":false},"featured_media":8220,"comment_status":"open","ping_status":"closed","template":"","meta":[],"product_brand":[97],"product_cat":[70],"product_tag":[],"class_list":{"0":"post-8221","1":"product","2":"type-product","3":"status-publish","4":"has-post-thumbnail","6":"product_brand-artesania","7":"product_cat-artesania-maling","9":"first","10":"instock","11":"taxable","12":"shipping-taxable","13":"purchasable","14":"product-type-simple"},"_links":{"self":[{"href":"https:\/\/bigfunhobby.com\/da\/wp-json\/wp\/v2\/product\/8221","targetHints":{"allow":["GET"]}}],"collection":[{"href":"https:\/\/bigfunhobby.com\/da\/wp-json\/wp\/v2\/product"}],"about":[{"href":"https:\/\/bigfunhobby.com\/da\/wp-json\/wp\/v2\/types\/product"}],"replies":[{"embeddable":true,"href":"https:\/\/bigfunhobby.com\/da\/wp-json\/wp\/v2\/comments?post=8221"}],"wp:featuredmedia":[{"embeddable":true,"href":"https:\/\/bigfunhobby.com\/da\/wp-json\/wp\/v2\/media\/8220"}],"wp:attachment":[{"href":"https:\/\/bigfunhobby.com\/da\/wp-json\/wp\/v2\/media?parent=8221"}],"wp:term":[{"taxonomy":"product_brand","embeddable":true,"href":"https:\/\/bigfunhobby.com\/da\/wp-json\/wp\/v2\/product_brand?post=8221"},{"taxonomy":"product_cat","embeddable":true,"href":"https:\/\/bigfunhobby.com\/da\/wp-json\/wp\/v2\/product_cat?post=8221"},{"taxonomy":"product_tag","embeddable":true,"href":"https:\/\/bigfunhobby.com\/da\/wp-json\/wp\/v2\/product_tag?post=8221"}],"curies":[{"name":"wp","href":"https:\/\/api.w.org\/{rel}","templated":true}]}}