{"id":8223,"date":"2025-03-08T17:15:43","date_gmt":"2025-03-08T17:15:43","guid":{"rendered":"https:\/\/bigfunhobby.com\/butikk\/electric-soldering-iron-30w-220-volts\/"},"modified":"2025-12-04T10:59:36","modified_gmt":"2025-12-04T08:59:36","slug":"elektrisk-loddekolbe-30w-220-volt","status":"publish","type":"product","link":"https:\/\/bigfunhobby.com\/da\/butikk\/electric-soldering-iron-30w-220-volts\/","title":{"rendered":"Elektrisk loddekolbe 30W \/ 220 volt"},"content":{"rendered":"<p>Den elektriske loddekolbe 30W\/220V er et uundv\u00e6rligt v\u00e6rkt\u00f8j for alle, der er involveret i bygges\u00e6t og modelhobbyer. Det er et kraftigt og pr\u00e6cist v\u00e6rkt\u00f8j, der er ideelt til opgaver i forbindelse med metalarbejde, f.eks. foto\u00e6tsning og messingarbejde. Perfekt til at bygge og elektrificere skalamodeller.<\/p>\n<p><strong>Specifikationer:<\/strong><\/p>\n<ul>\n<li>Effekt: 30 watt<\/li>\n<li>Elektrisk sp\u00e6nding: 220 volt<\/li>\n<li>Type: Loddekolbe af blyantstypen<\/li>\n<\/ul>\n<p>Denne loddekolbe er lavet til pr\u00e6cisionslodning med tin, hvilket g\u00f8r den til et vigtigt v\u00e6rkt\u00f8j for alle modelbyggere. Uanset om du arbejder p\u00e5 skibsmodeller af tr\u00e6, plastikmodeller, modeljernbaner eller fjernstyrede k\u00f8ret\u00f8jer, vil denne loddekolbe hj\u00e6lpe dig med at opn\u00e5 professionelle resultater.<\/p>\n<p>Uanset om du er en erfaren modelbygger eller en nybegynder, der er ivrig efter at l\u00e6re, er denne loddekolbe en v\u00e6rdifuld tilf\u00f8jelse til dit v\u00e6rksted. Den giver dig mulighed for at g\u00e5 i gang med mere komplekse projekter og forbedre dine modelleringsevner.<\/p>\n<p>G\u00e5 ikke glip af muligheden for at tage dine modelleringsprojekter til det n\u00e6ste niveau. <strong>K\u00f8b elektrisk loddekolbe 30W\/220V nu, og opdag nye muligheder inden for modellering.<\/strong><\/p>","protected":false},"excerpt":{"rendered":"<p>Elektrisk loddekolbe 30W\/220V er et uundv\u00e6rligt v\u00e6rkt\u00f8j til pr\u00e6cisionslodning i metalarbejde, ideelt til b\u00e5de bygges\u00e6t og modelhobbyer.<\/p>","protected":false},"featured_media":8222,"comment_status":"open","ping_status":"closed","template":"","meta":[],"product_brand":[97],"product_cat":[58],"product_tag":[],"class_list":{"0":"post-8223","1":"product","2":"type-product","3":"status-publish","4":"has-post-thumbnail","6":"product_brand-artesania","7":"product_cat-verktoy","9":"first","10":"instock","11":"taxable","12":"shipping-taxable","13":"purchasable","14":"product-type-simple"},"_links":{"self":[{"href":"https:\/\/bigfunhobby.com\/da\/wp-json\/wp\/v2\/product\/8223","targetHints":{"allow":["GET"]}}],"collection":[{"href":"https:\/\/bigfunhobby.com\/da\/wp-json\/wp\/v2\/product"}],"about":[{"href":"https:\/\/bigfunhobby.com\/da\/wp-json\/wp\/v2\/types\/product"}],"replies":[{"embeddable":true,"href":"https:\/\/bigfunhobby.com\/da\/wp-json\/wp\/v2\/comments?post=8223"}],"wp:featuredmedia":[{"embeddable":true,"href":"https:\/\/bigfunhobby.com\/da\/wp-json\/wp\/v2\/media\/8222"}],"wp:attachment":[{"href":"https:\/\/bigfunhobby.com\/da\/wp-json\/wp\/v2\/media?parent=8223"}],"wp:term":[{"taxonomy":"product_brand","embeddable":true,"href":"https:\/\/bigfunhobby.com\/da\/wp-json\/wp\/v2\/product_brand?post=8223"},{"taxonomy":"product_cat","embeddable":true,"href":"https:\/\/bigfunhobby.com\/da\/wp-json\/wp\/v2\/product_cat?post=8223"},{"taxonomy":"product_tag","embeddable":true,"href":"https:\/\/bigfunhobby.com\/da\/wp-json\/wp\/v2\/product_tag?post=8223"}],"curies":[{"name":"wp","href":"https:\/\/api.w.org\/{rel}","templated":true}]}}