{"id":8225,"date":"2025-03-08T17:15:44","date_gmt":"2025-03-08T17:15:44","guid":{"rendered":"https:\/\/bigfunhobby.com\/butikk\/electric-plank-bender-for-wood-modeling\/"},"modified":"2025-12-04T10:59:47","modified_gmt":"2025-12-04T08:59:47","slug":"electric-plank-bender-for-wood-modeling","status":"publish","type":"product","link":"https:\/\/bigfunhobby.com\/da\/butikk\/electric-plank-bender-for-wood-modeling\/","title":{"rendered":"Elektrisk plankebukker til tr\u00e6modellering"},"content":{"rendered":"<p>Denne elektriske plankeb\u00f8yeren for modellbygging er et uvurderlig verkt\u00f8y for alle som arbeider med byggesett i tre, spesielt for de som bygger treskipsmodell. Ved hjelp av dette verkt\u00f8yet kan du b\u00f8ye og forme treemner opp til 3mm tykke og gi dem den krumningen de trenger.<\/p>\n<h2>ELEKTRISK PLANKEB\u00d8YER FOR FORMING AV TREEMNER<\/h2>\n<p>Den elektriske plankeb\u00f8yeren er et essensielt verkt\u00f8y for \u00e5 lykkes med \u00e5 b\u00f8ye enhver treemne opp til 3mm. Inkludert i settet er f\u00f8lgende deler: en elektrisk sveiser; en messingtupp for b\u00f8ying av tre; en metallst\u00f8tte for \u00e5 hindre sveiseren i \u00e5 brenne arbeidsflaten; en skrutrekker for \u00e5 stramme tuppen til enheten; en tre-mal med sammensatte kurver; og, som en ekstra bonus, en krukke med hvit lim for modellbyggere.<\/p>\n<p>Med dette elektriske plankeb\u00f8yer settet har du alt du trenger for \u00e5 forme treemnene til modellene dine. Du vil oppn\u00e5 ekstraordin\u00e6re resultater, det garanterer vi.<\/p>\n<p><b>MERK:<\/b> For et optimalt resultat anbefaler vi \u00e5 fukte treet p\u00e5 forh\u00e5nd.<\/p>\n<p>Enten du er nybegynner eller erfaren entusiast innen modellbygging, vil denne elektriske plankeb\u00f8yeren v\u00e6re et uvurderlig tilskudd til verkt\u00f8ykassen din. Ikke g\u00e5 glipp av sjansen til \u00e5 ta modellbyggingen din til neste niv\u00e5. Se v\u00e5rt utvalg og bestill din elektriske plankeb\u00f8yer i dag!<\/p>","protected":false},"excerpt":{"rendered":"<p>Elektrisk plankeb\u00f8yer for modellbygging er et unikt verkt\u00f8y for \u00e5 forme treemner opp til 3mm tykke, perfekt for byggesett i tre som treskipsmodell.<\/p>","protected":false},"featured_media":8224,"comment_status":"open","ping_status":"closed","template":"","meta":[],"product_brand":[97],"product_cat":[58],"product_tag":[],"class_list":{"0":"post-8225","1":"product","2":"type-product","3":"status-publish","4":"has-post-thumbnail","6":"product_brand-artesania","7":"product_cat-verktoy","9":"first","10":"outofstock","11":"taxable","12":"shipping-taxable","13":"purchasable","14":"product-type-simple"},"_links":{"self":[{"href":"https:\/\/bigfunhobby.com\/da\/wp-json\/wp\/v2\/product\/8225","targetHints":{"allow":["GET"]}}],"collection":[{"href":"https:\/\/bigfunhobby.com\/da\/wp-json\/wp\/v2\/product"}],"about":[{"href":"https:\/\/bigfunhobby.com\/da\/wp-json\/wp\/v2\/types\/product"}],"replies":[{"embeddable":true,"href":"https:\/\/bigfunhobby.com\/da\/wp-json\/wp\/v2\/comments?post=8225"}],"wp:featuredmedia":[{"embeddable":true,"href":"https:\/\/bigfunhobby.com\/da\/wp-json\/wp\/v2\/media\/8224"}],"wp:attachment":[{"href":"https:\/\/bigfunhobby.com\/da\/wp-json\/wp\/v2\/media?parent=8225"}],"wp:term":[{"taxonomy":"product_brand","embeddable":true,"href":"https:\/\/bigfunhobby.com\/da\/wp-json\/wp\/v2\/product_brand?post=8225"},{"taxonomy":"product_cat","embeddable":true,"href":"https:\/\/bigfunhobby.com\/da\/wp-json\/wp\/v2\/product_cat?post=8225"},{"taxonomy":"product_tag","embeddable":true,"href":"https:\/\/bigfunhobby.com\/da\/wp-json\/wp\/v2\/product_tag?post=8225"}],"curies":[{"name":"wp","href":"https:\/\/api.w.org\/{rel}","templated":true}]}}