{"id":8227,"date":"2025-03-08T17:15:44","date_gmt":"2025-03-08T17:15:44","guid":{"rendered":"https:\/\/bigfunhobby.com\/butikk\/150-mercantic-wooden-hull\/"},"modified":"2025-12-04T10:59:47","modified_gmt":"2025-12-04T08:59:47","slug":"150-mercantic-traeskrog","status":"publish","type":"product","link":"https:\/\/bigfunhobby.com\/da\/butikk\/150-mercantic-wooden-hull\/","title":{"rendered":"1:50 Mercantic - Tr\u00e6skrog"},"content":{"rendered":"<p>Dette er et s\u00e6t til en 1:50 Mercantic med et detaljeret tr\u00e6skrog. Det giver dig mulighed for at bygge en n\u00f8jagtig skalamodel af M\/S Mercantic, et traditionelt fragtskib, der var meget almindeligt fra 1960'erne til 1990'erne. Dette er et ideelt s\u00e6t til b\u00e5de begyndere og erfarne modelbyggere.<\/p>\n<p><strong>Specifikationer:<\/strong><\/p>\n<ul>\n<li>M\u00e5lestok: 1:50<\/li>\n<li>H\u00f8jde: 36 cm<\/li>\n<li>L\u00e6ngde: 96 cm<\/li>\n<li>Bredde: 18 cm<\/li>\n<\/ul>\n<p><strong>Materialer:<\/strong><\/p>\n<p>Dette s\u00e6t leveres med et solidt tr\u00e6skrog, der giver modellen en autentisk fornemmelse og et autentisk udseende.<\/p>\n<p><strong>Historie:<\/strong><\/p>\n<p>M\/S Mercantic blev bygget i 1964 af H. C. Christensens St\u00e5lskibsv\u00e6rft i Marstal, Danmark. Skibet blev bestilt af Per Henriksen og var det f\u00f8rste skib for Mercandia-rederierne. M\/S Mercantic blev solgt og omd\u00f8bt flere gange, og i 2004 blev det solgt til Wade Group, Portsmouth, Den Dominikanske Republik og omd\u00f8bt til 'Love Divine'. Skibet gik p\u00e5 grund den 22. august 2012 i De Vestindiske \u00d8er.<\/p>\n<p>Med dette s\u00e6t kan du genopleve et stykke s\u00f8fartshistorie og skabe din egen model af dette ikoniske skib. Uanset om du er modelentusiast eller bare er p\u00e5 udkig efter en ny hobby, vil dette skibsmodels\u00e6t i tr\u00e6 give dig timevis af kreativ sjov.<\/p>\n<p><strong>Book nu<\/strong> og start dit n\u00e6ste modelprojekt med 1:50 Mercantic med tr\u00e6huller.<\/p>","protected":false},"excerpt":{"rendered":"<p>Bygges\u00e6t til 1:50 Mercantic med tr\u00e6skrog, en detaljeret skalamodel af det traditionelle fragtskib fra 1960'erne. Perfekt til b\u00e5de begyndere og erfarne modelbyggere.<\/p>","protected":false},"featured_media":8226,"comment_status":"open","ping_status":"closed","template":"","meta":[],"product_brand":[96],"product_cat":[53],"product_tag":[],"class_list":{"0":"post-8227","1":"product","2":"type-product","3":"status-publish","4":"has-post-thumbnail","6":"product_brand-billing-boats","7":"product_cat-bater-billing-boats","9":"first","10":"instock","11":"taxable","12":"shipping-taxable","13":"purchasable","14":"product-type-simple"},"_links":{"self":[{"href":"https:\/\/bigfunhobby.com\/da\/wp-json\/wp\/v2\/product\/8227","targetHints":{"allow":["GET"]}}],"collection":[{"href":"https:\/\/bigfunhobby.com\/da\/wp-json\/wp\/v2\/product"}],"about":[{"href":"https:\/\/bigfunhobby.com\/da\/wp-json\/wp\/v2\/types\/product"}],"replies":[{"embeddable":true,"href":"https:\/\/bigfunhobby.com\/da\/wp-json\/wp\/v2\/comments?post=8227"}],"wp:featuredmedia":[{"embeddable":true,"href":"https:\/\/bigfunhobby.com\/da\/wp-json\/wp\/v2\/media\/8226"}],"wp:attachment":[{"href":"https:\/\/bigfunhobby.com\/da\/wp-json\/wp\/v2\/media?parent=8227"}],"wp:term":[{"taxonomy":"product_brand","embeddable":true,"href":"https:\/\/bigfunhobby.com\/da\/wp-json\/wp\/v2\/product_brand?post=8227"},{"taxonomy":"product_cat","embeddable":true,"href":"https:\/\/bigfunhobby.com\/da\/wp-json\/wp\/v2\/product_cat?post=8227"},{"taxonomy":"product_tag","embeddable":true,"href":"https:\/\/bigfunhobby.com\/da\/wp-json\/wp\/v2\/product_tag?post=8227"}],"curies":[{"name":"wp","href":"https:\/\/api.w.org\/{rel}","templated":true}]}}