{"id":8229,"date":"2025-03-08T17:15:44","date_gmt":"2025-03-08T17:15:44","guid":{"rendered":"https:\/\/bigfunhobby.com\/butikk\/adler\/"},"modified":"2026-03-03T12:26:14","modified_gmt":"2026-03-03T10:26:14","slug":"adler","status":"publish","type":"product","link":"https:\/\/bigfunhobby.com\/da\/butikk\/adler\/","title":{"rendered":"\u00f8rn"},"content":{"rendered":"<p>Bli kjent med Adler, en perle innen modelljernbane-verdenen. Dette byggesettet er i skala 1:24 og gir deg muligheten til \u00e5 oppleve gleden ved \u00e5 bygge din egen modell av en historisk jernbane.<\/p>\n<p><strong>Specifikationer:<\/strong><\/p>\n<ul>\n<li>M\u00e5lestok: 1:24<\/li>\n<li>Lengde: 330 mm<\/li>\n<li>Bredde: 80 mm<\/li>\n<li>H\u00f8jde: 180 mm<\/li>\n<li>Vanskelighetsgrad: medium<\/li>\n<\/ul>\n<p>Dette byggesettet inkluderer en modell av et lokomotiv som opprinnelig ble produsert av Robert Stephenson &#038; Co. i Newcastle. Dette lokomotivet ble fraktet i deler fra Newcastle til Rotterdam, og derfra opp Rhinen til K\u00f6ln. Fra K\u00f6ln ble den transportert over land med stor vanskelighet til N\u00fcrnberg, hvor den ble satt sammen igjen.<\/p>\n<p>Lokomotivet og vognene ble bygget av tre av lokale h\u00e5ndverkere. Den 7. desember 1835 fullf\u00f8rte Adler sin f\u00f8rste reise fra F\u00fcrth til N\u00fcrnberg, langs en linje som m\u00e5lte 6,04 km i lengde.<\/p>\n<p>Med Adler byggesettet vil du trinn for trinn l\u00e6re hvordan du setter sammen en modell med alle detaljene fra den opprinnelige vognen. Vi inviterer deg til \u00e5 la deg rive med og sette opp et rom for kreativ fritid hvor du kan nyte denne fantastiske modelljernbanen.<\/p>\n<p>Denne modellen er et flott startpunkt for de som er nye innen modelljernbanebygging. La din interesse for modelljernbane, skalamodeller og modellbygging ta av med Adler byggesettet. <\/p>\n<p>Ikke vent, start din modelljernbane-reise i dag. <strong>Bestill Adler byggesettet n\u00e5.<\/strong><\/p>","protected":false},"excerpt":{"rendered":"<p>Utforsk bygging av modelljernbane med Adler, et medium vanskelighetsgrad byggesett i skala 1:24. Perfekt for b\u00e5de nybegynnere og erfarne entusiaster.<\/p>","protected":false},"featured_media":8228,"comment_status":"open","ping_status":"closed","template":"","meta":[],"product_brand":[95],"product_cat":[68],"product_tag":[],"class_list":{"0":"post-8229","1":"product","2":"type-product","3":"status-publish","4":"has-post-thumbnail","6":"product_brand-occre","7":"product_cat-togtrikk-occre","9":"first","10":"instock","11":"taxable","12":"shipping-taxable","13":"purchasable","14":"product-type-simple"},"_links":{"self":[{"href":"https:\/\/bigfunhobby.com\/da\/wp-json\/wp\/v2\/product\/8229","targetHints":{"allow":["GET"]}}],"collection":[{"href":"https:\/\/bigfunhobby.com\/da\/wp-json\/wp\/v2\/product"}],"about":[{"href":"https:\/\/bigfunhobby.com\/da\/wp-json\/wp\/v2\/types\/product"}],"replies":[{"embeddable":true,"href":"https:\/\/bigfunhobby.com\/da\/wp-json\/wp\/v2\/comments?post=8229"}],"wp:featuredmedia":[{"embeddable":true,"href":"https:\/\/bigfunhobby.com\/da\/wp-json\/wp\/v2\/media\/8228"}],"wp:attachment":[{"href":"https:\/\/bigfunhobby.com\/da\/wp-json\/wp\/v2\/media?parent=8229"}],"wp:term":[{"taxonomy":"product_brand","embeddable":true,"href":"https:\/\/bigfunhobby.com\/da\/wp-json\/wp\/v2\/product_brand?post=8229"},{"taxonomy":"product_cat","embeddable":true,"href":"https:\/\/bigfunhobby.com\/da\/wp-json\/wp\/v2\/product_cat?post=8229"},{"taxonomy":"product_tag","embeddable":true,"href":"https:\/\/bigfunhobby.com\/da\/wp-json\/wp\/v2\/product_tag?post=8229"}],"curies":[{"name":"wp","href":"https:\/\/api.w.org\/{rel}","templated":true}]}}