{"id":8231,"date":"2025-03-08T17:15:45","date_gmt":"2025-03-08T17:15:45","guid":{"rendered":"https:\/\/bigfunhobby.com\/butikk\/hercules-tugboat\/"},"modified":"2026-03-03T12:26:14","modified_gmt":"2026-03-03T10:26:14","slug":"hercules-tugboat","status":"publish","type":"product","link":"https:\/\/bigfunhobby.com\/da\/butikk\/hercules-tugboat\/","title":{"rendered":"Hercules sl\u00e6beb\u00e5d"},"content":{"rendered":"<h2>Hercules Taub\u00e5t Byggesett<\/h2>\n<p>Dette er et byggesett for deg som elsker modellbygging og historiske skip. Hercules Taub\u00e5t er et realistisk byggesett som gir deg muligheten til \u00e5 bygge en detaljert skalamodell av det historiske dampskipet fra 1907.<\/p>\n<h2>Hercules Taub\u00e5t modellfunksjoner<\/h2>\n<ul>\n<li>Mulighet for \u00e5 lyse opp modellen med LED-lyssett (Ref. 55010).<\/li>\n<li>\u00c5pninger p\u00e5 dekk for tilgang til fjernstyring og motoriseringsmekanismer.<\/li>\n<li>Ekstremt realistisk st\u00f8ping.<\/li>\n<li>Trinn-for-trinn videoveiledninger.<\/li>\n<li>Instruksjoner p\u00e5 5 spr\u00e5k, inkludert norsk.<\/li>\n<li>HD-bilder trinn for trinn.<\/li>\n<li>En deliste med m\u00e5l og materialer.<\/li>\n<li>Identifikasjonsskjema for deler.<\/li>\n<li>Skala planer.<\/li>\n<li>H\u00f8ykvalitets modell.<\/li>\n<li>Livstidsgaranti.<\/li>\n<\/ul>\n<h2>Hercules Taub\u00e5ts Historie<\/h2>\n<p>Hercules er et dampdrevet taub\u00e5t bygget i 1907 for San Francisco Shipowners og Merchants Tug Company. I l\u00f8pet av f\u00f8rste del av sitt liv ble Hercules brukt som et havtaub\u00e5t. Hercules har en rik historie, inkludert \u00e5 slepe lasteskip langs kysten, transportere utstyr for byggingen av Panamakanalen, og til og med en n\u00e6r katastrofe med slagskipet Oklahoma.<\/p>\n<h2>Specifikationer<\/h2>\n<p>Skala: 1\/50<br \/>Bredde: 163mm<br \/>H\u00f8yde: 420mm<br \/>Lengde: 915mm<\/p>\n<p>Dette er det perfekte byggesett for voksne som har interesse for modellbygging og historiske skip. Gj\u00f8r deg klar til \u00e5 ta en reise tilbake i tid og oppleve en del av maritim historie. S\u00e5 hva venter du p\u00e5? Start din modellbyggingsreise med Hercules Taub\u00e5t byggesett i dag!<\/p>","protected":false},"excerpt":{"rendered":"<p>Opplev en autentisk modellbyggingsopplevelse med Hercules Taub\u00e5t byggesett. En detaljert og h\u00f8ykvalitets treskipsmodell med mulighet for belysning og fjernstyring.<\/p>","protected":false},"featured_media":8230,"comment_status":"open","ping_status":"closed","template":"","meta":[],"product_brand":[95],"product_cat":[67],"product_tag":[],"class_list":{"0":"post-8231","1":"product","2":"type-product","3":"status-publish","4":"has-post-thumbnail","6":"product_brand-occre","7":"product_cat-bater-occre","9":"first","10":"instock","11":"taxable","12":"shipping-taxable","13":"purchasable","14":"product-type-simple"},"_links":{"self":[{"href":"https:\/\/bigfunhobby.com\/da\/wp-json\/wp\/v2\/product\/8231","targetHints":{"allow":["GET"]}}],"collection":[{"href":"https:\/\/bigfunhobby.com\/da\/wp-json\/wp\/v2\/product"}],"about":[{"href":"https:\/\/bigfunhobby.com\/da\/wp-json\/wp\/v2\/types\/product"}],"replies":[{"embeddable":true,"href":"https:\/\/bigfunhobby.com\/da\/wp-json\/wp\/v2\/comments?post=8231"}],"wp:featuredmedia":[{"embeddable":true,"href":"https:\/\/bigfunhobby.com\/da\/wp-json\/wp\/v2\/media\/8230"}],"wp:attachment":[{"href":"https:\/\/bigfunhobby.com\/da\/wp-json\/wp\/v2\/media?parent=8231"}],"wp:term":[{"taxonomy":"product_brand","embeddable":true,"href":"https:\/\/bigfunhobby.com\/da\/wp-json\/wp\/v2\/product_brand?post=8231"},{"taxonomy":"product_cat","embeddable":true,"href":"https:\/\/bigfunhobby.com\/da\/wp-json\/wp\/v2\/product_cat?post=8231"},{"taxonomy":"product_tag","embeddable":true,"href":"https:\/\/bigfunhobby.com\/da\/wp-json\/wp\/v2\/product_tag?post=8231"}],"curies":[{"name":"wp","href":"https:\/\/api.w.org\/{rel}","templated":true}]}}