{"id":8233,"date":"2025-03-08T17:15:46","date_gmt":"2025-03-08T17:15:46","guid":{"rendered":"https:\/\/bigfunhobby.com\/butikk\/occre-workshop-cabinet\/"},"modified":"2026-03-03T12:26:14","modified_gmt":"2026-03-03T10:26:14","slug":"occre-vaerkstedsskab","status":"publish","type":"product","link":"https:\/\/bigfunhobby.com\/da\/butikk\/occre-workshop-cabinet\/","title":{"rendered":"OcCre - V\u00e6rkstedsskab"},"content":{"rendered":"<p>Til alle modelbygningsentusiaster pr\u00e6senterer vi OcCre - Workshop Cabinet. Det er et uundv\u00e6rligt element i processen med at samle og udstyre en model, uanset om du bygger en tr\u00e6skibsmodel, en plastikmodel, en modeljernbane eller en fjernstyret bil. <\/p>\n<p>V\u00e6rkstedsskabet giver dig mulighed for at opbevare alt dit v\u00e6rkt\u00f8j sammen med din model p\u00e5 et p\u00e6nt og kompakt sted. Det er ideelt til at holde dit arbejdsomr\u00e5de organiseret og effektivt. <\/p>\n<p>I vores bygges\u00e6t finder du alle tr\u00e6komponenterne, der er sk\u00e5ret ud og klar til at blive samlet i dit eget v\u00e6rksted. S\u00e6ttet indeholder ogs\u00e5 rumopdelte plastskuffer til at organisere og opbevare modellens dele.<\/p>\n<ul>\n<li>Alle komponenter leveres uf\u00e6rdige, klar til din egen tilpasning.<\/li>\n<li>S\u00e6ttet indeholder ikke v\u00e6rkt\u00f8j eller maling.<\/li>\n<li>Meget velegnet til alle typer modellering, fra jernbane og skibsfart til sporvogns- og flymodeller.<\/li>\n<\/ul>\n<p>At bygge sit eget v\u00e6rkstedsskab kan v\u00e6re lige s\u00e5 givende som at bygge selve modellerne. Det giver dig et praktisk og personligt rum til at arbejde og opbevare v\u00e6rkt\u00f8j, skalamodeller og tilbeh\u00f8r. <\/p>\n<p>Nu er det tid til at tage din modelbygning til det n\u00e6ste niveau med et organiseret arbejdsomr\u00e5de. Bestil dit Workshop Cabinet-s\u00e6t i dag, og oplev den forskel, det g\u00f8r for din modelbygningshobby.<\/p>","protected":false},"excerpt":{"rendered":"<p>OcCre - Workshop Cabinet er et uundv\u00e6rligt v\u00e6rkt\u00f8j for modelbyggere, da det giver en organiseret og kompakt plads til opbevaring af v\u00e6rkt\u00f8j og modelkomponenter.<\/p>","protected":false},"featured_media":8232,"comment_status":"open","ping_status":"closed","template":"","meta":[],"product_brand":[95],"product_cat":[58],"product_tag":[],"class_list":{"0":"post-8233","1":"product","2":"type-product","3":"status-publish","4":"has-post-thumbnail","6":"product_brand-occre","7":"product_cat-verktoy","9":"first","10":"instock","11":"taxable","12":"shipping-taxable","13":"purchasable","14":"product-type-simple"},"_links":{"self":[{"href":"https:\/\/bigfunhobby.com\/da\/wp-json\/wp\/v2\/product\/8233","targetHints":{"allow":["GET"]}}],"collection":[{"href":"https:\/\/bigfunhobby.com\/da\/wp-json\/wp\/v2\/product"}],"about":[{"href":"https:\/\/bigfunhobby.com\/da\/wp-json\/wp\/v2\/types\/product"}],"replies":[{"embeddable":true,"href":"https:\/\/bigfunhobby.com\/da\/wp-json\/wp\/v2\/comments?post=8233"}],"wp:featuredmedia":[{"embeddable":true,"href":"https:\/\/bigfunhobby.com\/da\/wp-json\/wp\/v2\/media\/8232"}],"wp:attachment":[{"href":"https:\/\/bigfunhobby.com\/da\/wp-json\/wp\/v2\/media?parent=8233"}],"wp:term":[{"taxonomy":"product_brand","embeddable":true,"href":"https:\/\/bigfunhobby.com\/da\/wp-json\/wp\/v2\/product_brand?post=8233"},{"taxonomy":"product_cat","embeddable":true,"href":"https:\/\/bigfunhobby.com\/da\/wp-json\/wp\/v2\/product_cat?post=8233"},{"taxonomy":"product_tag","embeddable":true,"href":"https:\/\/bigfunhobby.com\/da\/wp-json\/wp\/v2\/product_tag?post=8233"}],"curies":[{"name":"wp","href":"https:\/\/api.w.org\/{rel}","templated":true}]}}