{"id":8241,"date":"2025-03-08T17:15:48","date_gmt":"2025-03-08T17:15:48","guid":{"rendered":"https:\/\/bigfunhobby.com\/butikk\/hms-victory\/"},"modified":"2025-12-04T10:59:47","modified_gmt":"2025-12-04T08:59:47","slug":"hms-sejr","status":"publish","type":"product","link":"https:\/\/bigfunhobby.com\/da\/butikk\/hms-victory\/","title":{"rendered":"PR001 - HMS Victory"},"content":{"rendered":"<p>Vi har forn\u00f8jelsen af at pr\u00e6sentere HMS Victory, et unikt skibsmodels\u00e6t i tr\u00e6 fra OcCre. Det er et begr\u00e6nset oplag, som kun er produceret i 999 eksemplarer p\u00e5 verdensplan. Hver enhed er nummereret, hvilket garanterer en unik tilf\u00f8jelse til din samling. Dette er en hyldest til historien, som kun f\u00e5 vil eje.<\/p>\n<p>HMS Victory er resultatet af mere end to \u00e5rs udvikling af OcCres dygtige h\u00e5ndv\u00e6rkere. Denne model leveres med officiel certificering fra <a href=\"https:\/\/www.nmrn.org.uk\/visit-us\/portsmouth-historic-dockyard\/hms-victory\" target=\"_blank\" rel=\"noopener\"><span>Nationalmuseet for den kongelige fl\u00e5de<\/span><\/a>.<\/p>\n<h2>Specifikationer<\/h2>\n<p>M\u00e5lestok: 1\/87, Bredde: 406mm, H\u00f8jde: 785mm, L\u00e6ngde: 1172mm<\/p>\n<h2>Materialer<\/h2>\n<ul>\n<li>Massiv eg<\/li>\n<li>Mahogni<\/li>\n<li>Bomuld til sejlene<\/li>\n<li>Detaljer af st\u00f8begods og messing<\/li>\n<\/ul>\n<h2>Vores historie<\/h2>\n<p>HMS Victory er et britisk linjeskib, der er kendt for sin deltagelse i slaget ved Trafalgar i 1805 som admiral Horatio Nelsons flagskib. P\u00e5 det tidspunkt var det det st\u00f8rste skib i den britiske Royal Navy. I dag er Victory fortsat flagskib for den britiske fl\u00e5des Second Sea Lord, en \u00e6re inden for den britiske Royal Navy.<\/p>\n<p>For mere detaljeret information, videoer osv. <a href=\"https:\/\/occre.com\/en\/products\/hms-victory-premium\" target=\"_blank\" rel=\"noopener\">OCCRE's sider for HMS Victory<\/a><\/p>\n<p>F\u00f8j denne eksklusive og historiske tr\u00e6skibsmodel til din samling. K\u00f8b HMS Victory nu!<\/p>","protected":false},"excerpt":{"rendered":"<p>HMS Victory er et eksklusivt bygges\u00e6t i tr\u00e6, en tro kopi af det historiske britiske skib. Det er et begr\u00e6nset oplag med kun 999 producerede enheder p\u00e5 verdensplan.<\/p>","protected":false},"featured_media":8240,"comment_status":"open","ping_status":"closed","template":"","meta":[],"product_brand":[95],"product_cat":[67],"product_tag":[],"class_list":{"0":"post-8241","1":"product","2":"type-product","3":"status-publish","4":"has-post-thumbnail","6":"product_brand-occre","7":"product_cat-bater-occre","9":"first","10":"outofstock","11":"taxable","12":"shipping-taxable","13":"purchasable","14":"product-type-simple"},"_links":{"self":[{"href":"https:\/\/bigfunhobby.com\/da\/wp-json\/wp\/v2\/product\/8241","targetHints":{"allow":["GET"]}}],"collection":[{"href":"https:\/\/bigfunhobby.com\/da\/wp-json\/wp\/v2\/product"}],"about":[{"href":"https:\/\/bigfunhobby.com\/da\/wp-json\/wp\/v2\/types\/product"}],"replies":[{"embeddable":true,"href":"https:\/\/bigfunhobby.com\/da\/wp-json\/wp\/v2\/comments?post=8241"}],"wp:featuredmedia":[{"embeddable":true,"href":"https:\/\/bigfunhobby.com\/da\/wp-json\/wp\/v2\/media\/8240"}],"wp:attachment":[{"href":"https:\/\/bigfunhobby.com\/da\/wp-json\/wp\/v2\/media?parent=8241"}],"wp:term":[{"taxonomy":"product_brand","embeddable":true,"href":"https:\/\/bigfunhobby.com\/da\/wp-json\/wp\/v2\/product_brand?post=8241"},{"taxonomy":"product_cat","embeddable":true,"href":"https:\/\/bigfunhobby.com\/da\/wp-json\/wp\/v2\/product_cat?post=8241"},{"taxonomy":"product_tag","embeddable":true,"href":"https:\/\/bigfunhobby.com\/da\/wp-json\/wp\/v2\/product_tag?post=8241"}],"curies":[{"name":"wp","href":"https:\/\/api.w.org\/{rel}","templated":true}]}}