{"id":8247,"date":"2025-03-08T17:15:49","date_gmt":"2025-03-08T17:15:49","guid":{"rendered":"https:\/\/bigfunhobby.com\/butikk\/uhu-uhu-universal-lim-35ml\/"},"modified":"2025-12-04T10:59:47","modified_gmt":"2025-12-04T08:59:47","slug":"uhu-uhu-universallim-35ml","status":"publish","type":"product","link":"https:\/\/bigfunhobby.com\/da\/butikk\/uhu-uhu-universal-lim-35ml\/","title":{"rendered":"UHU Uhu universallim 35 ml"},"content":{"rendered":"<p>UHU universallim er et produkt af h\u00f8j kvalitet, som er uundv\u00e6rligt for enhver modelbygger, uanset erfaring. Denne universallim kan bruges p\u00e5 en r\u00e6kke forskellige materialer, hvilket g\u00f8r den til et fremragende valg til alle dine modelleringsbehov. <\/p>\n<ul>\n<li><strong>Effektivitet:<\/strong> UHU universallim har en kraftig kl\u00e6beeffekt, der sikrer, at dine dele passer godt sammen.<\/li>\n<li><strong>Alsidighed:<\/strong> Dette produkt kan bruges p\u00e5 en r\u00e6kke forskellige materialer, herunder tr\u00e6 til skibsmodeller af tr\u00e6, plast til plastmodeller og meget mere.<\/li>\n<li><strong>Praktisk:<\/strong> Med en st\u00f8rrelse p\u00e5 35 ml er denne lim nem at h\u00e5ndtere og giver dig nok produkt til flere projekter.<\/li>\n<\/ul>\n<p>UHU er et veletableret m\u00e6rke, der er kendt for at lave lim af h\u00f8j kvalitet. Denne universallim forts\u00e6tter denne tradition ved at tilbyde et p\u00e5lideligt og effektivt produkt, der er velegnet til alle typer modelbyggeri, uanset om det er tr\u00e6skibsmodeller, plastmodeller eller modeljernbaner. <\/p>\n<p>Du har nu mulighed for at tage din modellering til det n\u00e6ste niveau med UHU universallim. Vent ikke, g\u00f8r din modellering nemmere og mere effektiv ved at <a href='#'>Bestil UHU universalkl\u00e6ber nu<\/a>.<\/p>","protected":false},"excerpt":{"rendered":"<p>UHU universallim er et effektivt kl\u00e6bemiddel, der kan bruges p\u00e5 en lang r\u00e6kke materialer, perfekt til b\u00e5de begyndere og erfarne modelbyggere.<\/p>","protected":false},"featured_media":8246,"comment_status":"open","ping_status":"closed","template":"","meta":[],"product_brand":[],"product_cat":[58],"product_tag":[],"class_list":{"0":"post-8247","1":"product","2":"type-product","3":"status-publish","4":"has-post-thumbnail","6":"product_cat-verktoy","8":"first","9":"instock","10":"taxable","11":"shipping-taxable","12":"purchasable","13":"product-type-simple"},"_links":{"self":[{"href":"https:\/\/bigfunhobby.com\/da\/wp-json\/wp\/v2\/product\/8247","targetHints":{"allow":["GET"]}}],"collection":[{"href":"https:\/\/bigfunhobby.com\/da\/wp-json\/wp\/v2\/product"}],"about":[{"href":"https:\/\/bigfunhobby.com\/da\/wp-json\/wp\/v2\/types\/product"}],"replies":[{"embeddable":true,"href":"https:\/\/bigfunhobby.com\/da\/wp-json\/wp\/v2\/comments?post=8247"}],"wp:featuredmedia":[{"embeddable":true,"href":"https:\/\/bigfunhobby.com\/da\/wp-json\/wp\/v2\/media\/8246"}],"wp:attachment":[{"href":"https:\/\/bigfunhobby.com\/da\/wp-json\/wp\/v2\/media?parent=8247"}],"wp:term":[{"taxonomy":"product_brand","embeddable":true,"href":"https:\/\/bigfunhobby.com\/da\/wp-json\/wp\/v2\/product_brand?post=8247"},{"taxonomy":"product_cat","embeddable":true,"href":"https:\/\/bigfunhobby.com\/da\/wp-json\/wp\/v2\/product_cat?post=8247"},{"taxonomy":"product_tag","embeddable":true,"href":"https:\/\/bigfunhobby.com\/da\/wp-json\/wp\/v2\/product_tag?post=8247"}],"curies":[{"name":"wp","href":"https:\/\/api.w.org\/{rel}","templated":true}]}}