{"id":8257,"date":"2025-03-08T17:15:51","date_gmt":"2025-03-08T17:15:51","guid":{"rendered":"https:\/\/bigfunhobby.com\/butikk\/gauge-h0-branch-line-with-a-class-24-digital-starter-set-article-no-29244\/"},"modified":"2025-12-04T10:59:48","modified_gmt":"2025-12-04T08:59:48","slug":"sporvidde-h0-grenbane-med-klasse-24-digitalt-startsaet-artikel-nr-29244","status":"publish","type":"product","link":"https:\/\/bigfunhobby.com\/da\/butikk\/gauge-h0-branch-line-with-a-class-24-digital-starter-set-article-no-29244\/","title":{"rendered":"Sporvidde H0 - \"Forgrening med en klasse 24\" Digitalt starts\u00e6t Artikel nr. 29244"},"content":{"rendered":"<p>Dette digitale modeljernbanestarts\u00e6t, 'Branch Line with a Class 24', er en autentisk skalamodel af en tysk grenbane. S\u00e6ttet er perfekt til b\u00e5de begyndere og erfarne modeljernbaneentusiaster og er en ideel introduktion til den digitale M\u00e4rklin H0-verden.<\/p>\n<p><strong>Specifikationer:<\/strong><\/p>\n<p>Damplokomotivet af klasse 24 leveres med tender og inkluderer Wagner-r\u00f8gskjolde. Toget best\u00e5r af en type ABiwe standarddesign 'Donnerb\u00fcchse' \/ 'Thunder Box'-vogn, 1.\/2. klasse, og to type Bie standarddesign 'Donnerb\u00fcchse' \/ 'Thunder Box'-vogne, 2. klasse. L\u00f8be- og k\u00f8rselsudstyret er lavet af metal, og en r\u00f8ganordning (72270) er installeret p\u00e5 fabrikken. Der er ogs\u00e5 en s\u00e6rlig motor monteret i kedlen. Tre aksler er drevne og har friktionsd\u00e6k. Togets l\u00e6ngde er 67,4 cm \/ 26-1\/2\u2032.<\/p>\n<p><strong>Funktioner:<\/strong><\/p>\n<p>Lokomotivet har en digital mfx-dekoder og omfattende lydfunktioner. De tredobbelte forlygter skifter med k\u00f8rselsretningen og kan styres digitalt. Lysene er varmhvide LED-lys. Der er ogs\u00e5 en t\u00e6t kobling med en kontrolmekanisme mellem lokomotiv og tender.<\/p>\n<p><strong>C Sporlayout:<\/strong><\/p>\n<p>S\u00e6ttet indeholder 12 stk. 24130 buede skinner, 4 stk. 24172 lige skinner og 4 stk. 24188 lige skinner. Desuden medf\u00f8lger en sportilslutningsboks, en 230 volt \/ 36 VA str\u00f8mforsyning og en mobilstation. En illustreret instruktionsbog med mange tips og ideer er ogs\u00e5 inkluderet i s\u00e6ttet. S\u00e6ttet kan udvides med C Track-udvidelsess\u00e6ttene og med hele C Track-programmet.<\/p>\n<p><strong>Historie:<\/strong><\/p>\n<p>Dette tog er en typisk sidebane fra \u00e6ra III.<\/p>\n<p>Udforsk den sp\u00e6ndende verden af modeljernbaner med dette omfattende starts\u00e6t. Perfekt til entusiastiske byggere, der \u00f8nsker at udvide deres samling, eller til begyndere, der leder efter et ideelt udgangspunkt. <strong>Bestil dit 'Branch Line with a Class 24'-startkit nu<\/strong>.<\/p>","protected":false},"excerpt":{"rendered":"<p>Digitalt starts\u00e6t til modeljernbane - 'Grenbane med klasse 24'. En autentisk skalamodel af en tysk grenbane med et damplokomotiv, komplet med indbygget r\u00f8ganl\u00e6g og omfattende lydfunktioner.<\/p>","protected":false},"featured_media":8256,"comment_status":"open","ping_status":"closed","template":"","meta":[],"product_brand":[107],"product_cat":[72,113],"product_tag":[],"class_list":{"0":"post-8257","1":"product","2":"type-product","3":"status-publish","4":"has-post-thumbnail","6":"product_brand-marklin","7":"product_cat-marklin-h0-originalen","8":"product_cat-startersets","10":"first","11":"instock","12":"taxable","13":"shipping-taxable","14":"purchasable","15":"product-type-simple"},"_links":{"self":[{"href":"https:\/\/bigfunhobby.com\/da\/wp-json\/wp\/v2\/product\/8257","targetHints":{"allow":["GET"]}}],"collection":[{"href":"https:\/\/bigfunhobby.com\/da\/wp-json\/wp\/v2\/product"}],"about":[{"href":"https:\/\/bigfunhobby.com\/da\/wp-json\/wp\/v2\/types\/product"}],"replies":[{"embeddable":true,"href":"https:\/\/bigfunhobby.com\/da\/wp-json\/wp\/v2\/comments?post=8257"}],"wp:featuredmedia":[{"embeddable":true,"href":"https:\/\/bigfunhobby.com\/da\/wp-json\/wp\/v2\/media\/8256"}],"wp:attachment":[{"href":"https:\/\/bigfunhobby.com\/da\/wp-json\/wp\/v2\/media?parent=8257"}],"wp:term":[{"taxonomy":"product_brand","embeddable":true,"href":"https:\/\/bigfunhobby.com\/da\/wp-json\/wp\/v2\/product_brand?post=8257"},{"taxonomy":"product_cat","embeddable":true,"href":"https:\/\/bigfunhobby.com\/da\/wp-json\/wp\/v2\/product_cat?post=8257"},{"taxonomy":"product_tag","embeddable":true,"href":"https:\/\/bigfunhobby.com\/da\/wp-json\/wp\/v2\/product_tag?post=8257"}],"curies":[{"name":"wp","href":"https:\/\/api.w.org\/{rel}","templated":true}]}}