{"id":8259,"date":"2025-03-08T17:15:52","date_gmt":"2025-03-08T17:15:52","guid":{"rendered":"https:\/\/bigfunhobby.com\/butikk\/gauge-h0-article-no-29464-belgian-freight-train-with-a-class-8000-digital-starter-set\/"},"modified":"2025-12-04T10:59:48","modified_gmt":"2025-12-04T08:59:48","slug":"sporvidde-h0-varenr-29464-belgisk-godstog-med-et-klasse-8000-digitalt-startsaet","status":"publish","type":"product","link":"https:\/\/bigfunhobby.com\/da\/butikk\/gauge-h0-article-no-29464-belgian-freight-train-with-a-class-8000-digital-starter-set\/","title":{"rendered":"Sporvidde H0 Artikel nr.: 29464 Belgisk godstog med et digitalt starts\u00e6t af typen \"Class 8000"},"content":{"rendered":"<p>Dette er et komplet modeljernbanestarts\u00e6t, der tager dig med til Belgien i overgangsperioden mellem epoke III og IV. S\u00e6ttet indeholder et DHG 700-diesellokomotiv fra de belgiske statsbaner (SNCB\/NMBS), ogs\u00e5 kendt som klasse 8000, samt en r\u00e6kv\u00e6rkvogn, en tankvogn og en kassevogn. S\u00e6ttet er i skala H0 (1:87) og giver en autentisk og realistisk oplevelse af at bygge modeljernbaner.<\/p>\n<p><strong>Specifikationer<\/strong><\/p>\n<ul>\n<li>Lokomotivet er udstyret med en indbygget digital mfx-dekoder og en r\u00e6kke lydfunktioner, der giver en mere realistisk oplevelse.<\/li>\n<li>Lokomotivet har tre forlygter, der skifter med k\u00f8rselsretningen, og kan styres b\u00e5de manuelt og digitalt.<\/li>\n<li>Et blinkende lys p\u00e5 f\u00f8rerhuset kan ogs\u00e5 styres digitalt.<\/li>\n<li>Lokomotivet har kroge til nem tilkobling af vognene.<\/li>\n<li>Togs\u00e6ttets samlede l\u00e6ngde er ca. 49,9 cm.<\/li>\n<\/ul>\n<p>S\u00e6ttet indeholder ogs\u00e5 12 24130 buede skinner, 4 24172 lige skinner og 4 24188 lige skinner samt en skinneforbindelsesboks, en 230 volt \/ 36 VA str\u00f8mforsyning og en mobilstation. Det giver dig alt, hvad du beh\u00f8ver for at komme i gang med at bygge modeljernbaner.<\/p>\n<p><strong>K\u00f8b nu<\/strong><\/p>\n<p>Uanset om du er nybegynder eller garvet entusiast, er dette s\u00e6t den ideelle m\u00e5de at komme i gang med den digitale verden af modeljernbaner. Med dette s\u00e6t kan du nemt udvide dit C-skinneomr\u00e5de og hele dit C-skinneprogram. K\u00f8b dit starts\u00e6t her, og begynd at bygge din modeljernbane i dag!<\/p>","protected":false},"excerpt":{"rendered":"<p>Modeljernbanestarts\u00e6t med belgisk godslokomotiv klasse 8000 og tilh\u00f8rende vogne i skala H0, komplet med digitale funktioner til lys og lyd. Perfekt til b\u00e5de begyndere og erfarne entusiaster.<\/p>","protected":false},"featured_media":8258,"comment_status":"open","ping_status":"closed","template":"","meta":[],"product_brand":[107],"product_cat":[72,113],"product_tag":[],"class_list":{"0":"post-8259","1":"product","2":"type-product","3":"status-publish","4":"has-post-thumbnail","6":"product_brand-marklin","7":"product_cat-marklin-h0-originalen","8":"product_cat-startersets","10":"first","11":"instock","12":"taxable","13":"shipping-taxable","14":"purchasable","15":"product-type-simple"},"_links":{"self":[{"href":"https:\/\/bigfunhobby.com\/da\/wp-json\/wp\/v2\/product\/8259","targetHints":{"allow":["GET"]}}],"collection":[{"href":"https:\/\/bigfunhobby.com\/da\/wp-json\/wp\/v2\/product"}],"about":[{"href":"https:\/\/bigfunhobby.com\/da\/wp-json\/wp\/v2\/types\/product"}],"replies":[{"embeddable":true,"href":"https:\/\/bigfunhobby.com\/da\/wp-json\/wp\/v2\/comments?post=8259"}],"wp:featuredmedia":[{"embeddable":true,"href":"https:\/\/bigfunhobby.com\/da\/wp-json\/wp\/v2\/media\/8258"}],"wp:attachment":[{"href":"https:\/\/bigfunhobby.com\/da\/wp-json\/wp\/v2\/media?parent=8259"}],"wp:term":[{"taxonomy":"product_brand","embeddable":true,"href":"https:\/\/bigfunhobby.com\/da\/wp-json\/wp\/v2\/product_brand?post=8259"},{"taxonomy":"product_cat","embeddable":true,"href":"https:\/\/bigfunhobby.com\/da\/wp-json\/wp\/v2\/product_cat?post=8259"},{"taxonomy":"product_tag","embeddable":true,"href":"https:\/\/bigfunhobby.com\/da\/wp-json\/wp\/v2\/product_tag?post=8259"}],"curies":[{"name":"wp","href":"https:\/\/api.w.org\/{rel}","templated":true}]}}