{"id":8261,"date":"2025-03-08T17:15:53","date_gmt":"2025-03-08T17:15:53","guid":{"rendered":"https:\/\/bigfunhobby.com\/butikk\/gauge-h0-article-no-29479-regional-express-digital-starter-set\/"},"modified":"2025-12-04T10:59:48","modified_gmt":"2025-12-04T08:59:48","slug":"gauge-h0-article-no-29479-regional-express-digital-starter-set","status":"publish","type":"product","link":"https:\/\/bigfunhobby.com\/da\/butikk\/gauge-h0-article-no-29479-regional-express-digital-starter-set\/","title":{"rendered":"Sporvidde H0 Artikel nr.: 29479 Regional Express\" digitalt starts\u00e6t"},"content":{"rendered":"<p>Dette digitale startsettet for modelljernbane i Gauge H0 er et h\u00f8ykvalitets byggesett for voksne som gir en autentisk modelljernbaneopplevelse. Det er et ideelt springbrett inn i den digitale verdenen av modelljernbanebygging.<\/p>\n<p><strong>Specifikationer:<\/strong> Settet inkluderer en tysk Railroad, Inc. (DB AG) klasse 245 dieselelektrisk lokomotiv og to toetasjers pendlertogvogner. Toget best\u00e5r av en DABza 756 toetasjers vogn for 1. og 2. klasse, og en DBza 751 toetasjers vogn for 2. klasse. Toget har en total lengde p\u00e5 75,3 cm.<\/p>\n<p><strong>Materialer:<\/strong> Lokomotivet er laget av metall og inneholder en mfx digital dekoder og kontrollerbare lydfunksjoner, samt vedlikeholdsfrie, varmhvite og r\u00f8de lysdioder. Vognene har tonede sidevinduer for en realistisk finish.<\/p>\n<p><strong>Historie:<\/strong> Dette modelltoget er basert p\u00e5 de moderne toetasjers pendlerbilene og lokomotivene klasse 245 som brukes av det tyske jernbaneselskapet DB AG. Disse kj\u00f8ret\u00f8yene er en vanlig syn p\u00e5 regionale ekspressruter i Tyskland.<\/p>\n<p>Settet inkluderer ogs\u00e5 12 nr. 24130 kurvede spor, 5 nr. 24188 rette spor, 7 nr. 24172 rette spor, 2 nr. 24224 kurvede spor og 1 par 24611 og 24612 veksler. En sporforbindelsesboks, en 36 VA \/ 230 volt str\u00f8mforsyning i brytermodus og en mobilstasjon er ogs\u00e5 inkludert. En illustrert instruksjonsmanual med mange tips og ideer er ogs\u00e5 inkludert for \u00e5 hjelpe deg med \u00e5 komme i gang med modelljernbanebyggingen.<\/p>\n<p>Utforsk den fascinerende verdenen av modelljernbane med dette omfattende byggesettet. Det er enkelt \u00e5 sette opp og kan utvides med C Track-utvidelsessett og med hele C Track-programmet. Det er tid for \u00e5 bringe dine modelljernbanedr\u00f8mmer til liv. <strong>Kj\u00f8p her og start ditt modelljernbaneeventyr i dag.<\/strong><\/p>","protected":false},"excerpt":{"rendered":"<p>Dette digitale startsettet for modelljernbane i Gauge H0 er perfekt for b\u00e5de nybegynnere og erfarne entusiaster. Settet inkluderer en klasse 245 dieselelektrisk lokomotiv og to toetasjers pendlertogvogner.<\/p>","protected":false},"featured_media":8260,"comment_status":"open","ping_status":"closed","template":"","meta":[],"product_brand":[107],"product_cat":[72,113],"product_tag":[],"class_list":{"0":"post-8261","1":"product","2":"type-product","3":"status-publish","4":"has-post-thumbnail","6":"product_brand-marklin","7":"product_cat-marklin-h0-originalen","8":"product_cat-startersets","10":"first","11":"outofstock","12":"taxable","13":"shipping-taxable","14":"purchasable","15":"product-type-simple"},"_links":{"self":[{"href":"https:\/\/bigfunhobby.com\/da\/wp-json\/wp\/v2\/product\/8261","targetHints":{"allow":["GET"]}}],"collection":[{"href":"https:\/\/bigfunhobby.com\/da\/wp-json\/wp\/v2\/product"}],"about":[{"href":"https:\/\/bigfunhobby.com\/da\/wp-json\/wp\/v2\/types\/product"}],"replies":[{"embeddable":true,"href":"https:\/\/bigfunhobby.com\/da\/wp-json\/wp\/v2\/comments?post=8261"}],"wp:featuredmedia":[{"embeddable":true,"href":"https:\/\/bigfunhobby.com\/da\/wp-json\/wp\/v2\/media\/8260"}],"wp:attachment":[{"href":"https:\/\/bigfunhobby.com\/da\/wp-json\/wp\/v2\/media?parent=8261"}],"wp:term":[{"taxonomy":"product_brand","embeddable":true,"href":"https:\/\/bigfunhobby.com\/da\/wp-json\/wp\/v2\/product_brand?post=8261"},{"taxonomy":"product_cat","embeddable":true,"href":"https:\/\/bigfunhobby.com\/da\/wp-json\/wp\/v2\/product_cat?post=8261"},{"taxonomy":"product_tag","embeddable":true,"href":"https:\/\/bigfunhobby.com\/da\/wp-json\/wp\/v2\/product_tag?post=8261"}],"curies":[{"name":"wp","href":"https:\/\/api.w.org\/{rel}","templated":true}]}}