{"id":8263,"date":"2025-03-08T17:15:53","date_gmt":"2025-03-08T17:15:53","guid":{"rendered":"https:\/\/bigfunhobby.com\/butikk\/revell-compressor-starter-class\/"},"modified":"2025-12-04T10:59:48","modified_gmt":"2025-12-04T08:59:48","slug":"revell-compressor-starter-class","status":"publish","type":"product","link":"https:\/\/bigfunhobby.com\/da\/butikk\/revell-compressor-starter-class\/","title":{"rendered":"REVELL Kompressor \"Startklasse\""},"content":{"rendered":"<p>\nBegynn modellbyggingsreisen din med REVELL Compressor &#8216;Starter Class&#8217;. Denne kompressoren er spesielt designet for nybegynnere i modellbygging, men er ogs\u00e5 et solid verkt\u00f8y for erfarne entusiaster. Med sin kompakte st\u00f8rrelse og b\u00e6reh\u00e5ndtak er den lett \u00e5 transportere og oppbevare.\n<\/p>\n<p>\nREVELL Compressor &#8216;Starter Class&#8217; er en oljefri stempelkompressor, noe som betyr at den er vedlikeholdsfri og sikrer ren luft til dine prosjekter. Den fungerer best med &#8216;starterklasse&#8217;-spr\u00f8ytepistolen, noe som gj\u00f8r den ideell for b\u00e5de plastmodellbygging og bygging av treskipsmodeller.\n<\/p>\n<ul>\n<li>Type: Oljefri stempelkompressor (220-240 V\/50 Hz\/90 W)<\/li>\n<li>Maksimalt trykk: ca. 3 bar<\/li>\n<li>Ydelse i liter luft: ca. 11,5 l\/min.<\/li>\n<li>St\u00f8yniv\u00e5: ca. 57 db<\/li>\n<li>Ekstrautstyr: Trykkregulator, b\u00e6reh\u00e5ndtak<\/li>\n<li>Tilslutninger: Montert som standard med tilslutning til slangen (38230) til &#8216;starterklasse&#8217; spr\u00f8ytepistolen. Merk: Slangen er ikke inkludert i settet.<\/li>\n<\/ul>\n<p>\nEnten du er ny i verden av modellbygging eller en erfaren entusiast, vil REVELL Compressor &#8216;Starter Class&#8217; hjelpe deg med \u00e5 ta hobbyen til nye h\u00f8yder. Det er et must-have verkt\u00f8y i ethvert modellbyggingsverksted.\n<\/p>\n<p>\nIkke vent med \u00e5 ta steget inn i modellbyggingens verden. Bestill din REVELL Compressor &#8216;Starter Class&#8217; i dag og oppdag en ny dimensjon av kreativitet og presisjon.<\/p>","protected":false},"excerpt":{"rendered":"<p>Oppdag REVELL Compressor &#8216;Starter Class&#8217;, en liten, b\u00e6rbar og oljefri stempelkompressor ideell for modellbyggingsentusiaster og nybegynnere.<\/p>","protected":false},"featured_media":8262,"comment_status":"open","ping_status":"closed","template":"","meta":[],"product_brand":[104],"product_cat":[61],"product_tag":[],"class_list":{"0":"post-8263","1":"product","2":"type-product","3":"status-publish","4":"has-post-thumbnail","6":"product_brand-revell","7":"product_cat-malingsproyter-og-utstyr","9":"first","10":"instock","11":"taxable","12":"shipping-taxable","13":"purchasable","14":"product-type-simple"},"_links":{"self":[{"href":"https:\/\/bigfunhobby.com\/da\/wp-json\/wp\/v2\/product\/8263","targetHints":{"allow":["GET"]}}],"collection":[{"href":"https:\/\/bigfunhobby.com\/da\/wp-json\/wp\/v2\/product"}],"about":[{"href":"https:\/\/bigfunhobby.com\/da\/wp-json\/wp\/v2\/types\/product"}],"replies":[{"embeddable":true,"href":"https:\/\/bigfunhobby.com\/da\/wp-json\/wp\/v2\/comments?post=8263"}],"wp:featuredmedia":[{"embeddable":true,"href":"https:\/\/bigfunhobby.com\/da\/wp-json\/wp\/v2\/media\/8262"}],"wp:attachment":[{"href":"https:\/\/bigfunhobby.com\/da\/wp-json\/wp\/v2\/media?parent=8263"}],"wp:term":[{"taxonomy":"product_brand","embeddable":true,"href":"https:\/\/bigfunhobby.com\/da\/wp-json\/wp\/v2\/product_brand?post=8263"},{"taxonomy":"product_cat","embeddable":true,"href":"https:\/\/bigfunhobby.com\/da\/wp-json\/wp\/v2\/product_cat?post=8263"},{"taxonomy":"product_tag","embeddable":true,"href":"https:\/\/bigfunhobby.com\/da\/wp-json\/wp\/v2\/product_tag?post=8263"}],"curies":[{"name":"wp","href":"https:\/\/api.w.org\/{rel}","templated":true}]}}