{"id":8265,"date":"2025-03-08T17:15:54","date_gmt":"2025-03-08T17:15:54","guid":{"rendered":"https:\/\/bigfunhobby.com\/butikk\/revell-new-basic-set-with-compressor\/"},"modified":"2025-12-04T10:59:48","modified_gmt":"2025-12-04T08:59:48","slug":"revell-new-basic-set-with-compressor","status":"publish","type":"product","link":"https:\/\/bigfunhobby.com\/da\/butikk\/revell-new-basic-set-with-compressor\/","title":{"rendered":"REVELL NEW Basiss\u00e6t med kompressor"},"content":{"rendered":"<p>Enten du er en erfaren modellbygger eller en nybegynner, vil REVELL NEW Basic Set med kompressor revolusjonere m\u00e5ten du arbeider p\u00e5. Dette settet gir deg alt du trenger for \u00e5 dykke inn i airbrush-teknikken, og setter deg i stand til \u00e5 gi modellene dine et autentisk og profesjonelt utseende.<\/p>\n<p>Settet inkluderer en moderne mini-kompressor i stilig Revell-design, samt en h\u00f8ykvalitets metalspr\u00f8ytepistol. Disse verkt\u00f8yene sikrer et konstant lufttrykk, noe som gir deg fullstendig kontroll over luftstr\u00f8mmen og malingen. Dette er en viktig egenskap for alle modellbyggere, enten du arbeider med plastmodeller, treskipsmodeller eller modelljernbane.<\/p>\n<p>Airbrush-teknikken er ideell for \u00e5 gi modellene dine et realistisk utseende. Ved \u00e5 kontrollere mengden maling som str\u00f8mmer ut av dysen, kan du skape en jevn og fin overflate p\u00e5 modellene dine. Dette er spesielt nyttig for nybegynnere, da systemet er enkelt \u00e5 bruke og krever minimalt med oppsett. Enkelthetsprinsippet gj\u00f8r at du bare trenger \u00e5 fokusere p\u00e5 \u00e5 kontrollere malingens mengde.<\/p>\n<p>REVELL NEW Basic Set med kompressor gir deg muligheten til \u00e5 oppn\u00e5 enest\u00e5ende resultater i modellbyggingen din. Uansett om du jobber med byggesett for voksne, skalamodeller eller fjernstyrte kj\u00f8ret\u00f8yer, vil dette settet gi deg den profesjonelle finishen du s\u00f8ker.<\/p>\n<p>S\u00e5 hvorfor vente? Ta modellbyggingen din til et helt nytt niv\u00e5 med REVELL NEW Basic Set med kompressor. Bestill ditt sett i dag og opplev forskjellen selv!<\/p>","protected":false},"excerpt":{"rendered":"<p>Ta modellbyggingen til et nytt niv\u00e5 med REVELL NEW Basic Set med kompressor. Ideelt for b\u00e5de nybegynnere og erfarne entusiaster som s\u00f8ker en \u00e6rlig reproduksjon av sine modeller.<\/p>","protected":false},"featured_media":8264,"comment_status":"open","ping_status":"closed","template":"","meta":[],"product_brand":[104],"product_cat":[61],"product_tag":[],"class_list":{"0":"post-8265","1":"product","2":"type-product","3":"status-publish","4":"has-post-thumbnail","6":"product_brand-revell","7":"product_cat-malingsproyter-og-utstyr","9":"first","10":"outofstock","11":"taxable","12":"shipping-taxable","13":"purchasable","14":"product-type-simple"},"_links":{"self":[{"href":"https:\/\/bigfunhobby.com\/da\/wp-json\/wp\/v2\/product\/8265","targetHints":{"allow":["GET"]}}],"collection":[{"href":"https:\/\/bigfunhobby.com\/da\/wp-json\/wp\/v2\/product"}],"about":[{"href":"https:\/\/bigfunhobby.com\/da\/wp-json\/wp\/v2\/types\/product"}],"replies":[{"embeddable":true,"href":"https:\/\/bigfunhobby.com\/da\/wp-json\/wp\/v2\/comments?post=8265"}],"wp:featuredmedia":[{"embeddable":true,"href":"https:\/\/bigfunhobby.com\/da\/wp-json\/wp\/v2\/media\/8264"}],"wp:attachment":[{"href":"https:\/\/bigfunhobby.com\/da\/wp-json\/wp\/v2\/media?parent=8265"}],"wp:term":[{"taxonomy":"product_brand","embeddable":true,"href":"https:\/\/bigfunhobby.com\/da\/wp-json\/wp\/v2\/product_brand?post=8265"},{"taxonomy":"product_cat","embeddable":true,"href":"https:\/\/bigfunhobby.com\/da\/wp-json\/wp\/v2\/product_cat?post=8265"},{"taxonomy":"product_tag","embeddable":true,"href":"https:\/\/bigfunhobby.com\/da\/wp-json\/wp\/v2\/product_tag?post=8265"}],"curies":[{"name":"wp","href":"https:\/\/api.w.org\/{rel}","templated":true}]}}