{"id":8267,"date":"2025-03-08T17:15:54","date_gmt":"2025-03-08T17:15:54","guid":{"rendered":"https:\/\/bigfunhobby.com\/butikk\/revell-masking-tape-20mm\/"},"modified":"2025-12-04T10:59:48","modified_gmt":"2025-12-04T08:59:48","slug":"revell-masking-tape-20mm","status":"publish","type":"product","link":"https:\/\/bigfunhobby.com\/da\/butikk\/revell-masking-tape-20mm\/","title":{"rendered":"REVELL maskeringstape 20 mm"},"content":{"rendered":"<p>For deg som tar modellbygging p\u00e5 alvor, er REVELL Masking Tape 20mm et uunnv\u00e6rlig tilbeh\u00f8r. Denne h\u00f8ykvalitets maskeringstapen hjelper deg med \u00e5 oppn\u00e5 feilfri maling, uavhengig av om du jobber med plastmodeller, treskipsmodeller eller modelljernbane.<\/p>\n<p>Tapen er 20mm bred og 10m lang, noe som gir deg rikelig med tape til flere prosjekter. Dens sterke klebeevne sikrer at malingen ikke renner under malingsprosessen, og gir deg skarpe og presise linjer p\u00e5 dine modeller.<\/p>\n<p>Det unike med REVELL Masking Tape er at den kan fjernes uten spor. Dette betyr at du ikke trenger \u00e5 bekymre deg for \u00e5 etterlate limrester p\u00e5 dine modeller, som kan \u00f8delegge det ferdige resultatet.<\/p>\n<p>REVELL Masking Tape 20mm er ogs\u00e5 tilgjengelig i 6mm og 10mm bredder. Dette gj\u00f8r det enkelt for deg \u00e5 finne den perfekte maskeringstapen for ditt prosjekt, uansett st\u00f8rrelse og detaljniv\u00e5.<\/p>\n<p>S\u00e5, om du er en entusiastisk modellbygger p\u00e5 jakt etter det perfekte verkt\u00f8yet for feilfri maling, er REVELL Masking Tape 20mm det beste valget. Ikke la noe st\u00e5 i veien for det perfekte resultatet. Bestill din REVELL Masking Tape 20mm i dag og ta modellbyggingen til et nytt niv\u00e5.<\/p>","protected":false},"excerpt":{"rendered":"<p>REVELL Masking Tape 20mm er en h\u00f8ykvalitets maskeringstape, perfekt for feilfri modellmaling i alle former for modellbygging.<\/p>","protected":false},"featured_media":8266,"comment_status":"open","ping_status":"closed","template":"","meta":[],"product_brand":[104],"product_cat":[61],"product_tag":[],"class_list":{"0":"post-8267","1":"product","2":"type-product","3":"status-publish","4":"has-post-thumbnail","6":"product_brand-revell","7":"product_cat-malingsproyter-og-utstyr","9":"first","10":"instock","11":"taxable","12":"shipping-taxable","13":"purchasable","14":"product-type-simple"},"_links":{"self":[{"href":"https:\/\/bigfunhobby.com\/da\/wp-json\/wp\/v2\/product\/8267","targetHints":{"allow":["GET"]}}],"collection":[{"href":"https:\/\/bigfunhobby.com\/da\/wp-json\/wp\/v2\/product"}],"about":[{"href":"https:\/\/bigfunhobby.com\/da\/wp-json\/wp\/v2\/types\/product"}],"replies":[{"embeddable":true,"href":"https:\/\/bigfunhobby.com\/da\/wp-json\/wp\/v2\/comments?post=8267"}],"wp:featuredmedia":[{"embeddable":true,"href":"https:\/\/bigfunhobby.com\/da\/wp-json\/wp\/v2\/media\/8266"}],"wp:attachment":[{"href":"https:\/\/bigfunhobby.com\/da\/wp-json\/wp\/v2\/media?parent=8267"}],"wp:term":[{"taxonomy":"product_brand","embeddable":true,"href":"https:\/\/bigfunhobby.com\/da\/wp-json\/wp\/v2\/product_brand?post=8267"},{"taxonomy":"product_cat","embeddable":true,"href":"https:\/\/bigfunhobby.com\/da\/wp-json\/wp\/v2\/product_cat?post=8267"},{"taxonomy":"product_tag","embeddable":true,"href":"https:\/\/bigfunhobby.com\/da\/wp-json\/wp\/v2\/product_tag?post=8267"}],"curies":[{"name":"wp","href":"https:\/\/api.w.org\/{rel}","templated":true}]}}