{"id":8275,"date":"2025-03-08T17:15:56","date_gmt":"2025-03-08T17:15:56","guid":{"rendered":"https:\/\/bigfunhobby.com\/butikk\/revell-starter-class-set\/"},"modified":"2025-12-04T10:59:48","modified_gmt":"2025-12-04T08:59:48","slug":"revell-starter-class-set","status":"publish","type":"product","link":"https:\/\/bigfunhobby.com\/da\/butikk\/revell-starter-class-set\/","title":{"rendered":"REVELL Starter Class Set"},"content":{"rendered":"<p>REVELL Starter Class Set er det perfekte trinnet inn i verden av modellbygging for de som \u00f8nsker \u00e5 ta sine malingferdigheter til neste niv\u00e5. Dette airbrush-startsettet er designet for \u00e5 gj\u00f8re maling av store overflater p\u00e5 modeller enklere og mer presist enn med en konvensjonell pensel.<\/p>\n<p>Med sitt forbedrede design og &#8216;Easy Click&#8217;-system, kan malingbeholderen enkelt adskilles fra h\u00e5ndtaket, noe som forbedrer airbrush-h\u00e5ndtering betydelig. Det nye ergonomiske designet sikrer en behagelig og stabil h\u00e5ndtering.<\/p>\n<p>I tillegg til grunnleggende utstyr for \u00e5 starte airbrushing, inneholder settet ogs\u00e5 instruksjoner og materialer for perfekte blandingsresultater med de popul\u00e6re &#8216;Aqua Colour&#8217; airbrush-malingene. Disse akrylmalingene er ideelle for nybegynnere, da de har en mild lukt, kan fortynnes med vand og lett kan rengj\u00f8res med vann etter bruk.<\/p>\n<p>Settet inkluderer:<\/p>\n<ul>\n<li>&#8216;Starter Class&#8217; Airbrush<\/li>\n<li>Drivmiddelregulator<\/li>\n<li>Jumbo gassdispenser<\/li>\n<li>2 x 18 ml Aqua Color<\/li>\n<li>2 blandeglass<\/li>\n<li>25 ml Aqua Color Clean<\/li>\n<li>25 ml Aqua Color Mix<\/li>\n<li>2 pipetter<\/li>\n<li>Instruksjonsmanual<\/li>\n<\/ul>\n<p>Uansett om du er en entusiastisk nybegynner innen modellbygging, eller en erfaren modellbygger som \u00f8nsker \u00e5 forbedre dine malingferdigheter, er REVELL Starter Class Set det riktige valget for deg. Ta modellbyggingen din til nye h\u00f8yder med dette prisgunstige startsettet.<\/p>\n<p>Start din modellbygging reise i dag. Bestill REVELL Starter Class Set n\u00e5!<\/p>","protected":false},"excerpt":{"rendered":"<p>REVELL Starter Class Set er det ideelle startsettet for nybegynnere innen modellbygging, som \u00f8nsker \u00e5 forbedre sine malingferdigheter med airbrush.<\/p>","protected":false},"featured_media":8274,"comment_status":"open","ping_status":"closed","template":"","meta":[],"product_brand":[104],"product_cat":[61],"product_tag":[],"class_list":{"0":"post-8275","1":"product","2":"type-product","3":"status-publish","4":"has-post-thumbnail","6":"product_brand-revell","7":"product_cat-malingsproyter-og-utstyr","9":"first","10":"instock","11":"taxable","12":"shipping-taxable","13":"purchasable","14":"product-type-simple"},"_links":{"self":[{"href":"https:\/\/bigfunhobby.com\/da\/wp-json\/wp\/v2\/product\/8275","targetHints":{"allow":["GET"]}}],"collection":[{"href":"https:\/\/bigfunhobby.com\/da\/wp-json\/wp\/v2\/product"}],"about":[{"href":"https:\/\/bigfunhobby.com\/da\/wp-json\/wp\/v2\/types\/product"}],"replies":[{"embeddable":true,"href":"https:\/\/bigfunhobby.com\/da\/wp-json\/wp\/v2\/comments?post=8275"}],"wp:featuredmedia":[{"embeddable":true,"href":"https:\/\/bigfunhobby.com\/da\/wp-json\/wp\/v2\/media\/8274"}],"wp:attachment":[{"href":"https:\/\/bigfunhobby.com\/da\/wp-json\/wp\/v2\/media?parent=8275"}],"wp:term":[{"taxonomy":"product_brand","embeddable":true,"href":"https:\/\/bigfunhobby.com\/da\/wp-json\/wp\/v2\/product_brand?post=8275"},{"taxonomy":"product_cat","embeddable":true,"href":"https:\/\/bigfunhobby.com\/da\/wp-json\/wp\/v2\/product_cat?post=8275"},{"taxonomy":"product_tag","embeddable":true,"href":"https:\/\/bigfunhobby.com\/da\/wp-json\/wp\/v2\/product_tag?post=8275"}],"curies":[{"name":"wp","href":"https:\/\/api.w.org\/{rel}","templated":true}]}}