{"id":8279,"date":"2025-03-08T17:15:57","date_gmt":"2025-03-08T17:15:57","guid":{"rendered":"https:\/\/bigfunhobby.com\/butikk\/tre-model-for-barn-viking-skip-drakkar\/"},"modified":"2025-12-04T10:59:48","modified_gmt":"2025-12-04T08:59:48","slug":"tre-model-for-barn-viking-skip-drakkar","status":"publish","type":"product","link":"https:\/\/bigfunhobby.com\/da\/butikk\/tre-model-for-barn-viking-skip-drakkar\/","title":{"rendered":"Tr\u00e6model til lade Viking Skip Drakkar"},"content":{"rendered":"<h2>Treskipsmodell for Barn &#8211; Viking Skip Drakkar<\/h2>\n<p>Oppdag gleden ved modellbygging med v\u00e5rt Viking Skip Drakkar byggesett i tre. Dette er et morsomt og l\u00e6rerikt byggesett som lar barn over 8 \u00e5r og voksne bygge en detaljert skalamodell av et historisk vikingskip.<\/p>\n<p>Dette byggesettet er en del av v\u00e5r Art&#038;Kids kolleksjon, som best\u00e5r av en rekke treskipsmodeller designet for \u00e5 vekke barnas kreativitet og ingeni\u00f8rf\u00f8lelse. Med 59 deler av h\u00f8y kvalitet, blir byggeprosessen en givende erfaring som gir b\u00e5de fysiske og mentale fordeler.<\/p>\n<h2>Specifikationer<\/h2>\n<ul>\n<li>Modellen best\u00e5r av 59 deler<\/li>\n<li>Det ferdige vikingskipet m\u00e5ler 26.8 cm i lengden<\/li>\n<li>Inkluderer bevegelige deler, klistremerker og sikker maling for barn<\/li>\n<li>Enkel montering med medf\u00f8lgende DVD-instruksjoner<\/li>\n<\/ul>\n<h2>Historien bak vikingskipet Drakkar<\/h2>\n<p>Drakkar var det klassiske nordiske skipet som ble brukt av vikingene. Med dette byggesettet kan barna fordype seg i historien mens de bygger, og l\u00e6re mer om vikingene og deres sj\u00f8faringskunst.<\/p>\n<p>N\u00e5 kan du og dine unge modellbyggere skape deres egen, lille del av historien. Kj\u00f8p Viking Skip Drakkar byggesett i tre n\u00e5 og begynn den spennende reisen inn i modellbyggingens verden.<\/p>\n<p>&#8216;<\/p>","protected":false},"excerpt":{"rendered":"<p>Byggesett i tre til barn &#8211; Viking Skip Drakkar. Et l\u00e6rende og engasjerende byggesett som gir barn over 8 \u00e5r muligheten til \u00e5 bygge en skalamodell av et historisk vikingskip.&#8217;<\/p>","protected":false},"featured_media":8278,"comment_status":"open","ping_status":"closed","template":"","meta":[],"product_brand":[97],"product_cat":[54],"product_tag":[],"class_list":{"0":"post-8279","1":"product","2":"type-product","3":"status-publish","4":"has-post-thumbnail","6":"product_brand-artesania","7":"product_cat-bater-artesania","9":"first","10":"outofstock","11":"taxable","12":"shipping-taxable","13":"purchasable","14":"product-type-simple"},"_links":{"self":[{"href":"https:\/\/bigfunhobby.com\/da\/wp-json\/wp\/v2\/product\/8279","targetHints":{"allow":["GET"]}}],"collection":[{"href":"https:\/\/bigfunhobby.com\/da\/wp-json\/wp\/v2\/product"}],"about":[{"href":"https:\/\/bigfunhobby.com\/da\/wp-json\/wp\/v2\/types\/product"}],"replies":[{"embeddable":true,"href":"https:\/\/bigfunhobby.com\/da\/wp-json\/wp\/v2\/comments?post=8279"}],"wp:featuredmedia":[{"embeddable":true,"href":"https:\/\/bigfunhobby.com\/da\/wp-json\/wp\/v2\/media\/8278"}],"wp:attachment":[{"href":"https:\/\/bigfunhobby.com\/da\/wp-json\/wp\/v2\/media?parent=8279"}],"wp:term":[{"taxonomy":"product_brand","embeddable":true,"href":"https:\/\/bigfunhobby.com\/da\/wp-json\/wp\/v2\/product_brand?post=8279"},{"taxonomy":"product_cat","embeddable":true,"href":"https:\/\/bigfunhobby.com\/da\/wp-json\/wp\/v2\/product_cat?post=8279"},{"taxonomy":"product_tag","embeddable":true,"href":"https:\/\/bigfunhobby.com\/da\/wp-json\/wp\/v2\/product_tag?post=8279"}],"curies":[{"name":"wp","href":"https:\/\/api.w.org\/{rel}","templated":true}]}}