{"id":8289,"date":"2025-03-08T17:16:02","date_gmt":"2025-03-08T17:16:02","guid":{"rendered":"https:\/\/bigfunhobby.com\/butikk\/new-cross-section-of-hms-victory-172-wooden-model-ship-kit\/"},"modified":"2025-12-04T11:00:14","modified_gmt":"2025-12-04T09:00:14","slug":"new-cross-section-of-hms-victory-172-wooden-model-ship-kit","status":"publish","type":"product","link":"https:\/\/bigfunhobby.com\/da\/butikk\/new-cross-section-of-hms-victory-172-wooden-model-ship-kit\/","title":{"rendered":"Nyt tv\u00e6rsnit af HMS Victory. 1:72 modelskibss\u00e6t i tr\u00e6"},"content":{"rendered":"<p>Velkommen til en verden av detaljert modellbygging med v\u00e5rt HMS Victory treskipsmodellbyggesett. Dette byggesettet er en n\u00f8ye konstruert skalaversjon av det ber\u00f8mte engelske linjeskipet fra det 18. og 19. \u00e5rhundre. <\/p>\n<h2>HMS Victory &#8211; et stykke historie<\/h2>\n<p>HMS Victory er kjent for sin deltakelse i slaget ved Trafalgar i 1805, hvor det tjenestegjorde som flaggskip for Admiral Horatio Nelson. Skipet er i dag et museum i Portsmouth, England, og er det eneste linjeskipet som har overlevd til denne dag. <\/p>\n<h2>Modellbyggesettet og innhold<\/h2>\n<p>V\u00e5rt HMS Victory byggesett i 1:72 skala gir en autentisk modellbyggingsopplevelse. Byggesettet inneholder h\u00f8ykvalitets utsk\u00e5rne trebiter, hardtre, messing og st\u00f8pejern. Du vil ogs\u00e5 finne en liten utstillingsbase med en navnemetalplate, kobberkledning for skroget, og \u00e5tte st\u00f8pte figurer, inkludert en figur av Viseadmiral Nelson. <\/p>\n<h2>Bygg din HMS Victory<\/h2>\n<p>For \u00e5 hjelpe deg i byggeprosessen har vi inkludert en komplett trinnvis videoveiledning som du finner p\u00e5 v\u00e5r Youtube-kanal. Du kan ogs\u00e5 laste ned en 1:1 plan av modellen. Ved ferdigstillelse m\u00e5ler HMS Victory-seksjonen 240mm i lengden, 345mm i h\u00f8yden og 91mm i bredden. <\/p>\n<h2>F\u00f8lgende anbefales for en autentisk modell<\/h2>\n<p>For \u00e5 gj\u00f8re modellen s\u00e5 tro mot originalen som mulig, anbefaler vi at du maler den med v\u00e5rt spesifikke sett med vannbaserte akrylfarger. For \u00e5 beskytte modellen og gi den en museum-aktig f\u00f8lelse, anbefaler vi ogs\u00e5 \u00e5 plassere den i en methacrylate urn. Hvis du \u00f8nsker \u00e5 gi modellen mer realisme, kan du ogs\u00e5 legge til LED-belysning. <\/p>\n<p>Dykk ned i historien og bygg ditt eget HMS Victory skip. Perfekt for b\u00e5de nybegynnere og erfarne modellbyggere. Kj\u00f8p ditt HMS Victory treskipsmodellbyggesett i dag.<\/p>","protected":false},"excerpt":{"rendered":"<p>Oppdag historien bak det ikoniske skipet HMS Victory med v\u00e5rt detaljerte treskipsmodellbyggesett i 1:72 skala. Byggesettet er perfekt for nybegynnere og entusiaster som \u00f8nsker en givende modellbyggingsopplevelse.<\/p>","protected":false},"featured_media":8288,"comment_status":"open","ping_status":"closed","template":"","meta":[],"product_brand":[97],"product_cat":[54],"product_tag":[],"class_list":{"0":"post-8289","1":"product","2":"type-product","3":"status-publish","4":"has-post-thumbnail","6":"product_brand-artesania","7":"product_cat-bater-artesania","9":"first","10":"instock","11":"taxable","12":"shipping-taxable","13":"purchasable","14":"product-type-simple"},"_links":{"self":[{"href":"https:\/\/bigfunhobby.com\/da\/wp-json\/wp\/v2\/product\/8289","targetHints":{"allow":["GET"]}}],"collection":[{"href":"https:\/\/bigfunhobby.com\/da\/wp-json\/wp\/v2\/product"}],"about":[{"href":"https:\/\/bigfunhobby.com\/da\/wp-json\/wp\/v2\/types\/product"}],"replies":[{"embeddable":true,"href":"https:\/\/bigfunhobby.com\/da\/wp-json\/wp\/v2\/comments?post=8289"}],"wp:featuredmedia":[{"embeddable":true,"href":"https:\/\/bigfunhobby.com\/da\/wp-json\/wp\/v2\/media\/8288"}],"wp:attachment":[{"href":"https:\/\/bigfunhobby.com\/da\/wp-json\/wp\/v2\/media?parent=8289"}],"wp:term":[{"taxonomy":"product_brand","embeddable":true,"href":"https:\/\/bigfunhobby.com\/da\/wp-json\/wp\/v2\/product_brand?post=8289"},{"taxonomy":"product_cat","embeddable":true,"href":"https:\/\/bigfunhobby.com\/da\/wp-json\/wp\/v2\/product_cat?post=8289"},{"taxonomy":"product_tag","embeddable":true,"href":"https:\/\/bigfunhobby.com\/da\/wp-json\/wp\/v2\/product_tag?post=8289"}],"curies":[{"name":"wp","href":"https:\/\/api.w.org\/{rel}","templated":true}]}}