{"id":8291,"date":"2025-03-08T17:16:03","date_gmt":"2025-03-08T17:16:03","guid":{"rendered":"https:\/\/bigfunhobby.com\/butikk\/new-ship-of-the-line-santisima-trinidad-wooden-model-ship-kit\/"},"modified":"2026-03-05T15:47:05","modified_gmt":"2026-03-05T13:47:05","slug":"new-ship-of-the-line-santisima-trinidad-wooden-model-ship-kit","status":"publish","type":"product","link":"https:\/\/bigfunhobby.com\/da\/butikk\/new-ship-of-the-line-santisima-trinidad-wooden-model-ship-kit\/","title":{"rendered":"Nyt linjeskib Sant\u00edsima Trinidad. Modelskibss\u00e6t i tr\u00e6"},"content":{"rendered":"<p>Dykk ned i historien og bygg din egen versjon av det ikoniske skipet fra den spanske armadaen med v\u00e5rt byggesett av treskipsmodellen Sant\u00edsima Trinidad. Dette er en n\u00f8yaktig replika av flaggskipet som spilte en sentral rolle i slaget ved Trafalgar i 1805. Byggesettet er i 1:84 skala og passer perfekt for erfarne modellbyggere.<\/p>\n<p><strong>Specifikationer:<\/strong><\/p>\n<ul>\n<li>100% nytt design<\/li>\n<li>N\u00f8yaktig replika av Sant\u00edsima Trinidad i 1:84 skala.<\/li>\n<li>Historisk troverdig, basert p\u00e5 planer funnet i Saint Petersburg.<\/li>\n<li>M\u00e5ler 1191 mm i lengde, 905 mm i h\u00f8yde og 464 mm i bredde etter montering.<\/li>\n<\/ul>\n<p><strong>Materialer:<\/strong><\/p>\n<p>Byggesettet inkluderer 14 ark med presisjonskutt kryssfiner i basswood og 6 spektakul\u00e6re fotoetsede plater i messing. Det kommer ogs\u00e5 med 10 pakker med staver og stenger, og amerikansk eikefiner. Alle blokker og d\u00f8de \u00f8yne for riggen er forh\u00e5ndslaget. Messingstenger og r\u00f8r er ogs\u00e5 inkludert.<\/p>\n<p><strong>Historie:<\/strong><\/p>\n<p>Sant\u00edsima Trinidad, offisielt kjent som Nuestra Se\u00f1ora de la Sant\u00edsima Trinidad, var et spansk skip med opprinnelig 120 kanoner, som senere ble utvidet til 144. Det var det st\u00f8rste skipet i sin tid og ble ansett som det mest kraftige krigsv\u00e5penet. Det er mest kjent for sin tragiske skjebne i slaget ved Trafalgar, hvor det ble tatt av engelskmennene etter en hard kamp.<\/p>\n<p>Gi ditt modellbyggingsprosjekt liv med dette historisk detaljerte byggesettet. Utfordre dine ferdigheter og n\u00f8yaktighet, og skap en del av sj\u00f8fartshistorien rett hjemme i stua. <strong>Kj\u00f8p byggesettet av treskipsmodellen Sant\u00edsima Trinidad i dag og ta steget inn i en verden av detaljert modellbygging.<\/strong><\/p>","protected":false},"excerpt":{"rendered":"<p>Byggesett av treskipsmodellen Sant\u00edsima Trinidad, kjent som flaggskipet til den spanske armadaen. Perfekt for erfarne modellbyggere som vil etterligne en ikonisk del av 1800-tallets sj\u00f8fartshistorie.<\/p>","protected":false},"featured_media":8290,"comment_status":"open","ping_status":"closed","template":"","meta":[],"product_brand":[97],"product_cat":[54],"product_tag":[],"class_list":{"0":"post-8291","1":"product","2":"type-product","3":"status-publish","4":"has-post-thumbnail","6":"product_brand-artesania","7":"product_cat-bater-artesania","9":"first","10":"instock","11":"taxable","12":"shipping-taxable","13":"purchasable","14":"product-type-simple"},"_links":{"self":[{"href":"https:\/\/bigfunhobby.com\/da\/wp-json\/wp\/v2\/product\/8291","targetHints":{"allow":["GET"]}}],"collection":[{"href":"https:\/\/bigfunhobby.com\/da\/wp-json\/wp\/v2\/product"}],"about":[{"href":"https:\/\/bigfunhobby.com\/da\/wp-json\/wp\/v2\/types\/product"}],"replies":[{"embeddable":true,"href":"https:\/\/bigfunhobby.com\/da\/wp-json\/wp\/v2\/comments?post=8291"}],"wp:featuredmedia":[{"embeddable":true,"href":"https:\/\/bigfunhobby.com\/da\/wp-json\/wp\/v2\/media\/8290"}],"wp:attachment":[{"href":"https:\/\/bigfunhobby.com\/da\/wp-json\/wp\/v2\/media?parent=8291"}],"wp:term":[{"taxonomy":"product_brand","embeddable":true,"href":"https:\/\/bigfunhobby.com\/da\/wp-json\/wp\/v2\/product_brand?post=8291"},{"taxonomy":"product_cat","embeddable":true,"href":"https:\/\/bigfunhobby.com\/da\/wp-json\/wp\/v2\/product_cat?post=8291"},{"taxonomy":"product_tag","embeddable":true,"href":"https:\/\/bigfunhobby.com\/da\/wp-json\/wp\/v2\/product_tag?post=8291"}],"curies":[{"name":"wp","href":"https:\/\/api.w.org\/{rel}","templated":true}]}}