{"id":8301,"date":"2025-03-08T17:16:07","date_gmt":"2025-03-08T17:16:07","guid":{"rendered":"https:\/\/bigfunhobby.com\/butikk\/wired-low-rev-micro-motor-for-modeling-and-diy\/"},"modified":"2025-12-04T11:00:15","modified_gmt":"2025-12-04T09:00:15","slug":"kabelforbundet-mikromotor-med-lavt-omdrejningstal-til-modellering-og-diy","status":"publish","type":"product","link":"https:\/\/bigfunhobby.com\/da\/butikk\/wired-low-rev-micro-motor-for-modeling-and-diy\/","title":{"rendered":"Kabelforbundet mikromotor med lavt omdrejningstal til modellering og DIY"},"content":{"rendered":"<p>Oplev vores Wired Low-Rev Micro Motor, et vigtigt tilbeh\u00f8r til modelbygning og g\u00f8r-det-selv-projekter. Med denne motor kan du tilf\u00f8je endnu mere realisme og bev\u00e6gelse til dine skalamodeller, uanset om det er tr\u00e6skibsmodeller, plastikmodeller, modeljernbaner eller fjernstyrede k\u00f8ret\u00f8jer.<\/p>\n<p>Motoren k\u00f8rer p\u00e5 3 volt og giver 125 omdrejninger i minuttet, hvilket giver en j\u00e6vn og autentisk bev\u00e6gelse til dine modeller. Det er et sikkert produkt med mange anvendelsesmuligheder og er kendetegnet ved at v\u00e6re en j\u00e6vnstr\u00f8msmotor med en hastighedsreduktion. Hvis du vender kablernes polaritet, skifter rotationen retning.<\/p>\n<h2><span>Specifikationer<\/span><\/h2>\n<p>Motoren er lavet af materialer af h\u00f8j kvalitet, hvilket sikrer dens modstandsdygtighed og lange levetid. Den kan aktiveres direkte med 3 volt eller ved hj\u00e6lp af den batteriholder, der f\u00f8lger med LED-belysningss\u00e6ttet (27590), som s\u00e6lges separat og kr\u00e6ver to AAA-batterier.<\/p>\n<p>For at sikre korrekt placering har modeller, der er forberedt til det, s\u00e5som King of the Mississippi, en s\u00e6rlig st\u00f8tte. Til andre modeller og h\u00e5ndv\u00e6rksprojekter skal h\u00e5ndv\u00e6rkeren lave en lignende.<\/p>\n<p>For at tjekke de n\u00f8jagtige m\u00e5l p\u00e5 motoren skal du se p\u00e5 de todimensionelle tegninger i dette produktarkbillede.<\/p>\n<h2><span>Tilf\u00f8j mere realisme til dine modelleringsprojekter<\/span><\/h2>\n<p>Vores kunder elsker at bruge denne motor til at tilf\u00f8je et ekstra niveau af realisme til deres modelleringsprojekter. Uanset om du er nybegynder eller erfaren modelbygger, vil du finde denne motor som en v\u00e6rdifuld tilf\u00f8jelse til dine v\u00e6rkt\u00f8jer og materialer.<\/p>\n<p><strong>K\u00f8b Wired Low-Rev Micro Motor i dag, og oplev den forskel, den kan g\u00f8re for dine modelleringsprojekter. Se vores udvalg og bestil nu!<\/strong><\/p>","protected":false},"excerpt":{"rendered":"<p>Udforsk vores Wired Low-Rev Micro Motor til modellering og g\u00f8r-det-selv-projekter. Tilf\u00f8j realisme og bev\u00e6gelse til dine modeller med denne motor, der k\u00f8rer med 3 volt og 125 omdrejninger i minuttet.<\/p>","protected":false},"featured_media":8300,"comment_status":"open","ping_status":"closed","template":"","meta":[],"product_brand":[],"product_cat":[75],"product_tag":[],"class_list":{"0":"post-8301","1":"product","2":"type-product","3":"status-publish","4":"has-post-thumbnail","6":"product_cat-propeller-akslinger","8":"first","9":"instock","10":"taxable","11":"shipping-taxable","12":"purchasable","13":"product-type-simple"},"_links":{"self":[{"href":"https:\/\/bigfunhobby.com\/da\/wp-json\/wp\/v2\/product\/8301","targetHints":{"allow":["GET"]}}],"collection":[{"href":"https:\/\/bigfunhobby.com\/da\/wp-json\/wp\/v2\/product"}],"about":[{"href":"https:\/\/bigfunhobby.com\/da\/wp-json\/wp\/v2\/types\/product"}],"replies":[{"embeddable":true,"href":"https:\/\/bigfunhobby.com\/da\/wp-json\/wp\/v2\/comments?post=8301"}],"wp:featuredmedia":[{"embeddable":true,"href":"https:\/\/bigfunhobby.com\/da\/wp-json\/wp\/v2\/media\/8300"}],"wp:attachment":[{"href":"https:\/\/bigfunhobby.com\/da\/wp-json\/wp\/v2\/media?parent=8301"}],"wp:term":[{"taxonomy":"product_brand","embeddable":true,"href":"https:\/\/bigfunhobby.com\/da\/wp-json\/wp\/v2\/product_brand?post=8301"},{"taxonomy":"product_cat","embeddable":true,"href":"https:\/\/bigfunhobby.com\/da\/wp-json\/wp\/v2\/product_cat?post=8301"},{"taxonomy":"product_tag","embeddable":true,"href":"https:\/\/bigfunhobby.com\/da\/wp-json\/wp\/v2\/product_tag?post=8301"}],"curies":[{"name":"wp","href":"https:\/\/api.w.org\/{rel}","templated":true}]}}