{"id":8303,"date":"2025-03-08T17:16:08","date_gmt":"2025-03-08T17:16:08","guid":{"rendered":"https:\/\/bigfunhobby.com\/butikk\/waterline-marker-for-model-ships\/"},"modified":"2025-12-04T11:00:15","modified_gmt":"2025-12-04T09:00:15","slug":"waterline-marker-for-model-ships","status":"publish","type":"product","link":"https:\/\/bigfunhobby.com\/da\/butikk\/waterline-marker-for-model-ships\/","title":{"rendered":"Waterline Marker for Model Ships"},"content":{"rendered":"<h2>Introduksjon<\/h2>\n<p>Waterline Marker for Model Ships er et n\u00f8dvendig verkt\u00f8y for enhver som driver med modellskipsbygging. Dette fantastiske verkt\u00f8yet lar deg, med enkel bruk av en blyant, merke vannlinjen rundt skipet. Uansett om du er en erfaren modellbygger eller en nybegynner, vil dette verkt\u00f8yet gj\u00f8re modellbyggingen b\u00e5de enklere og raskere.<\/p>\n<h2>Specifikationer<\/h2>\n<p>Waterline Marker for Model Ships er justerbar i h\u00f8yden og inkluderer m\u00e5linger i b\u00e5de metriske og imperiale systemer. Dette er et verkt\u00f8y som kan brukes til \u00e5 merke linjer parallelt med arbeidsflaten. Det er laget med deler av kryssfiner kuttet med laser for optimal montering &#8211; det krever konstruksjon &#8211; og det holder blyanten med en liten kile.<\/p>\n<h2>Materialer<\/h2>\n<p>Verkt\u00f8yet er laget av kryssfiner av h\u00f8y kvalitet for \u00e5 sikre holdbarhet og presisjon. Laserkuttet for optimal montering, er dette et robust verkt\u00f8y som vil vare lenge i verkstedet ditt.<\/p>\n<h2>Avslutning<\/h2>\n<p>Med Waterline Marker for Model Ships, vil du kunne bygge modellskip med st\u00f8rre n\u00f8yaktighet og presisjon. Dette vil ikke bare forbedre kvaliteten p\u00e5 modellene dine, men ogs\u00e5 gj\u00f8re byggeprosessen mer forn\u00f8yelig. Ikke vent lenger, ta det med til verkstedet ditt i dag!<\/p>\n<p><strong>K\u00f8b her<\/strong><\/p>","protected":false},"excerpt":{"rendered":"<p>Waterline Marker for Model Ships er et uunnv\u00e6rlig verkt\u00f8y for modellskipsbyggere, som gir mulighet til \u00e5 merke vannlinjen p\u00e5 skipshull med n\u00f8yaktighet og presisjon.<\/p>","protected":false},"featured_media":8302,"comment_status":"open","ping_status":"closed","template":"","meta":[],"product_brand":[97],"product_cat":[58],"product_tag":[],"class_list":{"0":"post-8303","1":"product","2":"type-product","3":"status-publish","4":"has-post-thumbnail","6":"product_brand-artesania","7":"product_cat-verktoy","9":"first","10":"outofstock","11":"taxable","12":"shipping-taxable","13":"purchasable","14":"product-type-simple"},"_links":{"self":[{"href":"https:\/\/bigfunhobby.com\/da\/wp-json\/wp\/v2\/product\/8303","targetHints":{"allow":["GET"]}}],"collection":[{"href":"https:\/\/bigfunhobby.com\/da\/wp-json\/wp\/v2\/product"}],"about":[{"href":"https:\/\/bigfunhobby.com\/da\/wp-json\/wp\/v2\/types\/product"}],"replies":[{"embeddable":true,"href":"https:\/\/bigfunhobby.com\/da\/wp-json\/wp\/v2\/comments?post=8303"}],"wp:featuredmedia":[{"embeddable":true,"href":"https:\/\/bigfunhobby.com\/da\/wp-json\/wp\/v2\/media\/8302"}],"wp:attachment":[{"href":"https:\/\/bigfunhobby.com\/da\/wp-json\/wp\/v2\/media?parent=8303"}],"wp:term":[{"taxonomy":"product_brand","embeddable":true,"href":"https:\/\/bigfunhobby.com\/da\/wp-json\/wp\/v2\/product_brand?post=8303"},{"taxonomy":"product_cat","embeddable":true,"href":"https:\/\/bigfunhobby.com\/da\/wp-json\/wp\/v2\/product_cat?post=8303"},{"taxonomy":"product_tag","embeddable":true,"href":"https:\/\/bigfunhobby.com\/da\/wp-json\/wp\/v2\/product_tag?post=8303"}],"curies":[{"name":"wp","href":"https:\/\/api.w.org\/{rel}","templated":true}]}}