{"id":8313,"date":"2025-03-08T17:16:15","date_gmt":"2025-03-08T17:16:15","guid":{"rendered":"https:\/\/bigfunhobby.com\/butikk\/91114-birch-strips-1-x-4-x-914-mm-pack-25-pcs\/"},"modified":"2025-12-04T11:00:15","modified_gmt":"2025-12-04T09:00:15","slug":"91114-birkelister-1-x-4-x-914-mm-pakke-25-stk","status":"publish","type":"product","link":"https:\/\/bigfunhobby.com\/da\/butikk\/91114-birch-strips-1-x-4-x-914-mm-pack-25-pcs\/","title":{"rendered":"91114 BIRK STRIPS 1 x 4 x 914 mm PAKKE 25 STK."},"content":{"rendered":"<p>Vores birkestrimler, 1 x 4 x 914 mm, er et must for enhver modelbygger, hobbyentusiast eller h\u00e5ndv\u00e6rker. Hver pakke indeholder 25 robuste strimler af birk, der er kendt for deres h\u00f8je kvalitet og nemme h\u00e5ndtering. Disse strimler er et ideelt valg til projekter, der kr\u00e6ver n\u00f8jagtighed og detaljer.<\/p>\n<ul>\n<li><strong>Specifikationer:<\/strong> Hver pakke indeholder 25 strimler af birk, hver strimmel er 1 mm tyk, 4 mm bred og 914 mm lang. <\/li>\n<li><strong>Materialer:<\/strong> Listerne er lavet af massivt birketr\u00e6, der er kendt for sin lyse farve og fine struktur. Med tiden vil birketr\u00e6et blive lidt m\u00f8rkere og give dine projekter en naturlig patina. <\/li>\n<li><strong>Anvendelse:<\/strong> Disse strimler er perfekte til modelbygning, uanset om det er skibsmodeller af tr\u00e6, bygges\u00e6t af tr\u00e6, plastikmodeller eller modeljernbaner. Brug dem til at lave specialdele, bekl\u00e6de skibsskrog eller tilf\u00f8je detaljer som lister og r\u00e6kv\u00e6rk. <\/li>\n<\/ul>\n<p>Birk er et popul\u00e6rt valg blandt modelbyggere og h\u00e5ndv\u00e6rkere p\u00e5 grund af sin j\u00e6vne \u00e5retegning og lyse farve. Det er ogs\u00e5 let at arbejde med og kan let formes og sk\u00e6res til, hvilket g\u00f8r det ideelt til h\u00e5ndv\u00e6rk og manuelt arbejde. Derudover er birk fremragende til limning og giver en hurtig og nem t\u00f8rringsproces.<\/p>\n<p>Uanset om du er en erfaren modelbygger eller en nybegynder, vil du s\u00e6tte pris p\u00e5 kvaliteten og alsidigheden af vores birkelister. Vent ikke l\u00e6ngere, start dit byggeprojekt i dag! <strong>Book nu!<\/strong><\/p>","protected":false},"excerpt":{"rendered":"<p>Denne pakke indeholder 25 birkestrimler af h\u00f8j kvalitet, som er perfekte til modellering, h\u00e5ndv\u00e6rk og skoleprojekter.<\/p>","protected":false},"featured_media":8312,"comment_status":"open","ping_status":"closed","template":"","meta":[],"product_brand":[97],"product_cat":[73],"product_tag":[],"class_list":{"0":"post-8313","1":"product","2":"type-product","3":"status-publish","4":"has-post-thumbnail","6":"product_brand-artesania","7":"product_cat-trebyggesett-treverk","9":"first","10":"outofstock","11":"taxable","12":"shipping-taxable","13":"purchasable","14":"product-type-simple"},"_links":{"self":[{"href":"https:\/\/bigfunhobby.com\/da\/wp-json\/wp\/v2\/product\/8313","targetHints":{"allow":["GET"]}}],"collection":[{"href":"https:\/\/bigfunhobby.com\/da\/wp-json\/wp\/v2\/product"}],"about":[{"href":"https:\/\/bigfunhobby.com\/da\/wp-json\/wp\/v2\/types\/product"}],"replies":[{"embeddable":true,"href":"https:\/\/bigfunhobby.com\/da\/wp-json\/wp\/v2\/comments?post=8313"}],"wp:featuredmedia":[{"embeddable":true,"href":"https:\/\/bigfunhobby.com\/da\/wp-json\/wp\/v2\/media\/8312"}],"wp:attachment":[{"href":"https:\/\/bigfunhobby.com\/da\/wp-json\/wp\/v2\/media?parent=8313"}],"wp:term":[{"taxonomy":"product_brand","embeddable":true,"href":"https:\/\/bigfunhobby.com\/da\/wp-json\/wp\/v2\/product_brand?post=8313"},{"taxonomy":"product_cat","embeddable":true,"href":"https:\/\/bigfunhobby.com\/da\/wp-json\/wp\/v2\/product_cat?post=8313"},{"taxonomy":"product_tag","embeddable":true,"href":"https:\/\/bigfunhobby.com\/da\/wp-json\/wp\/v2\/product_tag?post=8313"}],"curies":[{"name":"wp","href":"https:\/\/api.w.org\/{rel}","templated":true}]}}