{"id":8315,"date":"2025-03-08T17:16:16","date_gmt":"2025-03-08T17:16:16","guid":{"rendered":"https:\/\/bigfunhobby.com\/butikk\/91115-birch-strips-1-x-5-x-914-mm-pack-25-pcs\/"},"modified":"2025-12-04T11:00:15","modified_gmt":"2025-12-04T09:00:15","slug":"91115-birch-strips-1-x-5-x-914-mm-pack-25-pcs","status":"publish","type":"product","link":"https:\/\/bigfunhobby.com\/da\/butikk\/91115-birch-strips-1-x-5-x-914-mm-pack-25-pcs\/","title":{"rendered":"91115 BIRK STRIPS 1 x 5 x 914 mm PACK 25 STK."},"content":{"rendered":"<p>Disse bj\u00f8rkelistene er et uunnv\u00e6rlig verkt\u00f8y for enhver modellbygger eller hobbyentusiast. Med m\u00e5lene 1 x 5 x 914 mm og en pakke p\u00e5 25 stk, gir de deg rikelig med materiale for dine prosjekter.<\/p>\n<p><strong>Specifikationer:<\/strong><\/p>\n<ul>\n<li>St\u00f8rrelse: 1 x 5 x 914 mm<\/li>\n<li>Antal: 25 stk.<\/li>\n<li>Materiale: Birk<\/li>\n<\/ul>\n<p>Bj\u00f8rkelistene er laget av h\u00f8ykvalitets, solid bj\u00f8rk, kjent for sin lette farge &#8211; fra hvit til krem &#8211; og rette korn med en meget fin tekstur. Over tid m\u00f8rkner det noe, noe som gir en vakker patina. Dette gj\u00f8r bj\u00f8rk til et ideelt valg for utskj\u00e6ringer, dreierarbeid og alle typer h\u00e5ndverk.<\/p>\n<p>Listen er perfekt for modellbygging, enten det er treskipsmodeller, byggesett i tre eller plastmodellbygging. Bj\u00f8rkelistene kan brukes til \u00e5 lage reservedeler eller egendefinerte deler. De er ogs\u00e5 ideelle for konstruksjonen av skipsmodeller, for eksempel for \u00e5 kle skroget p\u00e5 skipet eller legge til detaljer som fotlister og rekkverk.<\/p>\n<p>Bj\u00f8rk er lett \u00e5 jobbe med og kan h\u00e5ndteres og bearbeides med total enkelhet. Det er et optimalt alternativ for h\u00e5ndarbeid. Dessuten presterer det fantastisk i forhold til liming og etterbehandling. T\u00f8rking er raskt og enkelt.<\/p>\n<p>Enten du er en erfaren modellbygger eller en nybegynner, vil disse bj\u00f8rkelistene utgj\u00f8re en forskjell i dine prosjekter. Ikke la denne muligheten g\u00e5 fra deg. Bestill dine bj\u00f8rkelister i dag og ta modellbyggingen til et nytt niv\u00e5!<\/p>","protected":false},"excerpt":{"rendered":"<p>Disse bj\u00f8rkelistene p\u00e5 1 x 5 x 914 mm er ideelle for b\u00e5de modellbygging og andre hobbyer, takket v\u00e6re deres h\u00f8ykvalitets, lette og enkle \u00e5 jobbe med natur.<\/p>","protected":false},"featured_media":8314,"comment_status":"open","ping_status":"closed","template":"","meta":[],"product_brand":[97],"product_cat":[73],"product_tag":[],"class_list":{"0":"post-8315","1":"product","2":"type-product","3":"status-publish","4":"has-post-thumbnail","6":"product_brand-artesania","7":"product_cat-trebyggesett-treverk","9":"first","10":"outofstock","11":"taxable","12":"shipping-taxable","13":"purchasable","14":"product-type-simple"},"_links":{"self":[{"href":"https:\/\/bigfunhobby.com\/da\/wp-json\/wp\/v2\/product\/8315","targetHints":{"allow":["GET"]}}],"collection":[{"href":"https:\/\/bigfunhobby.com\/da\/wp-json\/wp\/v2\/product"}],"about":[{"href":"https:\/\/bigfunhobby.com\/da\/wp-json\/wp\/v2\/types\/product"}],"replies":[{"embeddable":true,"href":"https:\/\/bigfunhobby.com\/da\/wp-json\/wp\/v2\/comments?post=8315"}],"wp:featuredmedia":[{"embeddable":true,"href":"https:\/\/bigfunhobby.com\/da\/wp-json\/wp\/v2\/media\/8314"}],"wp:attachment":[{"href":"https:\/\/bigfunhobby.com\/da\/wp-json\/wp\/v2\/media?parent=8315"}],"wp:term":[{"taxonomy":"product_brand","embeddable":true,"href":"https:\/\/bigfunhobby.com\/da\/wp-json\/wp\/v2\/product_brand?post=8315"},{"taxonomy":"product_cat","embeddable":true,"href":"https:\/\/bigfunhobby.com\/da\/wp-json\/wp\/v2\/product_cat?post=8315"},{"taxonomy":"product_tag","embeddable":true,"href":"https:\/\/bigfunhobby.com\/da\/wp-json\/wp\/v2\/product_tag?post=8315"}],"curies":[{"name":"wp","href":"https:\/\/api.w.org\/{rel}","templated":true}]}}