{"id":8317,"date":"2025-03-08T17:16:17","date_gmt":"2025-03-08T17:16:17","guid":{"rendered":"https:\/\/bigfunhobby.com\/butikk\/91116-birch-strips-1-x-6-x-914-mm-pack-25-pcs\/"},"modified":"2025-12-04T11:00:15","modified_gmt":"2025-12-04T09:00:15","slug":"91116-birch-strips-1-x-6-x-914-mm-pack-25-pcs","status":"publish","type":"product","link":"https:\/\/bigfunhobby.com\/da\/butikk\/91116-birch-strips-1-x-6-x-914-mm-pack-25-pcs\/","title":{"rendered":"91116 BIRK STRIPS 1 x 6 x 914 mm PAKKE 25 STK."},"content":{"rendered":"<p>Dette er en pakke med 25 bj\u00f8rkestenger, m\u00e5lende 1 x 6 x 914 mm. Disse er ideelle for ulike typer modellbygging, fra treskipsmodeller og byggesett i tre til detaljerte plastmodeller og modelljernbanebygging.<\/p>\n<p><strong>Specifikationer<\/strong><\/p>\n<ul>\n<li>Lengde: 914 mm<\/li>\n<li>Bredde: 6 mm<\/li>\n<li>Tykkelse: 1 mm<\/li>\n<li>Antal: 25 stk.<\/li>\n<li>Materiale: Massivt birketr\u00e6<\/li>\n<\/ul>\n<p><strong>Materialer<\/strong><\/p>\n<p>Bj\u00f8rketre er kjent for sin lyse farge som varierer fra hvit til krem, og er sv\u00e6rt jevn i hele stykket. Med tiden m\u00f8rkner det litt, noe som gir en naturlig patina. Bj\u00f8rketre er kjent for sin rette, sv\u00e6rt fine tekstur, noe som gj\u00f8r det til et ideelt valg for utskj\u00e6ring, dreiearbeid og annen h\u00e5ndverksarbeid. Det er ogs\u00e5 lett \u00e5 lime og finisher godt. T\u00f8rking er rask og enkel, noe som gj\u00f8r det til en optimal l\u00f8sning for h\u00e5ndarbeid.<\/p>\n<p><strong>Bruk<\/strong><\/p>\n<p>Disse bj\u00f8rkestengene kan brukes til \u00e5 lage reservedeler eller egendefinerte deler til dine modellprosjekter. I byggeprosessen av modellskipssett, kan de brukes til \u00e5 kle skipsskroget, legge til detaljer som lister og rekkverk, og mer. Med sin fine, h\u00f8ykvalitets finish, gir disse bj\u00f8rkestengene en profesjonell finish til ethvert prosjekt.<\/p>\n<p>Enten du er en erfaren modellbygger eller en nybegynner, vil du finne mange bruksomr\u00e5der for disse bj\u00f8rkestengene. S\u00e5 ikke n\u00f8l, bestill dine bj\u00f8rkestenger i dag og bring dine modellbyggingsprosjekter til et nytt niv\u00e5!<\/p>","protected":false},"excerpt":{"rendered":"<p>25-pakning med bj\u00f8rkestenger p\u00e5 1 x 6 x 914 mm, perfekt for modellbygging, h\u00e5ndverksprosjekter og skolearbeid.<\/p>","protected":false},"featured_media":8316,"comment_status":"open","ping_status":"closed","template":"","meta":[],"product_brand":[97],"product_cat":[73],"product_tag":[],"class_list":{"0":"post-8317","1":"product","2":"type-product","3":"status-publish","4":"has-post-thumbnail","6":"product_brand-artesania","7":"product_cat-trebyggesett-treverk","9":"first","10":"outofstock","11":"taxable","12":"shipping-taxable","13":"purchasable","14":"product-type-simple"},"_links":{"self":[{"href":"https:\/\/bigfunhobby.com\/da\/wp-json\/wp\/v2\/product\/8317","targetHints":{"allow":["GET"]}}],"collection":[{"href":"https:\/\/bigfunhobby.com\/da\/wp-json\/wp\/v2\/product"}],"about":[{"href":"https:\/\/bigfunhobby.com\/da\/wp-json\/wp\/v2\/types\/product"}],"replies":[{"embeddable":true,"href":"https:\/\/bigfunhobby.com\/da\/wp-json\/wp\/v2\/comments?post=8317"}],"wp:featuredmedia":[{"embeddable":true,"href":"https:\/\/bigfunhobby.com\/da\/wp-json\/wp\/v2\/media\/8316"}],"wp:attachment":[{"href":"https:\/\/bigfunhobby.com\/da\/wp-json\/wp\/v2\/media?parent=8317"}],"wp:term":[{"taxonomy":"product_brand","embeddable":true,"href":"https:\/\/bigfunhobby.com\/da\/wp-json\/wp\/v2\/product_brand?post=8317"},{"taxonomy":"product_cat","embeddable":true,"href":"https:\/\/bigfunhobby.com\/da\/wp-json\/wp\/v2\/product_cat?post=8317"},{"taxonomy":"product_tag","embeddable":true,"href":"https:\/\/bigfunhobby.com\/da\/wp-json\/wp\/v2\/product_tag?post=8317"}],"curies":[{"name":"wp","href":"https:\/\/api.w.org\/{rel}","templated":true}]}}