{"id":8319,"date":"2025-03-08T17:16:18","date_gmt":"2025-03-08T17:16:18","guid":{"rendered":"https:\/\/bigfunhobby.com\/butikk\/91117-birch-strips-1-x-7-x-914-mm-pack-25-pcs\/"},"modified":"2025-12-04T11:00:15","modified_gmt":"2025-12-04T09:00:15","slug":"91117-birch-strips-1-x-7-x-914-mm-pack-25-pcs","status":"publish","type":"product","link":"https:\/\/bigfunhobby.com\/da\/butikk\/91117-birch-strips-1-x-7-x-914-mm-pack-25-pcs\/","title":{"rendered":"91117 BIRK STRIPS 1 x 7 x 914 mm PAKKE 25 STK."},"content":{"rendered":"<p>Dette er en pakke med 25 bj\u00f8rkestaver (91117 BIRCH STRIPS 1 x 7 x 914 mm) av h\u00f8y kvalitet, perfekt for deg som holder p\u00e5 med modellbygging og h\u00e5ndverk. Bj\u00f8rkestavene kan brukes til mange forskjellige form\u00e5l, og er spesielt gode til bygging av treskipsmodeller og andre byggesett i tre.<\/p>\n<p><b>Specifikationer:<\/b><\/p>\n<ul>\n<li>Laget av solid bj\u00f8rketre av h\u00f8y kvalitet<\/li>\n<li>St\u00f8rrelse: 1 x 7 x 914 mm<\/li>\n<li>Antal: 25 stk.<\/li>\n<li>Lyse og enhetlige i fargen<\/li>\n<li>Godt egnet for liming og etterbehandling<\/li>\n<\/ul>\n<p>Bj\u00f8rk er et ideelt materiale for modellbygging og h\u00e5ndverk, takket v\u00e6re sin lyse farge, rette korn og fine tekstur. Det er ogs\u00e5 sv\u00e6rt enkelt \u00e5 jobbe med, og gir en fin, h\u00f8ykvalitets finish. Bj\u00f8rkestavene kan brukes til alt fra \u00e5 lage egne deler til modellbygging, til \u00e5 kle skrog p\u00e5 modellskip, eller legge til detaljer som listverk og rekkverk. <\/p>\n<p>Enten du er en erfaren modellbygger eller en nybegynner, vil du sette pris p\u00e5 kvaliteten og allsidigheten til disse bj\u00f8rkestavene. De er lette \u00e5 h\u00e5ndtere, og kan enkelt formes og tilpasses til dine behov. I tillegg t\u00f8rker de raskt og enkelt, og passer perfekt til liming og etterbehandling.<\/p>\n<p>Ikke vent! Kj\u00f8p din pakke med bj\u00f8rkestaver i dag, og ta modellbyggingen din til neste niv\u00e5!<\/p>","protected":false},"excerpt":{"rendered":"<p>H\u00f8ykvalitets bj\u00f8rkestaver i pakke med 25 stk til bruk for modellbygging og h\u00e5ndverk. Ideell for treskipsmodeller, byggesett og andre hobbyprosjekter.<\/p>","protected":false},"featured_media":8318,"comment_status":"open","ping_status":"closed","template":"","meta":[],"product_brand":[97],"product_cat":[73],"product_tag":[],"class_list":{"0":"post-8319","1":"product","2":"type-product","3":"status-publish","4":"has-post-thumbnail","6":"product_brand-artesania","7":"product_cat-trebyggesett-treverk","9":"first","10":"instock","11":"taxable","12":"shipping-taxable","13":"purchasable","14":"product-type-simple"},"_links":{"self":[{"href":"https:\/\/bigfunhobby.com\/da\/wp-json\/wp\/v2\/product\/8319","targetHints":{"allow":["GET"]}}],"collection":[{"href":"https:\/\/bigfunhobby.com\/da\/wp-json\/wp\/v2\/product"}],"about":[{"href":"https:\/\/bigfunhobby.com\/da\/wp-json\/wp\/v2\/types\/product"}],"replies":[{"embeddable":true,"href":"https:\/\/bigfunhobby.com\/da\/wp-json\/wp\/v2\/comments?post=8319"}],"wp:featuredmedia":[{"embeddable":true,"href":"https:\/\/bigfunhobby.com\/da\/wp-json\/wp\/v2\/media\/8318"}],"wp:attachment":[{"href":"https:\/\/bigfunhobby.com\/da\/wp-json\/wp\/v2\/media?parent=8319"}],"wp:term":[{"taxonomy":"product_brand","embeddable":true,"href":"https:\/\/bigfunhobby.com\/da\/wp-json\/wp\/v2\/product_brand?post=8319"},{"taxonomy":"product_cat","embeddable":true,"href":"https:\/\/bigfunhobby.com\/da\/wp-json\/wp\/v2\/product_cat?post=8319"},{"taxonomy":"product_tag","embeddable":true,"href":"https:\/\/bigfunhobby.com\/da\/wp-json\/wp\/v2\/product_tag?post=8319"}],"curies":[{"name":"wp","href":"https:\/\/api.w.org\/{rel}","templated":true}]}}