{"id":8323,"date":"2025-03-08T17:16:19","date_gmt":"2025-03-08T17:16:19","guid":{"rendered":"https:\/\/bigfunhobby.com\/butikk\/91122-birch-strips-2-x-2-x-914-mm-pack-25-pcs\/"},"modified":"2025-12-04T11:00:15","modified_gmt":"2025-12-04T09:00:15","slug":"91122-birkelister-2-x-2-x-914-mm-pakke-25-stk","status":"publish","type":"product","link":"https:\/\/bigfunhobby.com\/da\/butikk\/91122-birch-strips-2-x-2-x-914-mm-pack-25-pcs\/","title":{"rendered":"91122 BIRK STRIPS 2 x 2 x 914 mm PACK 25 PCS"},"content":{"rendered":"<p>Uanset om du er en erfaren modelbygger eller en nybegynder, vil disse 2 x 2 x 914 mm birkekrydsfinerstrimler v\u00e6re en fremragende tilf\u00f8jelse til dine hobbyartikler. Pakken indeholder 25 robuste birkekrydsfin\u00e9rstrimler, som er ideelle til mange forskellige form\u00e5l, herunder modellering, h\u00e5ndv\u00e6rksprojekter og skolearbejde.<\/p>\n<p><b>Specifikationer:<\/b><\/p>\n<ul>\n<li>Massiv birkefin\u00e9r af h\u00f8j kvalitet<\/li>\n<li>Dimensioner: 2 x 2 x 914 mm<\/li>\n<li>Pakken indeholder 25 strimler<\/li>\n<li>Let at h\u00e5ndtere og arbejde med<\/li>\n<li>Perfekt til modellering, h\u00e5ndv\u00e6rk og skolearbejde<\/li>\n<\/ul>\n<p>Birkefin\u00e9r er kendt for sin lyse farve, som varierer fra hvid til creme. Med tiden bliver den lidt m\u00f8rkere. Det har en lige \u00e5restruktur og en meget fin tekstur, som g\u00f8r det ideelt til udsk\u00e6ring, drejning og alle former for h\u00e5ndv\u00e6rk.<\/p>\n<p>Disse birkefin\u00e9rstrimler er s\u00e6rligt nyttige til modelbygning. De kan bruges til at lave reservedele eller specialfremstillede dele. Ved konstruktion af tr\u00e6skibsmodeller bruges de f.eks. til at bekl\u00e6de skibets skrog eller tilf\u00f8je detaljer som fodpaneler og r\u00e6kv\u00e6rk.<\/p>\n<p>Birkekrydsfiner er ogs\u00e5 meget let at arbejde med. Det t\u00f8rrer hurtigt og nemt, og det er fremragende til limning og finisharbejde. Det er et ultralet tr\u00e6, hvilket g\u00f8r det til et optimalt valg til h\u00e5ndarbejde.<\/p>\n<p>Uanset om du arbejder p\u00e5 en tr\u00e6skibsmodel, et tr\u00e6s\u00e6t, en plastikmodel, en skalamodel, en modeljernbane eller noget andet, vil disse birkekrydsfinerlister v\u00e6re en v\u00e6rdifuld ressource. Start dit n\u00e6ste byggeprojekt med det bedste materiale. Afgiv din bestilling nu!<\/p>","protected":false},"excerpt":{"rendered":"<p>Dette er en pakke med 25 strimler af birkekrydsfiner i st\u00f8rrelsen 2 x 2 x 914 mm, som er ideelle til modellering, h\u00e5ndv\u00e6rksprojekter og skolearbejde.<\/p>","protected":false},"featured_media":8322,"comment_status":"open","ping_status":"closed","template":"","meta":[],"product_brand":[97],"product_cat":[73],"product_tag":[],"class_list":{"0":"post-8323","1":"product","2":"type-product","3":"status-publish","4":"has-post-thumbnail","6":"product_brand-artesania","7":"product_cat-trebyggesett-treverk","9":"first","10":"instock","11":"taxable","12":"shipping-taxable","13":"purchasable","14":"product-type-simple"},"_links":{"self":[{"href":"https:\/\/bigfunhobby.com\/da\/wp-json\/wp\/v2\/product\/8323","targetHints":{"allow":["GET"]}}],"collection":[{"href":"https:\/\/bigfunhobby.com\/da\/wp-json\/wp\/v2\/product"}],"about":[{"href":"https:\/\/bigfunhobby.com\/da\/wp-json\/wp\/v2\/types\/product"}],"replies":[{"embeddable":true,"href":"https:\/\/bigfunhobby.com\/da\/wp-json\/wp\/v2\/comments?post=8323"}],"wp:featuredmedia":[{"embeddable":true,"href":"https:\/\/bigfunhobby.com\/da\/wp-json\/wp\/v2\/media\/8322"}],"wp:attachment":[{"href":"https:\/\/bigfunhobby.com\/da\/wp-json\/wp\/v2\/media?parent=8323"}],"wp:term":[{"taxonomy":"product_brand","embeddable":true,"href":"https:\/\/bigfunhobby.com\/da\/wp-json\/wp\/v2\/product_brand?post=8323"},{"taxonomy":"product_cat","embeddable":true,"href":"https:\/\/bigfunhobby.com\/da\/wp-json\/wp\/v2\/product_cat?post=8323"},{"taxonomy":"product_tag","embeddable":true,"href":"https:\/\/bigfunhobby.com\/da\/wp-json\/wp\/v2\/product_tag?post=8323"}],"curies":[{"name":"wp","href":"https:\/\/api.w.org\/{rel}","templated":true}]}}