{"id":8327,"date":"2025-03-08T17:16:21","date_gmt":"2025-03-08T17:16:21","guid":{"rendered":"https:\/\/bigfunhobby.com\/butikk\/91124-birch-strips-2-x-4-x-914-mm-pack-25-pcs\/"},"modified":"2025-12-04T11:00:15","modified_gmt":"2025-12-04T09:00:15","slug":"91124-birkelister-2-x-4-x-914-mm-pakke-25-stk","status":"publish","type":"product","link":"https:\/\/bigfunhobby.com\/da\/butikk\/91124-birch-strips-2-x-4-x-914-mm-pack-25-pcs\/","title":{"rendered":"91124 BIRK STRIPS 2 x 4 x 914 mm PACK 25 PCS"},"content":{"rendered":"<p>Denne pakke indeholder 25 birkelister, som hver er 914 mm lange, 2 mm tykke og 4 mm brede. Birketr\u00e6sstrimlerne er et materiale af h\u00f8j kvalitet, som er ideelt til forskellige form\u00e5l, lige fra modellering til h\u00e5ndv\u00e6rk og skoleprojekter.<\/p>\n<p><strong>Specifikationer:<\/strong><\/p>\n<ul>\n<li>Hver pakke indeholder 25 birkestrimler<\/li>\n<li>Hver strimmel er 914 mm lang, 2 mm tyk og 4 mm bred.<\/li>\n<li>Fremstillet af massivt birketr\u00e6 af h\u00f8j kvalitet<\/li>\n<\/ul>\n<p>Birketr\u00e6et er kendetegnet ved sin lyse farve, fra hvid til cremefarvet, og er derfor meget ensartet i hele v\u00e6rket. Med tiden bliver det en smule m\u00f8rkere. Denne tr\u00e6sort har en lige \u00e5retegning med en meget fin struktur, hvilket g\u00f8r birketr\u00e6 til et ideelt valg til udsk\u00e6ring, drejning og alle former for h\u00e5ndv\u00e6rk. Det kan h\u00e5ndteres og bearbejdes med stor lethed og kan v\u00e6re den optimale l\u00f8sning til kunsth\u00e5ndv\u00e6rk. Desuden fungerer det fantastisk, n\u00e5r det g\u00e6lder limning og efterbehandling. Det t\u00f8rrer hurtigt og nemt. Det er et ultralet tr\u00e6.<\/p>\n<p>Moderne modelbyggere finder birkelister perfekte til forskellige projekter. Til tr\u00e6skibsmodeller er de ideelle til at skabe ekstra eller tilpassede dele, f.eks. til at bekl\u00e6de skibets skrog eller tilf\u00f8je detaljer som fodpaneler og r\u00e6kv\u00e6rk. Men deres anvendelse er ikke begr\u00e6nset til modellering af tr\u00e6skibe. Disse birkelister er ogs\u00e5 gode til bygges\u00e6t af tr\u00e6- og plastmodeller.<\/p>\n<p>Uanset om du er en erfaren modelbygger eller en nybegynder, vil disse birkelister v\u00e6re en fremragende tilf\u00f8jelse til din v\u00e6rkt\u00f8jskasse. De er alsidige, nemme at arbejde med og giver dine modeller en professionel finish.<\/p>\n<p>S\u00e5 hvorfor vente? Begynd at skabe imponerende modeller med disse birkelister i dag. K\u00f8b dem her nu.<\/p>","protected":false},"excerpt":{"rendered":"<p>Dette er en pakke med 25 birkestrimler af h\u00f8j kvalitet, som er ideelle til modellering, h\u00e5ndv\u00e6rk og skoleprojekter. Perfekt til b\u00e5de begyndere og erfarne modelbyggere.<\/p>","protected":false},"featured_media":8326,"comment_status":"open","ping_status":"closed","template":"","meta":[],"product_brand":[97],"product_cat":[73],"product_tag":[],"class_list":{"0":"post-8327","1":"product","2":"type-product","3":"status-publish","4":"has-post-thumbnail","6":"product_brand-artesania","7":"product_cat-trebyggesett-treverk","9":"first","10":"instock","11":"taxable","12":"shipping-taxable","13":"purchasable","14":"product-type-simple"},"_links":{"self":[{"href":"https:\/\/bigfunhobby.com\/da\/wp-json\/wp\/v2\/product\/8327","targetHints":{"allow":["GET"]}}],"collection":[{"href":"https:\/\/bigfunhobby.com\/da\/wp-json\/wp\/v2\/product"}],"about":[{"href":"https:\/\/bigfunhobby.com\/da\/wp-json\/wp\/v2\/types\/product"}],"replies":[{"embeddable":true,"href":"https:\/\/bigfunhobby.com\/da\/wp-json\/wp\/v2\/comments?post=8327"}],"wp:featuredmedia":[{"embeddable":true,"href":"https:\/\/bigfunhobby.com\/da\/wp-json\/wp\/v2\/media\/8326"}],"wp:attachment":[{"href":"https:\/\/bigfunhobby.com\/da\/wp-json\/wp\/v2\/media?parent=8327"}],"wp:term":[{"taxonomy":"product_brand","embeddable":true,"href":"https:\/\/bigfunhobby.com\/da\/wp-json\/wp\/v2\/product_brand?post=8327"},{"taxonomy":"product_cat","embeddable":true,"href":"https:\/\/bigfunhobby.com\/da\/wp-json\/wp\/v2\/product_cat?post=8327"},{"taxonomy":"product_tag","embeddable":true,"href":"https:\/\/bigfunhobby.com\/da\/wp-json\/wp\/v2\/product_tag?post=8327"}],"curies":[{"name":"wp","href":"https:\/\/api.w.org\/{rel}","templated":true}]}}