{"id":8329,"date":"2025-03-08T17:16:22","date_gmt":"2025-03-08T17:16:22","guid":{"rendered":"https:\/\/bigfunhobby.com\/butikk\/91126-birch-strips-2-x-6-x-914-mm-pack-25-pcs\/"},"modified":"2025-12-04T11:00:15","modified_gmt":"2025-12-04T09:00:15","slug":"91126-birkelister-2-x-6-x-914-mm-pakke-25-stk","status":"publish","type":"product","link":"https:\/\/bigfunhobby.com\/da\/butikk\/91126-birch-strips-2-x-6-x-914-mm-pack-25-pcs\/","title":{"rendered":"91126 BIRK STRIPS 2 x 6 x 914 mm PACK 25 PCS"},"content":{"rendered":"<p>Denne pakke med 25 birkelister, der m\u00e5ler 2 x 6 x 914 mm, er et fremragende materiale til mange forskellige projekter. Fra modellering til h\u00e5ndv\u00e6rk og skolearbejde er birkelister et alsidigt materiale af h\u00f8j kvalitet.<\/p>\n<p><strong>Specifikationer:<\/strong><\/p>\n<ul>\n<li>Pakke med 25 birkestrimler<\/li>\n<li>St\u00f8rrelse: 2 x 6 x 914 mm pr. strimmel<\/li>\n<li>Fremstillet af birketr\u00e6 af h\u00f8j kvalitet<\/li>\n<li>Let at h\u00e5ndtere og arbejde med<\/li>\n<li>Fremragende til limning og efterbehandling<\/li>\n<\/ul>\n<p>Birkelister er fremstillet af birketr\u00e6 af h\u00f8j kvalitet, som er kendt for sin lyse farve, der varierer fra hvid til creme. Med tiden bliver det en smule m\u00f8rkere. Tr\u00e6ets lige \u00e5rer og fine struktur g\u00f8r birk til det ideelle valg til udsk\u00e6ring, drejning og andet kunsth\u00e5ndv\u00e6rk. Det kan nemt h\u00e5ndteres og bearbejdes, hvilket g\u00f8r det til et optimalt valg til h\u00e5ndarbejde.<\/p>\n<p>I modelbygning er disse birkelister perfekte til modelbyggere, de kan lave reservedele eller specialdele. N\u00e5r man bygger skibsmodeller af tr\u00e6, bruges de til f.eks. at bekl\u00e6de skibets skrog eller tilf\u00f8je detaljer som fodpaneler og r\u00e6kv\u00e6rk.<\/p>\n<p>Er du interesseret i at tage dine projekter til n\u00e6ste niveau? Disse birkelister giver dig den kvalitet og fleksibilitet, du har brug for. Tag et kig p\u00e5 vores udvalg og bestil nu!<\/p>","protected":false},"excerpt":{"rendered":"<p>Dette er en pakke med 25 birkelister, der m\u00e5ler 2 x 6 x 914 mm og er ideelle til modellering, h\u00e5ndv\u00e6rk og skolearbejde takket v\u00e6re tr\u00e6ets h\u00f8je kvalitet og fine finish.<\/p>","protected":false},"featured_media":8328,"comment_status":"open","ping_status":"closed","template":"","meta":[],"product_brand":[97],"product_cat":[73],"product_tag":[],"class_list":{"0":"post-8329","1":"product","2":"type-product","3":"status-publish","4":"has-post-thumbnail","6":"product_brand-artesania","7":"product_cat-trebyggesett-treverk","9":"first","10":"outofstock","11":"taxable","12":"shipping-taxable","13":"purchasable","14":"product-type-simple"},"_links":{"self":[{"href":"https:\/\/bigfunhobby.com\/da\/wp-json\/wp\/v2\/product\/8329","targetHints":{"allow":["GET"]}}],"collection":[{"href":"https:\/\/bigfunhobby.com\/da\/wp-json\/wp\/v2\/product"}],"about":[{"href":"https:\/\/bigfunhobby.com\/da\/wp-json\/wp\/v2\/types\/product"}],"replies":[{"embeddable":true,"href":"https:\/\/bigfunhobby.com\/da\/wp-json\/wp\/v2\/comments?post=8329"}],"wp:featuredmedia":[{"embeddable":true,"href":"https:\/\/bigfunhobby.com\/da\/wp-json\/wp\/v2\/media\/8328"}],"wp:attachment":[{"href":"https:\/\/bigfunhobby.com\/da\/wp-json\/wp\/v2\/media?parent=8329"}],"wp:term":[{"taxonomy":"product_brand","embeddable":true,"href":"https:\/\/bigfunhobby.com\/da\/wp-json\/wp\/v2\/product_brand?post=8329"},{"taxonomy":"product_cat","embeddable":true,"href":"https:\/\/bigfunhobby.com\/da\/wp-json\/wp\/v2\/product_cat?post=8329"},{"taxonomy":"product_tag","embeddable":true,"href":"https:\/\/bigfunhobby.com\/da\/wp-json\/wp\/v2\/product_tag?post=8329"}],"curies":[{"name":"wp","href":"https:\/\/api.w.org\/{rel}","templated":true}]}}