{"id":8333,"date":"2025-03-08T17:16:24","date_gmt":"2025-03-08T17:16:24","guid":{"rendered":"https:\/\/bigfunhobby.com\/butikk\/91133-birch-strips-3-x-3-x-914-mm-pack-25-pcs\/"},"modified":"2025-12-04T11:00:15","modified_gmt":"2025-12-04T09:00:15","slug":"91133-birkelister-3-x-3-x-914-mm-pakke-25-stk","status":"publish","type":"product","link":"https:\/\/bigfunhobby.com\/da\/butikk\/91133-birch-strips-3-x-3-x-914-mm-pack-25-pcs\/","title":{"rendered":"91133 BIRK STRIPS 3 x 3 x 914 mm PACK 25 STK."},"content":{"rendered":"<p>Dette produkt, 91133 Birch Strips 3 x 3 x 914 mm, er en pakke med 25 birkelister, som er perfekte til forskellige form\u00e5l, b\u00e5de inden for modelbygning og andre hobbyer. Det er et kvalitetsprodukt, som er kendt for sin solide tr\u00e6struktur og mange anvendelsesmuligheder.<\/p>\n<p><strong>Specifikationer<\/strong><\/p>\n<ul>\n<li>Dimensioner: 3 x 3 x 914 mm<\/li>\n<li>Antal i pakken: 25 stk.<\/li>\n<li>Materiale: Massivt birketr\u00e6<\/li>\n<li>Farve: Lys, varierer fra hvid til creme<\/li>\n<\/ul>\n<p>Birketr\u00e6 er kendt for sin lyse farve, som kan variere fra hvid til cremefarvet. Med tiden kan det blive lidt m\u00f8rkere. Birketr\u00e6 har en lige \u00e5restruktur og en meget fin tekstur, hvilket g\u00f8r det til et ideelt valg til udsk\u00e6ring, drejning og alle former for kunsth\u00e5ndv\u00e6rk.<\/p>\n<p>Det er et materiale, der er nemt at arbejde med, og som kan bruges til at lave reservedele eller specialdele, uanset om du er en erfaren modelbygger eller en nybegynder. Det kan f.eks. bruges til at lave foringer til skibsmodeller af tr\u00e6, tilf\u00f8je detaljer som fodpaneler og r\u00e6kv\u00e6rk eller til at lave dine egne tr\u00e6s\u00e6t. Birketr\u00e6 er ogs\u00e5 et popul\u00e6rt materiale til skalamodeller og plastikmodeller.<\/p>\n<p>Birk er et ultralet tr\u00e6, hvilket g\u00f8r det nemt at h\u00e5ndtere og arbejde med. Det er godt til limning og efterbehandling, t\u00f8rrer hurtigt og nemt og giver en flot finish af h\u00f8j kvalitet.<\/p>\n<p>Uanset om du er en erfaren modelbygger, en entusiastisk hobbyist eller en l\u00e6rer, der leder efter materialer til skoleprojekter, er disse birkest\u00e6nger et fremragende valg. Se vores udvalg, og bestil nu for at opdage de mange muligheder, som dette produkt kan tilbyde.<\/p>","protected":false},"excerpt":{"rendered":"<p>Dette er en pakke med 25 birkest\u00e6nger, der m\u00e5ler 3 x 3 x 914 mm, og som er perfekte til modellering, h\u00e5ndv\u00e6rk og skoleprojekter. Birk er kendt for sin lyse farve, fine struktur og nemme h\u00e5ndtering.<\/p>","protected":false},"featured_media":8332,"comment_status":"open","ping_status":"closed","template":"","meta":[],"product_brand":[97],"product_cat":[73],"product_tag":[],"class_list":{"0":"post-8333","1":"product","2":"type-product","3":"status-publish","4":"has-post-thumbnail","6":"product_brand-artesania","7":"product_cat-trebyggesett-treverk","9":"first","10":"outofstock","11":"taxable","12":"shipping-taxable","13":"purchasable","14":"product-type-simple"},"_links":{"self":[{"href":"https:\/\/bigfunhobby.com\/da\/wp-json\/wp\/v2\/product\/8333","targetHints":{"allow":["GET"]}}],"collection":[{"href":"https:\/\/bigfunhobby.com\/da\/wp-json\/wp\/v2\/product"}],"about":[{"href":"https:\/\/bigfunhobby.com\/da\/wp-json\/wp\/v2\/types\/product"}],"replies":[{"embeddable":true,"href":"https:\/\/bigfunhobby.com\/da\/wp-json\/wp\/v2\/comments?post=8333"}],"wp:featuredmedia":[{"embeddable":true,"href":"https:\/\/bigfunhobby.com\/da\/wp-json\/wp\/v2\/media\/8332"}],"wp:attachment":[{"href":"https:\/\/bigfunhobby.com\/da\/wp-json\/wp\/v2\/media?parent=8333"}],"wp:term":[{"taxonomy":"product_brand","embeddable":true,"href":"https:\/\/bigfunhobby.com\/da\/wp-json\/wp\/v2\/product_brand?post=8333"},{"taxonomy":"product_cat","embeddable":true,"href":"https:\/\/bigfunhobby.com\/da\/wp-json\/wp\/v2\/product_cat?post=8333"},{"taxonomy":"product_tag","embeddable":true,"href":"https:\/\/bigfunhobby.com\/da\/wp-json\/wp\/v2\/product_tag?post=8333"}],"curies":[{"name":"wp","href":"https:\/\/api.w.org\/{rel}","templated":true}]}}