{"id":8335,"date":"2025-03-08T17:16:25","date_gmt":"2025-03-08T17:16:25","guid":{"rendered":"https:\/\/bigfunhobby.com\/butikk\/91144-birch-strips-4-x-4-x-914-mm-pack-25-pcs\/"},"modified":"2025-12-04T11:00:16","modified_gmt":"2025-12-04T09:00:16","slug":"91144-birch-strips-4-x-4-x-914-mm-pack-25-pcs","status":"publish","type":"product","link":"https:\/\/bigfunhobby.com\/da\/butikk\/91144-birch-strips-4-x-4-x-914-mm-pack-25-pcs\/","title":{"rendered":"91144 BIRK STRIPS 4 x 4 x 914 mm PACK 25 PCS"},"content":{"rendered":"<p>Disse birkelistene er ideelle for b\u00e5de modellbygging og andre hobbyprosjekter. Pakken inneholder 25 stk av h\u00f8ykvalitets birketre som er 4x4x914mm. Enten du er en erfaren modellbygger, eller en nybegynner, vil disse listene v\u00e6re et fantastisk tillegg til ditt verkt\u00f8ysett.<\/p>\n<p><strong>Specifikationer:<\/strong><\/p>\n<ul>\n<li>Produktnavn: 91144 BIRK STRIPS 4 x 4 x 914 mm PACK 25 PCS<\/li>\n<li>Antal: 25 stk.<\/li>\n<li>Dimensjoner: 4 x 4 x 914 mm<\/li>\n<li>Materiale: H\u00f8ykvalitets birk<\/li>\n<\/ul>\n<p><strong>Materialer:<\/strong><\/p>\n<p>Birk er kjent for sin lyse farge, som varierer fra hvit til kremfarget. Den er ogs\u00e5 kjent for sin rette kornstruktur med en fin tekstur. Dette gj\u00f8r at birk er et ideelt valg for utskj\u00e6ring, dreining og all slags h\u00e5ndarbeid. Birk er ogs\u00e5 enkelt \u00e5 h\u00e5ndtere og arbeide med, og er derfor et utmerket alternativ for h\u00e5ndverk. T\u00f8rking er rask og enkel, i tillegg er birk et sv\u00e6rt lett tre.<\/p>\n<p><strong>Historie:<\/strong><\/p>\n<p>Birk har blitt brukt i modellbygging i mange \u00e5r p\u00e5 grunn av dens letthet, styrke og enkelhet \u00e5 jobbe med. Den er et popul\u00e6rt valg for b\u00e5de profesjonelle og hobbyentusiaster. Det er ogs\u00e5 verdt \u00e5 merke seg at birk over tid vil bli noe m\u00f8rkere, noe som gir modellene dine et autentisk og naturlig utseende.<\/p>\n<p>Om du lager en treskipsmodell, byggesett i tre, en plastmodell, eller jobber med en modelljernbane, vil disse birkelistene v\u00e6re et utmerket valg. De kan ogs\u00e5 brukes til fin snekring, h\u00e5ndverk og skoleprosjekter.<\/p>\n<p>Bestill din pakke med birkelister i dag og ta modellbyggingen til neste niv\u00e5!<\/p>","protected":false},"excerpt":{"rendered":"<p>Birkelist i pakker p\u00e5 25 stk, 4x4x914mm, perfekt for modellbygging, h\u00e5ndverk og skoleprosjekter. H\u00f8y kvalitet og lett \u00e5 jobbe med.<\/p>","protected":false},"featured_media":8334,"comment_status":"open","ping_status":"closed","template":"","meta":[],"product_brand":[97],"product_cat":[73],"product_tag":[],"class_list":{"0":"post-8335","1":"product","2":"type-product","3":"status-publish","4":"has-post-thumbnail","6":"product_brand-artesania","7":"product_cat-trebyggesett-treverk","9":"first","10":"outofstock","11":"taxable","12":"shipping-taxable","13":"purchasable","14":"product-type-simple"},"_links":{"self":[{"href":"https:\/\/bigfunhobby.com\/da\/wp-json\/wp\/v2\/product\/8335","targetHints":{"allow":["GET"]}}],"collection":[{"href":"https:\/\/bigfunhobby.com\/da\/wp-json\/wp\/v2\/product"}],"about":[{"href":"https:\/\/bigfunhobby.com\/da\/wp-json\/wp\/v2\/types\/product"}],"replies":[{"embeddable":true,"href":"https:\/\/bigfunhobby.com\/da\/wp-json\/wp\/v2\/comments?post=8335"}],"wp:featuredmedia":[{"embeddable":true,"href":"https:\/\/bigfunhobby.com\/da\/wp-json\/wp\/v2\/media\/8334"}],"wp:attachment":[{"href":"https:\/\/bigfunhobby.com\/da\/wp-json\/wp\/v2\/media?parent=8335"}],"wp:term":[{"taxonomy":"product_brand","embeddable":true,"href":"https:\/\/bigfunhobby.com\/da\/wp-json\/wp\/v2\/product_brand?post=8335"},{"taxonomy":"product_cat","embeddable":true,"href":"https:\/\/bigfunhobby.com\/da\/wp-json\/wp\/v2\/product_cat?post=8335"},{"taxonomy":"product_tag","embeddable":true,"href":"https:\/\/bigfunhobby.com\/da\/wp-json\/wp\/v2\/product_tag?post=8335"}],"curies":[{"name":"wp","href":"https:\/\/api.w.org\/{rel}","templated":true}]}}