{"id":8337,"date":"2025-03-08T17:16:26","date_gmt":"2025-03-08T17:16:26","guid":{"rendered":"https:\/\/bigfunhobby.com\/butikk\/91191-birch-strips-15-x-15-x-914-mm-pack-25-pcs\/"},"modified":"2025-12-04T11:00:16","modified_gmt":"2025-12-04T09:00:16","slug":"91191-birkelister-15-x-15-x-914-mm-pakke-25-stk","status":"publish","type":"product","link":"https:\/\/bigfunhobby.com\/da\/butikk\/91191-birch-strips-15-x-15-x-914-mm-pack-25-pcs\/","title":{"rendered":"91191 BIRK STRIPS 1,5 x 1,5 x 914 mm PACK 25 STK."},"content":{"rendered":"<p>91191 Birkelister er et uundv\u00e6rligt v\u00e6rkt\u00f8j for alle entusiastiske modelbyggere, b\u00e5de begyndere og erfarne. Disse lister af h\u00f8j kvalitet er fremstillet af massivt birketr\u00e6, der er kendt for sin lyse farve, lige \u00e5rer og fine struktur. Hver pakke indeholder 25 stykker, alle 914 mm lange.<\/p>\n<p><strong>Specifikationer:<\/strong><\/p>\n<ul>\n<li>Materiale: Massivt birketr\u00e6<\/li>\n<li>Dimensioner: 1,5 x 1,5 x 914 mm<\/li>\n<li>Antal: 25 enheder pr. pakke<\/li>\n<\/ul>\n<p>Deres lyse farve sp\u00e6nder fra hvid til creme og er meget j\u00e6vn i hele stykket. Med tiden bliver farven noget m\u00f8rkere. Birk er et ideelt materiale til udsk\u00e6ringer, tr\u00e6drejning og alle former for kunsth\u00e5ndv\u00e6rk, herunder modelbygning og skibsmodeller af tr\u00e6.<\/p>\n<p>Birkelisterne kan bruges til at lave reservedele eller tilpasse dele til dine modelprojekter. I tr\u00e6skibss\u00e6t bruges de ofte til at d\u00e6kke skibets skrog eller tilf\u00f8je detaljer som gulvbr\u00e6dder og r\u00e6kv\u00e6rk. De er ogs\u00e5 gode til fint t\u00f8mrerarbejde, h\u00e5ndv\u00e6rk og skolearbejde.<\/p>\n<p>Birketr\u00e6 er ogs\u00e5 let at h\u00e5ndtere og arbejde med, hvilket g\u00f8r det til et optimalt valg til h\u00e5ndv\u00e6rk. Det fungerer fremragende, n\u00e5r det g\u00e6lder limning og efterbehandling, og det t\u00f8rrer hurtigt og nemt. Det er en ultralet tr\u00e6sort.<\/p>\n<p><strong>Start dit n\u00e6ste modelbygningsprojekt med 91191 Birch Lists. K\u00f8b nu for at udforske de mange muligheder, disse lister kan tilbyde!<\/strong><\/p>","protected":false},"excerpt":{"rendered":"<p>91191 Birkelister er massive tr\u00e6stykker af h\u00f8j kvalitet, der er ideelle til modelbygning, snedkerarbejde og kunsth\u00e5ndv\u00e6rk. Disse lister er perfekte til b\u00e5de begyndere og erfarne modelbyggere.<\/p>","protected":false},"featured_media":8336,"comment_status":"open","ping_status":"closed","template":"","meta":[],"product_brand":[97],"product_cat":[73],"product_tag":[],"class_list":{"0":"post-8337","1":"product","2":"type-product","3":"status-publish","4":"has-post-thumbnail","6":"product_brand-artesania","7":"product_cat-trebyggesett-treverk","9":"first","10":"instock","11":"taxable","12":"shipping-taxable","13":"purchasable","14":"product-type-simple"},"_links":{"self":[{"href":"https:\/\/bigfunhobby.com\/da\/wp-json\/wp\/v2\/product\/8337","targetHints":{"allow":["GET"]}}],"collection":[{"href":"https:\/\/bigfunhobby.com\/da\/wp-json\/wp\/v2\/product"}],"about":[{"href":"https:\/\/bigfunhobby.com\/da\/wp-json\/wp\/v2\/types\/product"}],"replies":[{"embeddable":true,"href":"https:\/\/bigfunhobby.com\/da\/wp-json\/wp\/v2\/comments?post=8337"}],"wp:featuredmedia":[{"embeddable":true,"href":"https:\/\/bigfunhobby.com\/da\/wp-json\/wp\/v2\/media\/8336"}],"wp:attachment":[{"href":"https:\/\/bigfunhobby.com\/da\/wp-json\/wp\/v2\/media?parent=8337"}],"wp:term":[{"taxonomy":"product_brand","embeddable":true,"href":"https:\/\/bigfunhobby.com\/da\/wp-json\/wp\/v2\/product_brand?post=8337"},{"taxonomy":"product_cat","embeddable":true,"href":"https:\/\/bigfunhobby.com\/da\/wp-json\/wp\/v2\/product_cat?post=8337"},{"taxonomy":"product_tag","embeddable":true,"href":"https:\/\/bigfunhobby.com\/da\/wp-json\/wp\/v2\/product_tag?post=8337"}],"curies":[{"name":"wp","href":"https:\/\/api.w.org\/{rel}","templated":true}]}}