{"id":8339,"date":"2025-03-08T17:16:27","date_gmt":"2025-03-08T17:16:27","guid":{"rendered":"https:\/\/bigfunhobby.com\/butikk\/91192-birch-strips-15-x-2-x-914-mm-pack-25-pcs\/"},"modified":"2025-12-04T11:00:16","modified_gmt":"2025-12-04T09:00:16","slug":"91192-birkelister-15-x-2-x-914-mm-pakke-25-stk","status":"publish","type":"product","link":"https:\/\/bigfunhobby.com\/da\/butikk\/91192-birch-strips-15-x-2-x-914-mm-pack-25-pcs\/","title":{"rendered":"91192 BIRK STRIPS 1,5 x 2 x 914 mm PACK 25 STK."},"content":{"rendered":"<p>91192 Birch strips 1,5 x 2 x 914 mm, pakke med 25 stk. er et kvalitetsprodukt, som er perfekt til b\u00e5de modelbygning og andre hobbyaktiviteter. Det er et alsidigt materiale, som er nemt at arbejde med, og som giver dine projekter en professionel finish.<\/p>\n<p><strong>Specifikationer:<\/strong><\/p>\n<ul>\n<li>Materiale: Massivt birketr\u00e6<\/li>\n<li>Dimensioner: 1,5 x 2 x 914 mm<\/li>\n<li>Pakke med 25 stk.<\/li>\n<\/ul>\n<p>Birkelisterne er kendt for deres lyse farve, der varierer fra hvid til cremefarvet. Med tiden bliver farven lidt m\u00f8rkere, hvilket giver en naturlig og rustik finish. Med sin lige kornstruktur og fine tekstur er birk et ideelt valg til udsk\u00e6ring, drejning og andet kunsth\u00e5ndv\u00e6rk.<\/p>\n<p>Disse strimler er meget praktiske i modelbygning. De kan bruges til at lave reservedele eller specialdele og er is\u00e6r nyttige ved konstruktion af tr\u00e6skibsmodeller, hvor de kan bruges til at bekl\u00e6de skibets skrog eller tilf\u00f8je detaljer som gulvbr\u00e6dder og r\u00e6kv\u00e6rk.<\/p>\n<p>Birk er et ultralet tr\u00e6, hvilket g\u00f8r det let at h\u00e5ndtere og arbejde med. Det er ogs\u00e5 meget velegnet til limning og efterbehandling og t\u00f8rrer hurtigt og nemt.<\/p>\n<p>Uanset om du er nybegynder eller en erfaren entusiast, vil du s\u00e6tte pris p\u00e5 kvaliteten og alsidigheden af disse birkestrimler. Udforsk mulighederne, og tag dine h\u00e5ndv\u00e6rksprojekter til det n\u00e6ste niveau.<\/p>\n<p><strong>Bestil dine birkelister i dag, og oplev kvalitet og h\u00e5ndv\u00e6rk, n\u00e5r det er bedst!<\/strong><\/p>","protected":false},"excerpt":{"rendered":"<p>Disse birkestrimler i pakker med 25 stk. er ideelle til b\u00e5de modelbygning og andre hobbyer. De er nemme at arbejde med og giver en flot finish til dine projekter.<\/p>","protected":false},"featured_media":8338,"comment_status":"open","ping_status":"closed","template":"","meta":[],"product_brand":[97],"product_cat":[73],"product_tag":[],"class_list":{"0":"post-8339","1":"product","2":"type-product","3":"status-publish","4":"has-post-thumbnail","6":"product_brand-artesania","7":"product_cat-trebyggesett-treverk","9":"first","10":"instock","11":"taxable","12":"shipping-taxable","13":"purchasable","14":"product-type-simple"},"_links":{"self":[{"href":"https:\/\/bigfunhobby.com\/da\/wp-json\/wp\/v2\/product\/8339","targetHints":{"allow":["GET"]}}],"collection":[{"href":"https:\/\/bigfunhobby.com\/da\/wp-json\/wp\/v2\/product"}],"about":[{"href":"https:\/\/bigfunhobby.com\/da\/wp-json\/wp\/v2\/types\/product"}],"replies":[{"embeddable":true,"href":"https:\/\/bigfunhobby.com\/da\/wp-json\/wp\/v2\/comments?post=8339"}],"wp:featuredmedia":[{"embeddable":true,"href":"https:\/\/bigfunhobby.com\/da\/wp-json\/wp\/v2\/media\/8338"}],"wp:attachment":[{"href":"https:\/\/bigfunhobby.com\/da\/wp-json\/wp\/v2\/media?parent=8339"}],"wp:term":[{"taxonomy":"product_brand","embeddable":true,"href":"https:\/\/bigfunhobby.com\/da\/wp-json\/wp\/v2\/product_brand?post=8339"},{"taxonomy":"product_cat","embeddable":true,"href":"https:\/\/bigfunhobby.com\/da\/wp-json\/wp\/v2\/product_cat?post=8339"},{"taxonomy":"product_tag","embeddable":true,"href":"https:\/\/bigfunhobby.com\/da\/wp-json\/wp\/v2\/product_tag?post=8339"}],"curies":[{"name":"wp","href":"https:\/\/api.w.org\/{rel}","templated":true}]}}