{"id":8343,"date":"2025-03-08T17:16:28","date_gmt":"2025-03-08T17:16:28","guid":{"rendered":"https:\/\/bigfunhobby.com\/butikk\/91194-birch-strips-15-x-4-x-914-mm-pack-25-pcs\/"},"modified":"2025-12-04T11:00:16","modified_gmt":"2025-12-04T09:00:16","slug":"91194-birch-strips-15-x-4-x-914-mm-pack-25-pcs","status":"publish","type":"product","link":"https:\/\/bigfunhobby.com\/da\/butikk\/91194-birch-strips-15-x-4-x-914-mm-pack-25-pcs\/","title":{"rendered":"91194 BIRK STRIPS 1,5 x 4 x 914 mm PACK 25 STK."},"content":{"rendered":"<p>Dette er en pakke med bj\u00f8rkstrimler p\u00e5 1.5 x 4 x 914 mm, ideelt for modellbygging og andre hobbyaktiviteter. Med sin fine, h\u00f8ykvalitets finish, er disse bj\u00f8rkstrimlene et utmerket valg for b\u00e5de nybegynnere og erfarne modellbyggere.<\/p>\n<p><b>Specifikationer:<\/b><br \/>\n&#8211; Hver pakke inneholder 25 bj\u00f8rkstrimler.<br \/>\n&#8211; Hver bj\u00f8rkstrimmel er 914 mm lang.<br \/>\n&#8211; Strimlene er laget av h\u00f8ykvalitets, massivt tre.<br \/>\n&#8211; De kan brukes til mange form\u00e5l innen modellbygging og andre hobbyer.<\/p>\n<p>Bj\u00f8rkstrimlene er ideelle for modellbyggere, da de kan brukes til \u00e5 lage ekstra eller tilpassede deler. I byggeprosesser av treskipsmodeller, kan de brukes til handlinger som \u00e5 kle skipets skrog eller legge til detaljer som fotlister og rekkverk.<\/p>\n<p>Bj\u00f8rk er kjent for sin lyse farge, som varierer fra hvitt til krem. Den er derfor veldig jevn over hele stykket. Over tid blir den litt m\u00f8rkere. Tr\u00e6ret har en rett type korn med en veldig fin tekstur. Dette gj\u00f8r bj\u00f8rk til et ideelt valg for utskj\u00e6ring, dreining og all slags h\u00e5ndarbeid.<\/p>\n<p>Bj\u00f8rkstrimlene kan h\u00e5ndteres og bearbeides med total enkelhet. De er et optimalt alternativ for arbeid med hendene. Selvf\u00f8lgelig utf\u00f8rer de fantastisk i forhold til liming og etterbehandling. T\u00f8rking er rask og enkel.<\/p>\n<p>Uansett om du er en erfaren modellbygger eller bare begynner, vil du finne disse bj\u00f8rkstrimlene sv\u00e6rt nyttige og enkle \u00e5 bruke. Ikke vent, bestill din pakke med bj\u00f8rkstrimler i dag og ta modellbyggingen til et nytt niv\u00e5!<\/p>","protected":false},"excerpt":{"rendered":"<p>Pakken med bj\u00f8rkstrimler til modellbygging er et h\u00f8ykvalitetsprodukt med mange bruksomr\u00e5der. Dette er perfekt for b\u00e5de nybegynnere og erfarne modellbyggere.<\/p>","protected":false},"featured_media":8342,"comment_status":"open","ping_status":"closed","template":"","meta":[],"product_brand":[97],"product_cat":[73],"product_tag":[],"class_list":{"0":"post-8343","1":"product","2":"type-product","3":"status-publish","4":"has-post-thumbnail","6":"product_brand-artesania","7":"product_cat-trebyggesett-treverk","9":"first","10":"instock","11":"taxable","12":"shipping-taxable","13":"purchasable","14":"product-type-simple"},"_links":{"self":[{"href":"https:\/\/bigfunhobby.com\/da\/wp-json\/wp\/v2\/product\/8343","targetHints":{"allow":["GET"]}}],"collection":[{"href":"https:\/\/bigfunhobby.com\/da\/wp-json\/wp\/v2\/product"}],"about":[{"href":"https:\/\/bigfunhobby.com\/da\/wp-json\/wp\/v2\/types\/product"}],"replies":[{"embeddable":true,"href":"https:\/\/bigfunhobby.com\/da\/wp-json\/wp\/v2\/comments?post=8343"}],"wp:featuredmedia":[{"embeddable":true,"href":"https:\/\/bigfunhobby.com\/da\/wp-json\/wp\/v2\/media\/8342"}],"wp:attachment":[{"href":"https:\/\/bigfunhobby.com\/da\/wp-json\/wp\/v2\/media?parent=8343"}],"wp:term":[{"taxonomy":"product_brand","embeddable":true,"href":"https:\/\/bigfunhobby.com\/da\/wp-json\/wp\/v2\/product_brand?post=8343"},{"taxonomy":"product_cat","embeddable":true,"href":"https:\/\/bigfunhobby.com\/da\/wp-json\/wp\/v2\/product_cat?post=8343"},{"taxonomy":"product_tag","embeddable":true,"href":"https:\/\/bigfunhobby.com\/da\/wp-json\/wp\/v2\/product_tag?post=8343"}],"curies":[{"name":"wp","href":"https:\/\/api.w.org\/{rel}","templated":true}]}}