{"id":8345,"date":"2025-03-08T17:16:29","date_gmt":"2025-03-08T17:16:29","guid":{"rendered":"https:\/\/bigfunhobby.com\/butikk\/91195-birch-strips-15-x-5-x-914-mm-pack-25-pcs\/"},"modified":"2025-12-04T11:00:39","modified_gmt":"2025-12-04T09:00:39","slug":"91195-birkelister-15-x-5-x-914-mm-pakke-25-stk","status":"publish","type":"product","link":"https:\/\/bigfunhobby.com\/da\/butikk\/91195-birch-strips-15-x-5-x-914-mm-pack-25-pcs\/","title":{"rendered":"91195 BIRK STRIPS 1,5 x 5 x 914 mm PACK 25 STK."},"content":{"rendered":"<p>Vores produkt, en pakke med 25 birkest\u00e6nger, er et fremragende materiale til dem, der er interesserede i modelbygning, tr\u00e6skibsmodeller, tr\u00e6s\u00e6t, h\u00e5ndv\u00e6rk og skolearbejde. Med m\u00e5lene 1,5 x 5 x 914 mm giver disse birkest\u00e6nger dig masser af muligheder for at skabe og tilpasse dine projekter.<\/p>\n<p><strong>Specifikationer:<\/strong><\/p>\n<ul>\n<li>Dimensioner: 1,5 x 5 x 914 mm<\/li>\n<li>Materiale: Birk<\/li>\n<li>Antal: 25 stk.<\/li>\n<\/ul>\n<p>Birkebj\u00e6lker er lavet af massivt tr\u00e6 af h\u00f8j kvalitet. De er ideelle til at lave reservedele eller tilpasse dele, f.eks. i byggeprocesser af tr\u00e6skibsmodeller. Du kan bruge dem til at kl\u00e6de skibets skrog p\u00e5 eller tilf\u00f8je detaljer som fodlister og gel\u00e6ndere.<\/p>\n<p>Birk er et fremragende materiale til udsk\u00e6ring, drejning og andet h\u00e5ndv\u00e6rk. Det er let at h\u00e5ndtere og arbejde med, og det fungerer fantastisk med hensyn til limning og efterbehandling. Tr\u00e6et t\u00f8rrer hurtigt og nemt, og det har en fin struktur og en lys farve, der varierer fra hvid til cremefarvet. Med tiden bliver det lidt m\u00f8rkere og f\u00e5r en smuk patina.<\/p>\n<p>Uanset om du er en erfaren modelbygger eller en nybegynder, vil du s\u00e6tte pris p\u00e5 den kvalitet og alsidighed, som disse birkest\u00e6nger giver. Tag din modelbygning til det n\u00e6ste niveau med vores udvalg af birkest\u00e6nger. <strong>Book nu<\/strong> og begynd at skabe noget fantastisk!<\/p>","protected":false},"excerpt":{"rendered":"<p>Dette er en pakke med 25 birkest\u00e6nger, der m\u00e5ler 1,5 x 5 x 914 mm og er ideelle til modelbygning og hobbyarbejde. Fremragende materiale til modellering af tr\u00e6skibe og bygges\u00e6t.<\/p>","protected":false},"featured_media":8344,"comment_status":"open","ping_status":"closed","template":"","meta":[],"product_brand":[97],"product_cat":[73],"product_tag":[],"class_list":{"0":"post-8345","1":"product","2":"type-product","3":"status-publish","4":"has-post-thumbnail","6":"product_brand-artesania","7":"product_cat-trebyggesett-treverk","9":"first","10":"outofstock","11":"taxable","12":"shipping-taxable","13":"purchasable","14":"product-type-simple"},"_links":{"self":[{"href":"https:\/\/bigfunhobby.com\/da\/wp-json\/wp\/v2\/product\/8345","targetHints":{"allow":["GET"]}}],"collection":[{"href":"https:\/\/bigfunhobby.com\/da\/wp-json\/wp\/v2\/product"}],"about":[{"href":"https:\/\/bigfunhobby.com\/da\/wp-json\/wp\/v2\/types\/product"}],"replies":[{"embeddable":true,"href":"https:\/\/bigfunhobby.com\/da\/wp-json\/wp\/v2\/comments?post=8345"}],"wp:featuredmedia":[{"embeddable":true,"href":"https:\/\/bigfunhobby.com\/da\/wp-json\/wp\/v2\/media\/8344"}],"wp:attachment":[{"href":"https:\/\/bigfunhobby.com\/da\/wp-json\/wp\/v2\/media?parent=8345"}],"wp:term":[{"taxonomy":"product_brand","embeddable":true,"href":"https:\/\/bigfunhobby.com\/da\/wp-json\/wp\/v2\/product_brand?post=8345"},{"taxonomy":"product_cat","embeddable":true,"href":"https:\/\/bigfunhobby.com\/da\/wp-json\/wp\/v2\/product_cat?post=8345"},{"taxonomy":"product_tag","embeddable":true,"href":"https:\/\/bigfunhobby.com\/da\/wp-json\/wp\/v2\/product_tag?post=8345"}],"curies":[{"name":"wp","href":"https:\/\/api.w.org\/{rel}","templated":true}]}}