{"id":8349,"date":"2025-03-08T17:16:31","date_gmt":"2025-03-08T17:16:31","guid":{"rendered":"https:\/\/bigfunhobby.com\/butikk\/91197-birch-strips-15-x-7-x-914-mm-pack-25-pcs\/"},"modified":"2025-12-04T11:00:39","modified_gmt":"2025-12-04T09:00:39","slug":"91197-birch-strips-15-x-7-x-914-mm-pack-25-pcs","status":"publish","type":"product","link":"https:\/\/bigfunhobby.com\/da\/butikk\/91197-birch-strips-15-x-7-x-914-mm-pack-25-pcs\/","title":{"rendered":"91197 BIRK STRIPS 1,5 x 7 x 914 mm PACK 25 STK."},"content":{"rendered":"<p>Dette er en pakke med 25 bj\u00f8rkelister i st\u00f8rrelsen 1,5 x 7 x 914 mm, perfekt til en rekke form\u00e5l, b\u00e5de innen modellbygging og andre hobbyer. Disse listene er laget av solid bj\u00f8rketre, kjent for sin h\u00f8ye kvalitet og unike egenskaper.<\/p>\n<ul>\n<li>Produkt: Bj\u00f8rkelister<\/li>\n<li>St\u00f8rrelse: 1,5 x 7 x 914 mm<\/li>\n<li>Antall: 25 stk per pakke<\/li>\n<\/ul>\n<p>Bj\u00f8rketre er kjent for sin lette farge, som varierer fra hvit til kremfarget, og er veldig uniform gjennom hele treet. Over tid blir det litt m\u00f8rkere. Treets rette struktur og fine tekstur gj\u00f8r bj\u00f8rk til et ideelt valg for utskj\u00e6ringer, dreiearbeid, og annet h\u00e5ndverk.<\/p>\n<p>Fra modellbygging til fin snekring, h\u00e5ndverk, og skolearbeid, kan disse bj\u00f8rkelistene brukes til \u00e5 skape reservedeler eller egendefinerte deler. I byggeprosesser av treskipsmodeller, brukes bj\u00f8rkelister ofte til \u00e5 lage skipets skrog eller til \u00e5 legge til detaljer som gulvlister og rekkverk.<\/p>\n<p>Bj\u00f8rk er enkelt \u00e5 arbeide med, og er et flott valg for h\u00e5ndverksprosjekter. Det kan enkelt limes og t\u00f8rker raskt. Det gir en fin, h\u00f8ykvalitets finish og er en ultralett type tre.<\/p>\n<p>Hvis du er en entusiastisk modellbygger eller bare begynner \u00e5 utforske denne hobbyen, er disse bj\u00f8rkelistene et utmerket valg. De gir deg fleksibiliteten og kvaliteten du trenger for \u00e5 skape unike og detaljerte modeller.<\/p>\n<p>N\u00e5 kan du utforske mulighetene med bj\u00f8rk i dine modellbyggingsprosjekter. Kj\u00f8p pakken med bj\u00f8rkelister n\u00e5, og ta hobbyen din til et nytt niv\u00e5.<\/p>","protected":false},"excerpt":{"rendered":"<p>Dette er en pakke med 25 h\u00f8ykvalitets bj\u00f8rkelister i st\u00f8rrelsen 1,5 x 7 x 914 mm. Perfekt for b\u00e5de nybegynnere og erfarne modellbyggere.<\/p>","protected":false},"featured_media":8348,"comment_status":"open","ping_status":"closed","template":"","meta":[],"product_brand":[97],"product_cat":[73],"product_tag":[],"class_list":{"0":"post-8349","1":"product","2":"type-product","3":"status-publish","4":"has-post-thumbnail","6":"product_brand-artesania","7":"product_cat-trebyggesett-treverk","9":"first","10":"instock","11":"taxable","12":"shipping-taxable","13":"purchasable","14":"product-type-simple"},"_links":{"self":[{"href":"https:\/\/bigfunhobby.com\/da\/wp-json\/wp\/v2\/product\/8349","targetHints":{"allow":["GET"]}}],"collection":[{"href":"https:\/\/bigfunhobby.com\/da\/wp-json\/wp\/v2\/product"}],"about":[{"href":"https:\/\/bigfunhobby.com\/da\/wp-json\/wp\/v2\/types\/product"}],"replies":[{"embeddable":true,"href":"https:\/\/bigfunhobby.com\/da\/wp-json\/wp\/v2\/comments?post=8349"}],"wp:featuredmedia":[{"embeddable":true,"href":"https:\/\/bigfunhobby.com\/da\/wp-json\/wp\/v2\/media\/8348"}],"wp:attachment":[{"href":"https:\/\/bigfunhobby.com\/da\/wp-json\/wp\/v2\/media?parent=8349"}],"wp:term":[{"taxonomy":"product_brand","embeddable":true,"href":"https:\/\/bigfunhobby.com\/da\/wp-json\/wp\/v2\/product_brand?post=8349"},{"taxonomy":"product_cat","embeddable":true,"href":"https:\/\/bigfunhobby.com\/da\/wp-json\/wp\/v2\/product_cat?post=8349"},{"taxonomy":"product_tag","embeddable":true,"href":"https:\/\/bigfunhobby.com\/da\/wp-json\/wp\/v2\/product_tag?post=8349"}],"curies":[{"name":"wp","href":"https:\/\/api.w.org\/{rel}","templated":true}]}}