{"id":8353,"date":"2025-03-08T17:16:33","date_gmt":"2025-03-08T17:16:33","guid":{"rendered":"https:\/\/bigfunhobby.com\/butikk\/91064-basswood-veneers-06x4x1000-mm-pack-25-pcs\/"},"modified":"2025-12-04T11:00:39","modified_gmt":"2025-12-04T09:00:39","slug":"91064-basswood-veneers-06x4x1000-mm-pack-25-pcs","status":"publish","type":"product","link":"https:\/\/bigfunhobby.com\/da\/butikk\/91064-basswood-veneers-06x4x1000-mm-pack-25-pcs\/","title":{"rendered":"91064 BASSWOOD FINER 0,6x4x1000 mm PAKKE 25 STK."},"content":{"rendered":"<p>Vil du gi prosjektene dine det autentiske utseendet av tre? V\u00e5rt h\u00f8ykvalitets basswoodfin\u00e9r, med m\u00e5lene 0,6x4x1000 mm, er det perfekte valget for deg. Dette produktet er utmerket for b\u00e5de modellbygging og andre h\u00e5ndverksprosjekter, som fin snekkerarbeid, h\u00e5ndverk og skolearbeid.<\/p>\n<p>Specifikationerne for dette produkt er som f\u00f8lger:<\/p>\n<ul>\n<li>Materiale: H\u00f8ykvalitets basswood<\/li>\n<li>M\u00e5l: 0,6x4x1000 mm per stykk<\/li>\n<li>Antall: 25 stykker per pakke<\/li>\n<\/ul>\n<p>Basswood er kjent for sin lyse farge, fra hvit til kremfarget, og dens lette og medium-lave hardhet. Denne tresorten er h\u00f8yt verdsatt av modellbyggere og andre h\u00e5ndverksentusiaster for sin fine tekstur, i tillegg til sin letthet \u00e5 arbeide med og h\u00e5ndtere. Dette gj\u00f8r basswood til et ideelt valg for utskj\u00e6ring, dreining og alle typer manuelt arbeid.<\/p>\n<p>Om du bygger en treskipsmodell, en plastmodell eller jobber med en modelljernbane, kan du med basswoodfin\u00e9r gi et autentisk trelignende utseende til enhver del som ikke er det. For eksempel kan du bruke den til \u00e5 kle veggene p\u00e5 noe som er bygget med deler av brett, eller for \u00e5 kle et dekk p\u00e5 en skalamodell av et skip og etterligne plankene som utgj\u00f8r det.<\/p>\n<p>Ikke bare er basswood enkel \u00e5 arbeide med, men den presterer ogs\u00e5 fantastisk i forhold til liming og etterbehandling. T\u00f8rking av basswood er rask og enkel, noe som gj\u00f8r det til et optimalt valg for h\u00e5ndverksprosjekter.<\/p>\n<p>Uansett om du er en erfaren modellbygger eller en nybegynner, er v\u00e5rt basswoodfin\u00e9r et utmerket valg for ditt neste prosjekt. Se utvalget v\u00e5rt og bestill n\u00e5 for \u00e5 ta modellbyggingen din til neste niv\u00e5.<\/p>","protected":false},"excerpt":{"rendered":"<p>Dette er h\u00f8ykvalitets basswoodfin\u00e9r med m\u00e5lene 0,6x4x1000 mm, perfekt for modellbygging og h\u00e5ndverksprosjekter. Pakken inneholder 25 stykker.<\/p>","protected":false},"featured_media":8352,"comment_status":"open","ping_status":"closed","template":"","meta":[],"product_brand":[97],"product_cat":[73],"product_tag":[],"class_list":{"0":"post-8353","1":"product","2":"type-product","3":"status-publish","4":"has-post-thumbnail","6":"product_brand-artesania","7":"product_cat-trebyggesett-treverk","9":"first","10":"instock","11":"taxable","12":"shipping-taxable","13":"purchasable","14":"product-type-simple"},"_links":{"self":[{"href":"https:\/\/bigfunhobby.com\/da\/wp-json\/wp\/v2\/product\/8353","targetHints":{"allow":["GET"]}}],"collection":[{"href":"https:\/\/bigfunhobby.com\/da\/wp-json\/wp\/v2\/product"}],"about":[{"href":"https:\/\/bigfunhobby.com\/da\/wp-json\/wp\/v2\/types\/product"}],"replies":[{"embeddable":true,"href":"https:\/\/bigfunhobby.com\/da\/wp-json\/wp\/v2\/comments?post=8353"}],"wp:featuredmedia":[{"embeddable":true,"href":"https:\/\/bigfunhobby.com\/da\/wp-json\/wp\/v2\/media\/8352"}],"wp:attachment":[{"href":"https:\/\/bigfunhobby.com\/da\/wp-json\/wp\/v2\/media?parent=8353"}],"wp:term":[{"taxonomy":"product_brand","embeddable":true,"href":"https:\/\/bigfunhobby.com\/da\/wp-json\/wp\/v2\/product_brand?post=8353"},{"taxonomy":"product_cat","embeddable":true,"href":"https:\/\/bigfunhobby.com\/da\/wp-json\/wp\/v2\/product_cat?post=8353"},{"taxonomy":"product_tag","embeddable":true,"href":"https:\/\/bigfunhobby.com\/da\/wp-json\/wp\/v2\/product_tag?post=8353"}],"curies":[{"name":"wp","href":"https:\/\/api.w.org\/{rel}","templated":true}]}}