{"id":8355,"date":"2025-03-08T17:16:34","date_gmt":"2025-03-08T17:16:34","guid":{"rendered":"https:\/\/bigfunhobby.com\/butikk\/91065-basswood-veneers-06x5x1000mm-pack-25-pcs\/"},"modified":"2025-12-04T11:00:39","modified_gmt":"2025-12-04T09:00:39","slug":"91065-lindefiner-06x5x1000mm-pakke-25-stk","status":"publish","type":"product","link":"https:\/\/bigfunhobby.com\/da\/butikk\/91065-basswood-veneers-06x5x1000mm-pack-25-pcs\/","title":{"rendered":"91065 BASSWOOD FINER 0,6x5x1000mm PAKKE 25 STK."},"content":{"rendered":"<p>Dette er en pakke med 25 stykker fin\u00e9r af massivt lindetr\u00e6. Hvert stykke m\u00e5ler 0,6x5x1000 mm - perfekt til b\u00e5de sm\u00e5 og store projekter. Fin\u00e9ren er kendt for sin h\u00f8je kvalitet og er velegnet til mange forskellige form\u00e5l. Uanset om du er til modellering, snedkeri, h\u00e5ndv\u00e6rk eller skolearbejde, vil du s\u00e6tte pris p\u00e5 dette materiales egenskaber.<\/p>\n<p><b>Specifikationer:<\/b><\/p>\n<ul>\n<li>Produktnavn: 91065 BASSWOOD FINER 0,6x5x1000mm PAKKE 25 STK.<\/li>\n<li>St\u00f8rrelse pr. finer: 0,6x5x1000mm<\/li>\n<li>Antal i pakken: 25 stk.<\/li>\n<\/ul>\n<p>Basswood er valgt til denne finer p\u00e5 grund af dens mange positive egenskaber. Det har en lys farve, fra hvid til creme, som giver det et rent og p\u00e6nt udseende. Fin\u00e9ren er meget let og har en medium-lav h\u00e5rdhed. Det g\u00f8r den nem at arbejde med - perfekt til finere h\u00e5ndv\u00e6rksarbejde. <\/p>\n<p>Uanset om du bygger en skalamodel af et tr\u00e6skib eller en modeljernbane, er denne finer ideel. Du kan f.eks. bruge det til at lave nye eller skr\u00e6ddersyede reservedele eller pakke dele, der ikke er af tr\u00e6, ind for at give dem en tr\u00e6finish. Fin\u00e9r af basswood er ogs\u00e5 ideelt til alle former for manuelt arbejde, da det er let at h\u00e5ndtere og arbejde med. Det er ogs\u00e5 fremragende til limning og efterbehandling og t\u00f8rrer hurtigt og nemt.<\/p>\n<p>Giv dine projekter den finish, de fortjener, med vores fin\u00e9r af basswood. K\u00f8b her, og tag din modellering til det n\u00e6ste niveau.<\/p>","protected":false},"excerpt":{"rendered":"<p>Basswood massiv tr\u00e6fin\u00e9r, perfekt til modellering og h\u00e5ndv\u00e6rk. Lys i farven og nem at arbejde med.<\/p>","protected":false},"featured_media":8354,"comment_status":"open","ping_status":"closed","template":"","meta":[],"product_brand":[97],"product_cat":[73],"product_tag":[],"class_list":{"0":"post-8355","1":"product","2":"type-product","3":"status-publish","4":"has-post-thumbnail","6":"product_brand-artesania","7":"product_cat-trebyggesett-treverk","9":"first","10":"instock","11":"taxable","12":"shipping-taxable","13":"purchasable","14":"product-type-simple"},"_links":{"self":[{"href":"https:\/\/bigfunhobby.com\/da\/wp-json\/wp\/v2\/product\/8355","targetHints":{"allow":["GET"]}}],"collection":[{"href":"https:\/\/bigfunhobby.com\/da\/wp-json\/wp\/v2\/product"}],"about":[{"href":"https:\/\/bigfunhobby.com\/da\/wp-json\/wp\/v2\/types\/product"}],"replies":[{"embeddable":true,"href":"https:\/\/bigfunhobby.com\/da\/wp-json\/wp\/v2\/comments?post=8355"}],"wp:featuredmedia":[{"embeddable":true,"href":"https:\/\/bigfunhobby.com\/da\/wp-json\/wp\/v2\/media\/8354"}],"wp:attachment":[{"href":"https:\/\/bigfunhobby.com\/da\/wp-json\/wp\/v2\/media?parent=8355"}],"wp:term":[{"taxonomy":"product_brand","embeddable":true,"href":"https:\/\/bigfunhobby.com\/da\/wp-json\/wp\/v2\/product_brand?post=8355"},{"taxonomy":"product_cat","embeddable":true,"href":"https:\/\/bigfunhobby.com\/da\/wp-json\/wp\/v2\/product_cat?post=8355"},{"taxonomy":"product_tag","embeddable":true,"href":"https:\/\/bigfunhobby.com\/da\/wp-json\/wp\/v2\/product_tag?post=8355"}],"curies":[{"name":"wp","href":"https:\/\/api.w.org\/{rel}","templated":true}]}}