{"id":8357,"date":"2025-03-08T17:16:35","date_gmt":"2025-03-08T17:16:35","guid":{"rendered":"https:\/\/bigfunhobby.com\/butikk\/91066-basswood-veneers-06x6x1000mm-pack-20-pcs\/"},"modified":"2025-12-04T11:00:39","modified_gmt":"2025-12-04T09:00:39","slug":"91066-finer-af-lindetrae-06x6x1000mm-pakke-20-stk","status":"publish","type":"product","link":"https:\/\/bigfunhobby.com\/da\/butikk\/91066-basswood-veneers-06x6x1000mm-pack-20-pcs\/","title":{"rendered":"91066 BASSWOOD FINER 0,6x6x1000mm PAKKE 20 STK."},"content":{"rendered":"<p>Dette er 91066 Basswood Finer, en pakke med 20 lag massivt tr\u00e6, der m\u00e5ler 0,6x6x1000 mm. Det er et materiale af h\u00f8j kvalitet, som b\u00e5de modelbyggere og hobbyentusiaster s\u00e6tter stor pris p\u00e5.<\/p>\n<p><strong>Specifikationer:<\/strong><\/p>\n<ul>\n<li>Massiv fin\u00e9r af lindetr\u00e6<\/li>\n<li>M\u00e5ler 0,6x6x1000 mm pr. enhed<\/li>\n<li>Pakken indeholder 20 enheder<\/li>\n<\/ul>\n<p><strong>Materialer:<\/strong><\/p>\n<p>Basswood er kendt for sin lyse farve, fra hvid til creme. Det er et meget let og mellemh\u00e5rdt tr\u00e6. Dets fine struktur, lette bearbejdning og h\u00e5ndtering g\u00f8r lindetr\u00e6 til et ideelt valg til udsk\u00e6ring, drejning og alle former for manuelt arbejde.<\/p>\n<p><strong>Applikationer:<\/strong><\/p>\n<p>Med denne finer kan du give enhver del, der ikke er det, udseende af tr\u00e6. For eksempel til at bekl\u00e6de v\u00e6ggene i noget, der er bygget med dele af br\u00e6dder, eller til at bekl\u00e6de et d\u00e6k p\u00e5 en skalamodel af et tr\u00e6skib og efterligne de br\u00e6dder, der udg\u00f8r det. Denne finer er perfekt til modelbyggere, da man kan skabe nye eller tilpassede reservedele.<\/p>\n<p><strong>Historie:<\/strong><\/p>\n<p>Lindetr\u00e6 har l\u00e6nge v\u00e6ret h\u00f8jt v\u00e6rdsat af modelbyggere og andre h\u00e5ndv\u00e6rksentusiaster p\u00e5 grund af sin fine struktur og ikke mindst sin lette bearbejdning og h\u00e5ndtering. Det g\u00f8r lindetr\u00e6 til det optimale alternativ til manuelt arbejde.<\/p>\n<p>Uanset om du er en erfaren modelbygger eller en nybegynder, vil du s\u00e6tte pris p\u00e5 de mange anvendelsesmuligheder med vores Basswood Finer. K\u00f8b her, og tag din modellering til det n\u00e6ste niveau!<\/p>","protected":false},"excerpt":{"rendered":"<p>91066 Basswood Veneer, massive tr\u00e6lag p\u00e5 0,6x6x1000 mm, 20 stk. i pakken. Ideel til modellering, h\u00e5ndv\u00e6rk og skoleprojekter.<\/p>","protected":false},"featured_media":8356,"comment_status":"open","ping_status":"closed","template":"","meta":[],"product_brand":[97],"product_cat":[73],"product_tag":[],"class_list":{"0":"post-8357","1":"product","2":"type-product","3":"status-publish","4":"has-post-thumbnail","6":"product_brand-artesania","7":"product_cat-trebyggesett-treverk","9":"first","10":"instock","11":"taxable","12":"shipping-taxable","13":"purchasable","14":"product-type-simple"},"_links":{"self":[{"href":"https:\/\/bigfunhobby.com\/da\/wp-json\/wp\/v2\/product\/8357","targetHints":{"allow":["GET"]}}],"collection":[{"href":"https:\/\/bigfunhobby.com\/da\/wp-json\/wp\/v2\/product"}],"about":[{"href":"https:\/\/bigfunhobby.com\/da\/wp-json\/wp\/v2\/types\/product"}],"replies":[{"embeddable":true,"href":"https:\/\/bigfunhobby.com\/da\/wp-json\/wp\/v2\/comments?post=8357"}],"wp:featuredmedia":[{"embeddable":true,"href":"https:\/\/bigfunhobby.com\/da\/wp-json\/wp\/v2\/media\/8356"}],"wp:attachment":[{"href":"https:\/\/bigfunhobby.com\/da\/wp-json\/wp\/v2\/media?parent=8357"}],"wp:term":[{"taxonomy":"product_brand","embeddable":true,"href":"https:\/\/bigfunhobby.com\/da\/wp-json\/wp\/v2\/product_brand?post=8357"},{"taxonomy":"product_cat","embeddable":true,"href":"https:\/\/bigfunhobby.com\/da\/wp-json\/wp\/v2\/product_cat?post=8357"},{"taxonomy":"product_tag","embeddable":true,"href":"https:\/\/bigfunhobby.com\/da\/wp-json\/wp\/v2\/product_tag?post=8357"}],"curies":[{"name":"wp","href":"https:\/\/api.w.org\/{rel}","templated":true}]}}