{"id":8359,"date":"2025-03-08T17:16:36","date_gmt":"2025-03-08T17:16:36","guid":{"rendered":"https:\/\/bigfunhobby.com\/butikk\/91067-basswood-veneers-06x7x1000mm-pack-20-pcs\/"},"modified":"2025-12-04T11:00:39","modified_gmt":"2025-12-04T09:00:39","slug":"91067-lindefiner-06x7x1000mm-pakke-20-stk","status":"publish","type":"product","link":"https:\/\/bigfunhobby.com\/da\/butikk\/91067-basswood-veneers-06x7x1000mm-pack-20-pcs\/","title":{"rendered":"91067 BASSWOOD FINER 0,6x7x1000mm PAKKE 20 STK."},"content":{"rendered":"<p>Dette er et s\u00e6t med 20 fin\u00e9rplader af lindetr\u00e6 i h\u00f8j kvalitet, som m\u00e5ler 0,6x7x1000 mm. Basswood er kendt for sin lethed, medium-lav h\u00e5rdhed og fine struktur, hvilket g\u00f8r det til et fremragende valg til modellering og andet kunsth\u00e5ndv\u00e6rk.<\/p>\n<p><b>Specifikationer:<\/b><\/p>\n<ul>\n<li>Antal: 20 stk.<\/li>\n<li>Dimensioner: 0,6x7x1000 mm<\/li>\n<li>Materiale: Basswood<\/li>\n<li>Farve: Fra hvid til creme<\/li>\n<\/ul>\n<p>Disse fin\u00e9rplader er perfekte til b\u00e5de erfarne og uerfarne modelbyggere. Brug dem til at skabe nye eller tilpassede dele til dine bygges\u00e6t eller til at give dele, der ikke er af tr\u00e6, et autentisk tr\u00e6look. De er ogs\u00e5 ideelle til at bekl\u00e6de v\u00e6ggene i noget, der er bygget af br\u00e6ddestykker, eller til at bekl\u00e6de et d\u00e6k p\u00e5 en tr\u00e6skibsmodel og efterligne de planker, der udg\u00f8r det.<\/p>\n<p>Basswood har v\u00e6ret et popul\u00e6rt materiale blandt modelbyggere og hobbyentusiaster i mange \u00e5r. Dets lethed og nemhed at arbejde med g\u00f8r det til et optimalt valg til h\u00e5ndv\u00e6rk. Desuden er det fantastisk til limning og efterbehandling, og det er hurtigt og nemt at t\u00f8rre.<\/p>\n<p>Udforsk de muligheder, som fin\u00e9rplader af lindetr\u00e6 giver dig i dit modelbyggeri eller h\u00e5ndv\u00e6rksprojekt. Bestil dit s\u00e6t fin\u00e9rplader af lindetr\u00e6 i dag, og tag dit byggeri til det n\u00e6ste niveau.<\/p>","protected":false},"excerpt":{"rendered":"<p>Dette er et s\u00e6t med 20 finerplader af lindetr\u00e6, der m\u00e5ler 0,6x7x1000 mm og er ideelle til modelbygning, tr\u00e6skibsmodellering og h\u00e5ndv\u00e6rk. Let at arbejde med og giver et autentisk tr\u00e6look.<\/p>","protected":false},"featured_media":8358,"comment_status":"open","ping_status":"closed","template":"","meta":[],"product_brand":[97],"product_cat":[73],"product_tag":[],"class_list":{"0":"post-8359","1":"product","2":"type-product","3":"status-publish","4":"has-post-thumbnail","6":"product_brand-artesania","7":"product_cat-trebyggesett-treverk","9":"first","10":"instock","11":"taxable","12":"shipping-taxable","13":"purchasable","14":"product-type-simple"},"_links":{"self":[{"href":"https:\/\/bigfunhobby.com\/da\/wp-json\/wp\/v2\/product\/8359","targetHints":{"allow":["GET"]}}],"collection":[{"href":"https:\/\/bigfunhobby.com\/da\/wp-json\/wp\/v2\/product"}],"about":[{"href":"https:\/\/bigfunhobby.com\/da\/wp-json\/wp\/v2\/types\/product"}],"replies":[{"embeddable":true,"href":"https:\/\/bigfunhobby.com\/da\/wp-json\/wp\/v2\/comments?post=8359"}],"wp:featuredmedia":[{"embeddable":true,"href":"https:\/\/bigfunhobby.com\/da\/wp-json\/wp\/v2\/media\/8358"}],"wp:attachment":[{"href":"https:\/\/bigfunhobby.com\/da\/wp-json\/wp\/v2\/media?parent=8359"}],"wp:term":[{"taxonomy":"product_brand","embeddable":true,"href":"https:\/\/bigfunhobby.com\/da\/wp-json\/wp\/v2\/product_brand?post=8359"},{"taxonomy":"product_cat","embeddable":true,"href":"https:\/\/bigfunhobby.com\/da\/wp-json\/wp\/v2\/product_cat?post=8359"},{"taxonomy":"product_tag","embeddable":true,"href":"https:\/\/bigfunhobby.com\/da\/wp-json\/wp\/v2\/product_tag?post=8359"}],"curies":[{"name":"wp","href":"https:\/\/api.w.org\/{rel}","templated":true}]}}