{"id":8361,"date":"2025-03-08T17:16:37","date_gmt":"2025-03-08T17:16:37","guid":{"rendered":"https:\/\/bigfunhobby.com\/butikk\/91068-basswood-veneers-06x8x1000mm-pack-20-pcs\/"},"modified":"2025-12-04T11:00:39","modified_gmt":"2025-12-04T09:00:39","slug":"91068-basswood-veneers-06x8x1000mm-pack-20-pcs","status":"publish","type":"product","link":"https:\/\/bigfunhobby.com\/da\/butikk\/91068-basswood-veneers-06x8x1000mm-pack-20-pcs\/","title":{"rendered":"91068 BASSWOOD FINER 0,6x8x1000mm PAKKE 20 STK."},"content":{"rendered":"<p>91068 Basstre Finer 0,6x8x1000mm passer perfekt for alle som er interessert i modellbygging og h\u00e5ndverk. Med 20 stk i hver pakke, f\u00e5r du nok materiale til mange prosjekter.<\/p>\n<p>Specifikationer:<\/p>\n<ul>\n<li>M\u00e5l: 0,6x8x1000mm<\/li>\n<li>Materiale: Basstre<\/li>\n<li>Pakke med 20 stk.<\/li>\n<\/ul>\n<p>Dette fineren er laget av solid basstre, en type tre kjent for sin lette farge, fra hvit til krem. Den er sv\u00e6rt lett og har middels til lav hardhet, noe som gj\u00f8r den ideell for alle typer manualarbeid. Basstre er sv\u00e6rt verdsatt av modellbyggere og andre h\u00e5ndverksentusiaster for sin fine tekstur, i tillegg til at den er enkel \u00e5 jobbe med og h\u00e5ndtere.<\/p>\n<p>Fineren er perfekt for treskipsmodeller, byggesett i tre og andre modellbyggingsprosjekter. Du kan bruke den til \u00e5 lage nye eller tilpasse eksisterende deler, eller gi treutseende til deler som ikke er det. For eksempel kan du bruke den til \u00e5 kle veggene p\u00e5 noe bygget med deler av bord, eller for \u00e5 kle et dekk p\u00e5 en naval skalamodell og etterligne brettene som utgj\u00f8r det.<\/p>\n<p>Basstre finer t\u00f8rker raskt og enkelt, og fungerer fantastisk i forhold til liming og etterbehandling. Med denne fineren kan du enkelt h\u00e5ndtere og jobbe med dine prosjekter, og det kan v\u00e6re det optimale alternativet for h\u00e5ndarbeid.<\/p>\n<p>Ikke vent lenger, bestill basstre finer til dine modellbyggingsprosjekter n\u00e5!<\/p>","protected":false},"excerpt":{"rendered":"<p>H\u00f8ykvalitets finer av basstre med m\u00e5lene 0,6x8x1000mm, perfekt for modellbygging og h\u00e5ndverksprosjekter. Pakken inkluderer 20 stk.<\/p>","protected":false},"featured_media":8360,"comment_status":"open","ping_status":"closed","template":"","meta":[],"product_brand":[97],"product_cat":[73],"product_tag":[],"class_list":{"0":"post-8361","1":"product","2":"type-product","3":"status-publish","4":"has-post-thumbnail","6":"product_brand-artesania","7":"product_cat-trebyggesett-treverk","9":"first","10":"outofstock","11":"taxable","12":"shipping-taxable","13":"purchasable","14":"product-type-simple"},"_links":{"self":[{"href":"https:\/\/bigfunhobby.com\/da\/wp-json\/wp\/v2\/product\/8361","targetHints":{"allow":["GET"]}}],"collection":[{"href":"https:\/\/bigfunhobby.com\/da\/wp-json\/wp\/v2\/product"}],"about":[{"href":"https:\/\/bigfunhobby.com\/da\/wp-json\/wp\/v2\/types\/product"}],"replies":[{"embeddable":true,"href":"https:\/\/bigfunhobby.com\/da\/wp-json\/wp\/v2\/comments?post=8361"}],"wp:featuredmedia":[{"embeddable":true,"href":"https:\/\/bigfunhobby.com\/da\/wp-json\/wp\/v2\/media\/8360"}],"wp:attachment":[{"href":"https:\/\/bigfunhobby.com\/da\/wp-json\/wp\/v2\/media?parent=8361"}],"wp:term":[{"taxonomy":"product_brand","embeddable":true,"href":"https:\/\/bigfunhobby.com\/da\/wp-json\/wp\/v2\/product_brand?post=8361"},{"taxonomy":"product_cat","embeddable":true,"href":"https:\/\/bigfunhobby.com\/da\/wp-json\/wp\/v2\/product_cat?post=8361"},{"taxonomy":"product_tag","embeddable":true,"href":"https:\/\/bigfunhobby.com\/da\/wp-json\/wp\/v2\/product_tag?post=8361"}],"curies":[{"name":"wp","href":"https:\/\/api.w.org\/{rel}","templated":true}]}}