{"id":8365,"date":"2025-03-08T17:16:39","date_gmt":"2025-03-08T17:16:39","guid":{"rendered":"https:\/\/bigfunhobby.com\/butikk\/92066-american-walnut-veneers-06x6x1000mm-pack-20-pcs\/"},"modified":"2025-12-04T11:00:40","modified_gmt":"2025-12-04T09:00:40","slug":"92066-american-walnut-veneers-06x6x1000mm-pack-20-pcs","status":"publish","type":"product","link":"https:\/\/bigfunhobby.com\/da\/butikk\/92066-american-walnut-veneers-06x6x1000mm-pack-20-pcs\/","title":{"rendered":"92066 AMERIKANSK VALN\u00d8DDEFIN\u00c9R 0,6x6x1000mm PAKKE 20 STK."},"content":{"rendered":"<p>Dette er en pakke med amerikansk valn\u00f8ttfin\u00e9r av h\u00f8y kvalitet, ideell for modellbygging og diverse hobbyarbeid. Med sine m\u00e5l p\u00e5 0,6x6x1000 mm, kan du bruke det til \u00e5 lage nye eller tilpasse eksisterende deler, og gi et autentisk treutseende til dine prosjekter.<\/p>\n<ul>\n<li>Produktnavn: Amerikansk valn\u00f8ttfin\u00e9r<\/li>\n<li>M\u00e5l: 0,6x6x1000 mm<\/li>\n<li>Pakke med 20 stk.<\/li>\n<li>H\u00f8y kvalitet og holdbarhet<\/li>\n<\/ul>\n<p>Amerikansk valn\u00f8ttfin\u00e9r er valgt fordi det regnes som en av de beste treartene i Europa. Den har en brun farge med gr\u00e5toner og gule nyanser, noe som gir det et naturlig og estetisk tiltalende utseende. Den h\u00f8ye kvaliteten og holdbarheten gj\u00f8r det sv\u00e6rt vanskelig \u00e5 ripe eller skade. Det er ogs\u00e5 enkelt \u00e5 jobbe med, noe som gj\u00f8r det til et ideelt valg for h\u00e5ndverk.<\/p>\n<p>Om du jobber med treskipsmodeller, byggesett i tre eller andre trebaserte hobbyprosjekter, s\u00e5 vil denne valn\u00f8ttfin\u00e9ren v\u00e6re et utmerket tillegg til verkstedet ditt. Den lar deg gi utseendet av tre til enhver del som ikke er det, for eksempel for \u00e5 kle veggene p\u00e5 noe bygget med deler av brett, eller for \u00e5 kle et dekk p\u00e5 en skalamodell av et skip og etterligne brettene som utgj\u00f8r det.<\/p>\n<p>Uansett om du er en erfaren modellbygger eller en nybegynner, er denne fin\u00e9ren b\u00e5de enkel \u00e5 jobbe med og gir flotte resultater. Den er spesielt verdsatt for sin h\u00f8ye hardhet og fine tekstur. Den kan enkelt h\u00e5ndteres og bearbeides, og er dermed et optimalt alternativ for h\u00e5ndarbeid. Den fungerer ogs\u00e5 fantastisk i forhold til liming og finish. T\u00f8rking er rask og enkel.<\/p>\n<p>Legg til noen pakker med amerikansk valn\u00f8ttfin\u00e9r i handlekurven din i dag, og opplev forskjellen det kan gj\u00f8re for dine modellbyggings- eller hobbyprosjekter. Kj\u00f8p her!<\/p>","protected":false},"excerpt":{"rendered":"<p>H\u00f8ykvalitets amerikansk valn\u00f8ttfin\u00e9r til modellbygging og hobbyarbeid. Perfekt for \u00e5 gi et autentisk treutseende til dine prosjekter.<\/p>","protected":false},"featured_media":8364,"comment_status":"open","ping_status":"closed","template":"","meta":[],"product_brand":[97],"product_cat":[73],"product_tag":[],"class_list":{"0":"post-8365","1":"product","2":"type-product","3":"status-publish","4":"has-post-thumbnail","6":"product_brand-artesania","7":"product_cat-trebyggesett-treverk","9":"first","10":"instock","11":"taxable","12":"shipping-taxable","13":"purchasable","14":"product-type-simple"},"_links":{"self":[{"href":"https:\/\/bigfunhobby.com\/da\/wp-json\/wp\/v2\/product\/8365","targetHints":{"allow":["GET"]}}],"collection":[{"href":"https:\/\/bigfunhobby.com\/da\/wp-json\/wp\/v2\/product"}],"about":[{"href":"https:\/\/bigfunhobby.com\/da\/wp-json\/wp\/v2\/types\/product"}],"replies":[{"embeddable":true,"href":"https:\/\/bigfunhobby.com\/da\/wp-json\/wp\/v2\/comments?post=8365"}],"wp:featuredmedia":[{"embeddable":true,"href":"https:\/\/bigfunhobby.com\/da\/wp-json\/wp\/v2\/media\/8364"}],"wp:attachment":[{"href":"https:\/\/bigfunhobby.com\/da\/wp-json\/wp\/v2\/media?parent=8365"}],"wp:term":[{"taxonomy":"product_brand","embeddable":true,"href":"https:\/\/bigfunhobby.com\/da\/wp-json\/wp\/v2\/product_brand?post=8365"},{"taxonomy":"product_cat","embeddable":true,"href":"https:\/\/bigfunhobby.com\/da\/wp-json\/wp\/v2\/product_cat?post=8365"},{"taxonomy":"product_tag","embeddable":true,"href":"https:\/\/bigfunhobby.com\/da\/wp-json\/wp\/v2\/product_tag?post=8365"}],"curies":[{"name":"wp","href":"https:\/\/api.w.org\/{rel}","templated":true}]}}