{"id":8367,"date":"2025-03-08T17:16:40","date_gmt":"2025-03-08T17:16:40","guid":{"rendered":"https:\/\/bigfunhobby.com\/butikk\/92067-american-walnut-veneers-06x7x1000mm-pack-20-pcs\/"},"modified":"2025-12-04T11:00:40","modified_gmt":"2025-12-04T09:00:40","slug":"92067-amerikansk-valnoddefiner-06x7x1000mm-pakke-20-stk","status":"publish","type":"product","link":"https:\/\/bigfunhobby.com\/da\/butikk\/92067-american-walnut-veneers-06x7x1000mm-pack-20-pcs\/","title":{"rendered":"92067 AMERIKANSK VALN\u00d8DDEFIN\u00c9R 0,6x7x1000mm PAKKE 20 STK."},"content":{"rendered":"<p>Oplev den h\u00f8je kvalitet af vores amerikanske valn\u00f8ddefin\u00e9r, en vigtig ressource for alle, der br\u00e6nder for modellering og h\u00e5ndv\u00e6rk. Fin\u00e9ren kommer i en pakke med 20 stykker, der hver m\u00e5ler 0,6x7x1000 mm.<\/p>\n<p><b>Specifikationer:<\/b><\/p>\n<ul>\n<li>Massiv amerikansk valn\u00f8ddefin\u00e9r<\/li>\n<li>M\u00e5ler 0,6x7x1000 mm pr. enhed<\/li>\n<li>Pakke med 20 stk.<\/li>\n<li>H\u00f8j kvalitet, robust og holdbar<\/li>\n<\/ul>\n<p><b>Materialer:<\/b><\/p>\n<p>Disse valn\u00f8ddefin\u00e9r er fremstillet af massiv amerikansk valn\u00f8d, der er kendt for sin brune farve med gr\u00e5 og gule nuancer. Valn\u00f8d er en af de bedste tr\u00e6sorter i Europa, kendt for sin h\u00f8je h\u00e5rdhed, fine struktur og lette bearbejdning. Det g\u00f8r det til et ideelt valg til skibsmodeller i tr\u00e6, bygges\u00e6t i tr\u00e6 og anden modelbygning.<\/p>\n<p><b>Historie:<\/b><\/p>\n<p>Amerikansk valn\u00f8d har l\u00e6nge v\u00e6ret h\u00f8jt v\u00e6rdsat blandt modelbyggere og h\u00e5ndv\u00e6rkere for sin holdbarhed og \u00e6stetik. Det har gjort det til et popul\u00e6rt valg til skala- og plastikmodeller.<\/p>\n<p>Uanset om du er en erfaren modelbygger eller en nybegynder, kan du med disse amerikanske valn\u00f8ddefiner skabe nye eller tilpasse eksisterende dele. Du kan give enhver del, der mangler det, et udseende af \u00e6gte tr\u00e6, f.eks. ved at bekl\u00e6de v\u00e6ggene i en modelbygning eller efterligne plankerne p\u00e5 et tr\u00e6skib.<\/p>\n<p>Disse finer er ogs\u00e5 nemme at lime og t\u00f8rrer hurtigt og nemt. Det g\u00f8r dem til et optimalt alternativ til manuelt arbejde. Med disse finer kan du tage dine modelleringsprojekter til det n\u00e6ste niveau.<\/p>\n<p>Vent ikke, opdag hvordan disse amerikanske valn\u00f8ddefin\u00e9r kan forbedre dine modelleringsprojekter. <b>Book nu!<\/b><\/p>","protected":false},"excerpt":{"rendered":"<p>Disse fin\u00e9rlister i amerikansk valn\u00f8d i st\u00f8rrelsen 0,6x7x1000 mm er perfekte til modelbygning og h\u00e5ndv\u00e6rk. Med deres h\u00f8je kvalitet og robusthed giver de et \u00e6gte look til dine modeller.<\/p>","protected":false},"featured_media":8366,"comment_status":"open","ping_status":"closed","template":"","meta":[],"product_brand":[97],"product_cat":[73],"product_tag":[],"class_list":{"0":"post-8367","1":"product","2":"type-product","3":"status-publish","4":"has-post-thumbnail","6":"product_brand-artesania","7":"product_cat-trebyggesett-treverk","9":"first","10":"instock","11":"taxable","12":"shipping-taxable","13":"purchasable","14":"product-type-simple"},"_links":{"self":[{"href":"https:\/\/bigfunhobby.com\/da\/wp-json\/wp\/v2\/product\/8367","targetHints":{"allow":["GET"]}}],"collection":[{"href":"https:\/\/bigfunhobby.com\/da\/wp-json\/wp\/v2\/product"}],"about":[{"href":"https:\/\/bigfunhobby.com\/da\/wp-json\/wp\/v2\/types\/product"}],"replies":[{"embeddable":true,"href":"https:\/\/bigfunhobby.com\/da\/wp-json\/wp\/v2\/comments?post=8367"}],"wp:featuredmedia":[{"embeddable":true,"href":"https:\/\/bigfunhobby.com\/da\/wp-json\/wp\/v2\/media\/8366"}],"wp:attachment":[{"href":"https:\/\/bigfunhobby.com\/da\/wp-json\/wp\/v2\/media?parent=8367"}],"wp:term":[{"taxonomy":"product_brand","embeddable":true,"href":"https:\/\/bigfunhobby.com\/da\/wp-json\/wp\/v2\/product_brand?post=8367"},{"taxonomy":"product_cat","embeddable":true,"href":"https:\/\/bigfunhobby.com\/da\/wp-json\/wp\/v2\/product_cat?post=8367"},{"taxonomy":"product_tag","embeddable":true,"href":"https:\/\/bigfunhobby.com\/da\/wp-json\/wp\/v2\/product_tag?post=8367"}],"curies":[{"name":"wp","href":"https:\/\/api.w.org\/{rel}","templated":true}]}}