{"id":8375,"date":"2025-03-08T17:16:43","date_gmt":"2025-03-08T17:16:43","guid":{"rendered":"https:\/\/bigfunhobby.com\/butikk\/93066-sapele-veneers-06x6x1000mm-pack-20-pcs\/"},"modified":"2025-12-04T11:00:40","modified_gmt":"2025-12-04T09:00:40","slug":"93066-sapelefiner-06x6x1000mm-pakke-20-stk","status":"publish","type":"product","link":"https:\/\/bigfunhobby.com\/da\/butikk\/93066-sapele-veneers-06x6x1000mm-pack-20-pcs\/","title":{"rendered":"93066 SAPELE VENEERS 0,6x6x1000mm PACK 20 PCS"},"content":{"rendered":"<p>Vores SAPELE-finer i massivt tr\u00e6 er et fremragende valg for alle, der er interesserede i modelbygning, tr\u00e6skibsmodeller, snedkerarbejde, h\u00e5ndv\u00e6rk og skoleprojekter. Det m\u00e5ler 0,6x6x1000 mm pr. enhed, og du f\u00e5r 20 stykker i hver pakke. Med sin h\u00f8je kvalitet er dette et materiale, der kan bruges til mange form\u00e5l.<\/p>\n<p><strong>Specifikationer:<\/strong><\/p>\n<ul>\n<li>20 stk SAPELE massivt tr\u00e6fin\u00e9r pr. pakke<\/li>\n<li>Dimensioner: 0,6x6x1000 mm pr. enhed<\/li>\n<li>Mange anvendelsesmuligheder: modelbyggeri, tr\u00e6skibsmodeller, snedkeri, h\u00e5ndv\u00e6rk, skoleprojekter<\/li>\n<\/ul>\n<p>SAPELE-finer i massivt tr\u00e6 er m\u00f8rkebrunt med r\u00f8de toner og nogle gyldne strejf i de aflange \u00e5rer. Det har n\u00e6sten ingen knaster og ligner mahogni. Denne tr\u00e6sort er meget v\u00e6rdsat af modelbyggere og andre h\u00e5ndv\u00e6rksentusiaster p\u00e5 grund af sin middelh\u00e5rdhed og lette brug og h\u00e5ndtering. Det g\u00f8r SAPELE til et ideelt valg til udsk\u00e6ring, drejning og alt andet manuelt arbejde.<\/p>\n<p>SAPELE-finer er let at arbejde med, hvilket g\u00f8r det til en optimal mulighed for h\u00e5ndv\u00e6rk. Det fungerer godt med hensyn til limning og efterbehandling og t\u00f8rrer hurtigt og nemt.<\/p>\n<p>S\u00e5 uanset om du er en erfaren modelbygger eller en nybegynder, vil SAPELEs massive tr\u00e6fin\u00e9r give dig den autentiske tr\u00e6fornemmelse, du leder efter. Det er det perfekte materiale til at skabe nye eller skr\u00e6ddersyede reservedele eller til at give en del, der ikke er det, et tr\u00e6look. For eksempel til at bekl\u00e6de v\u00e6ggene i noget, der er bygget med dele af borde, eller til at bekl\u00e6de et d\u00e6k p\u00e5 en skalamodel og efterligne de borde, der udg\u00f8r det.<\/p>\n<p>Vent ikke l\u00e6ngere, men opdag, hvordan SAPELEs massive tr\u00e6fin\u00e9r kan forbedre dine modelleringsprojekter. <strong>K\u00f8b her og begynd at skabe!<\/strong><\/p>","protected":false},"excerpt":{"rendered":"<p>SAPELE massiv tr\u00e6fin\u00e9r til modellering og andet h\u00e5ndv\u00e6rk. Materiale af h\u00f8j kvalitet, ideelt til pr\u00e6cisionsarbejde og efterbehandling.<\/p>","protected":false},"featured_media":8374,"comment_status":"open","ping_status":"closed","template":"","meta":[],"product_brand":[97],"product_cat":[73],"product_tag":[],"class_list":{"0":"post-8375","1":"product","2":"type-product","3":"status-publish","4":"has-post-thumbnail","6":"product_brand-artesania","7":"product_cat-trebyggesett-treverk","9":"first","10":"instock","11":"taxable","12":"shipping-taxable","13":"purchasable","14":"product-type-simple"},"_links":{"self":[{"href":"https:\/\/bigfunhobby.com\/da\/wp-json\/wp\/v2\/product\/8375","targetHints":{"allow":["GET"]}}],"collection":[{"href":"https:\/\/bigfunhobby.com\/da\/wp-json\/wp\/v2\/product"}],"about":[{"href":"https:\/\/bigfunhobby.com\/da\/wp-json\/wp\/v2\/types\/product"}],"replies":[{"embeddable":true,"href":"https:\/\/bigfunhobby.com\/da\/wp-json\/wp\/v2\/comments?post=8375"}],"wp:featuredmedia":[{"embeddable":true,"href":"https:\/\/bigfunhobby.com\/da\/wp-json\/wp\/v2\/media\/8374"}],"wp:attachment":[{"href":"https:\/\/bigfunhobby.com\/da\/wp-json\/wp\/v2\/media?parent=8375"}],"wp:term":[{"taxonomy":"product_brand","embeddable":true,"href":"https:\/\/bigfunhobby.com\/da\/wp-json\/wp\/v2\/product_brand?post=8375"},{"taxonomy":"product_cat","embeddable":true,"href":"https:\/\/bigfunhobby.com\/da\/wp-json\/wp\/v2\/product_cat?post=8375"},{"taxonomy":"product_tag","embeddable":true,"href":"https:\/\/bigfunhobby.com\/da\/wp-json\/wp\/v2\/product_tag?post=8375"}],"curies":[{"name":"wp","href":"https:\/\/api.w.org\/{rel}","templated":true}]}}