{"id":8379,"date":"2025-03-08T17:16:45","date_gmt":"2025-03-08T17:16:45","guid":{"rendered":"https:\/\/bigfunhobby.com\/butikk\/94103-birch-dowels-o-3-x-914-mm-pack-10-pcs\/"},"modified":"2025-12-04T11:00:40","modified_gmt":"2025-12-04T09:00:40","slug":"94103-birch-dowels-o-3-x-914-mm-pack-10-pcs","status":"publish","type":"product","link":"https:\/\/bigfunhobby.com\/da\/butikk\/94103-birch-dowels-o-3-x-914-mm-pack-10-pcs\/","title":{"rendered":"94103 BIRCH DOWELS \u00d8 3 x 914 mm PACK 10 PCS"},"content":{"rendered":"<p>Oppdag v\u00e5r 94103 Bj\u00f8rk pinner \u00d8 3 x 914 mm pakke med 10 stk, et essensielt tilbeh\u00f8r for alle entusiaster innen modellbygging. Disse stengene er laget av h\u00f8ykvalitets bj\u00f8rketre, kjent for sin finhet og holdbarhet, noe som gj\u00f8r dem ideelle for \u00e5 lage reservedeler eller tilpassede deler.<\/p>\n<p><strong>Specifikationer:<\/strong><\/p>\n<ul>\n<li>L\u00e6ngde: 914 mm<\/li>\n<li>Diameter: 3mm<\/li>\n<li>Pakke: 10 stk<\/li>\n<li>Material: Bj\u00f8rketre<\/li>\n<\/ul>\n<p>Bj\u00f8rk er valgt for \u00e5 lage v\u00e5re stenger p\u00e5 grunn av dens lyse farge som varierer fra hvitt til krem. Over tid m\u00f8rkner det noe, men forblir veldig uniform gjennom hele delene. Med sin rette korn og veldig fin tekstur, er bj\u00f8rk ideell for utskj\u00e6ring, dreining og alle typer manuelt arbeid.<\/p>\n<p>Disse bj\u00f8rkpinnene er en favoritt blant modellbyggere, spesielt for treskipsmodeller og modelljernbane. De brukes i byggeprosesser for \u00e5 lage master og verft, hovedsakelig, i tillegg til enhver detalj med en sylindrisk form.<\/p>\n<p>Bj\u00f8rk er ogs\u00e5 lett \u00e5 h\u00e5ndtere og jobbe med, noe som gj\u00f8r det til et optimalt alternativ for h\u00e5ndarbeid. Dette materialet t\u00f8rker raskt og enkelt, og det er enkelt \u00e5 lime og gi overflatebehandling, noe som gir et h\u00f8ykvalitets sluttresultat.<\/p>\n<p>Med disse bj\u00f8rkpinnene kan du ta hobbyen din til neste niv\u00e5, uansett om du er en nybegynner eller en erfaren modellbygger. Bestill din pakke med 10 bj\u00f8rkpinner n\u00e5 og opplev forskjellen selv!<\/p>","protected":false},"excerpt":{"rendered":"<p>94103 Bj\u00f8rk pinner \u00d8 3 x 914 mm pakke med 10 stk er h\u00f8ykvalitets bj\u00f8rketre stenger ideelle for modellbygging, snekkerarbeid, h\u00e5ndverk og skoleprosjekter.<\/p>","protected":false},"featured_media":8378,"comment_status":"open","ping_status":"closed","template":"","meta":[],"product_brand":[97],"product_cat":[73],"product_tag":[],"class_list":{"0":"post-8379","1":"product","2":"type-product","3":"status-publish","4":"has-post-thumbnail","6":"product_brand-artesania","7":"product_cat-trebyggesett-treverk","9":"first","10":"outofstock","11":"taxable","12":"shipping-taxable","13":"purchasable","14":"product-type-simple"},"_links":{"self":[{"href":"https:\/\/bigfunhobby.com\/da\/wp-json\/wp\/v2\/product\/8379","targetHints":{"allow":["GET"]}}],"collection":[{"href":"https:\/\/bigfunhobby.com\/da\/wp-json\/wp\/v2\/product"}],"about":[{"href":"https:\/\/bigfunhobby.com\/da\/wp-json\/wp\/v2\/types\/product"}],"replies":[{"embeddable":true,"href":"https:\/\/bigfunhobby.com\/da\/wp-json\/wp\/v2\/comments?post=8379"}],"wp:featuredmedia":[{"embeddable":true,"href":"https:\/\/bigfunhobby.com\/da\/wp-json\/wp\/v2\/media\/8378"}],"wp:attachment":[{"href":"https:\/\/bigfunhobby.com\/da\/wp-json\/wp\/v2\/media?parent=8379"}],"wp:term":[{"taxonomy":"product_brand","embeddable":true,"href":"https:\/\/bigfunhobby.com\/da\/wp-json\/wp\/v2\/product_brand?post=8379"},{"taxonomy":"product_cat","embeddable":true,"href":"https:\/\/bigfunhobby.com\/da\/wp-json\/wp\/v2\/product_cat?post=8379"},{"taxonomy":"product_tag","embeddable":true,"href":"https:\/\/bigfunhobby.com\/da\/wp-json\/wp\/v2\/product_tag?post=8379"}],"curies":[{"name":"wp","href":"https:\/\/api.w.org\/{rel}","templated":true}]}}