{"id":8383,"date":"2025-03-08T17:16:47","date_gmt":"2025-03-08T17:16:47","guid":{"rendered":"https:\/\/bigfunhobby.com\/butikk\/94105-birch-dowels-o-5-x-914-mm-pack-10-pcs\/"},"modified":"2025-12-04T11:00:40","modified_gmt":"2025-12-04T09:00:40","slug":"94105-birch-dowels-o-5-x-914-mm-pack-10-pcs","status":"publish","type":"product","link":"https:\/\/bigfunhobby.com\/da\/butikk\/94105-birch-dowels-o-5-x-914-mm-pack-10-pcs\/","title":{"rendered":"94105 BIRK DOWELS \u00d8 5 x 914 mm PACK 10 STK."},"content":{"rendered":"<p>\u00d8nsker du h\u00f8ykvalitets treskipsmodeller eller byggesett i tre? Disse bj\u00f8rkepinnene er det du trenger. Kommer i pakker p\u00e5 10, med dimensjoner p\u00e5 \u00d8 5 x 914 mm, er disse pinnene ideelle for ulike form\u00e5l innen modellbygging og andre hobbyer.<\/p>\n<p><strong>Specifikationer:<\/strong><\/p>\n<ul>\n<li>Lengde: 914 mm<\/li>\n<li>Diameter: 5 mm<\/li>\n<li>Antall: 10 stk<\/li>\n<li>Materiale: Birketr\u00e6<\/li>\n<\/ul>\n<p><strong>Materialer:<\/strong><\/p>\n<p>Bj\u00f8rkepinnene er laget av h\u00f8ykvalitets solid bj\u00f8rketre, kjent for sin fine, h\u00f8ykvalitets finish. Bj\u00f8rketre har en lys farge som varierer fra hvit til krem, er sv\u00e6rt uniform i alle deler, og m\u00f8rkner litt over tid. Kornet er rett og med en sv\u00e6rt fin tekstur, noe som gj\u00f8r bj\u00f8rk til en ideell mulighet for utskj\u00e6ring, dreining og alle typer manuelt arbeid.<\/p>\n<p><strong>Historie:<\/strong><\/p>\n<p>Gjennom historien har bj\u00f8rketre v\u00e6rt et popul\u00e6rt valg for modellbyggere p\u00e5 grunn av sin letthet, styrke og lette bearbeidbarhet. Dette har gjort det til et foretrukket materiale for \u00e5 lage h\u00f8ykvalitets skalamodeller og byggesett av tre.<\/p>\n<p>Disse bj\u00f8rkepinnene er perfekte for modellbygging, og kan brukes til \u00e5 lage reservedeler eller tilpassede deler. I byggeprosesser av treskipsmodeller brukes de for handlinger som \u00e5 lage master og r\u00e6r, hovedsakelig, i tillegg til enhver detalj med en sylindrisk form.<\/p>\n<p>Det er enkelt \u00e5 h\u00e5ndtere og arbeide med bj\u00f8rkepinnene, og de kan v\u00e6re det optimale alternativet for h\u00e5ndarbeid. De er ogs\u00e5 fantastiske n\u00e5r det kommer til liming og finish, og t\u00f8rker raskt og enkelt.<\/p>\n<p>I tillegg til modellbygging er bj\u00f8rkepinnene ogs\u00e5 nyttige for fine snekkerarbeid, h\u00e5ndverk og skolearbeid.<\/p>\n<p>S\u00e5 hvorfor vente? Start ditt neste modellbyggingsprosjekt i dag med disse h\u00f8ykvalitets bj\u00f8rkepinnene. <strong>Book nu!<\/strong><\/p>","protected":false},"excerpt":{"rendered":"<p>Disse bj\u00f8rkepinnene, m\u00e5lende \u00d8 5 x 914 mm og pakket i sett av 10, er av h\u00f8y kvalitet og perfekte for b\u00e5de modellbygging og andre hobbyer.<\/p>","protected":false},"featured_media":8382,"comment_status":"open","ping_status":"closed","template":"","meta":[],"product_brand":[97],"product_cat":[73],"product_tag":[],"class_list":{"0":"post-8383","1":"product","2":"type-product","3":"status-publish","4":"has-post-thumbnail","6":"product_brand-artesania","7":"product_cat-trebyggesett-treverk","9":"first","10":"instock","11":"taxable","12":"shipping-taxable","13":"purchasable","14":"product-type-simple"},"_links":{"self":[{"href":"https:\/\/bigfunhobby.com\/da\/wp-json\/wp\/v2\/product\/8383","targetHints":{"allow":["GET"]}}],"collection":[{"href":"https:\/\/bigfunhobby.com\/da\/wp-json\/wp\/v2\/product"}],"about":[{"href":"https:\/\/bigfunhobby.com\/da\/wp-json\/wp\/v2\/types\/product"}],"replies":[{"embeddable":true,"href":"https:\/\/bigfunhobby.com\/da\/wp-json\/wp\/v2\/comments?post=8383"}],"wp:featuredmedia":[{"embeddable":true,"href":"https:\/\/bigfunhobby.com\/da\/wp-json\/wp\/v2\/media\/8382"}],"wp:attachment":[{"href":"https:\/\/bigfunhobby.com\/da\/wp-json\/wp\/v2\/media?parent=8383"}],"wp:term":[{"taxonomy":"product_brand","embeddable":true,"href":"https:\/\/bigfunhobby.com\/da\/wp-json\/wp\/v2\/product_brand?post=8383"},{"taxonomy":"product_cat","embeddable":true,"href":"https:\/\/bigfunhobby.com\/da\/wp-json\/wp\/v2\/product_cat?post=8383"},{"taxonomy":"product_tag","embeddable":true,"href":"https:\/\/bigfunhobby.com\/da\/wp-json\/wp\/v2\/product_tag?post=8383"}],"curies":[{"name":"wp","href":"https:\/\/api.w.org\/{rel}","templated":true}]}}