{"id":8385,"date":"2025-03-08T17:16:48","date_gmt":"2025-03-08T17:16:48","guid":{"rendered":"https:\/\/bigfunhobby.com\/butikk\/94106-birch-dowels-o-6-x-914-mm-pack-10-pcs\/"},"modified":"2025-12-04T11:00:40","modified_gmt":"2025-12-04T09:00:40","slug":"94106-birch-dowels-o-6-x-914-mm-pack-10-pcs","status":"publish","type":"product","link":"https:\/\/bigfunhobby.com\/da\/butikk\/94106-birch-dowels-o-6-x-914-mm-pack-10-pcs\/","title":{"rendered":"94106 BIRCH DOWELS \u00d8 6 x 914 mm PACK 10 PCS"},"content":{"rendered":"<p>94106 Birkedowler er et ideelt valg for entusiastiske modellbyggere, h\u00e5ndverkere og hobbyister. Disse dowlene har en diameter p\u00e5 6 mm og en lengde p\u00e5 914 mm, noe som gir deg en rekke muligheter for bruk. Pakken inneholder 10 stk, noe som gir god verdi for pengene.<\/p>\n<p><strong>Specifikationer:<\/strong><\/p>\n<ul>\n<li>Lengde: 914 mm<\/li>\n<li>Diameter: 6 mm<\/li>\n<li>Antall: 10 stk<\/li>\n<li>Material: Birk<\/li>\n<\/ul>\n<p>Disse dowlene er laget av solid birk, et materiale kjent for sin h\u00f8ye kvalitet og lette vekt. Birk har en fin og lett farge som spenner fra hvit til krem, og er sv\u00e6rt uniform i alle delene. Med tiden blir det litt m\u00f8rkere, noe som gir det et varmt og naturlig utseende.<\/p>\n<p>Den rette kornstrukturen og den fine teksturen gj\u00f8r birk til et ideelt valg for utskj\u00e6ring, dreining og alle typer manuelt arbeid. Det kan h\u00e5ndteres og bearbeides med total enkelhet, og kan v\u00e6re det optimale alternativet for h\u00e5ndarbeid. Dette er ogs\u00e5 et materiale som limfester og t\u00f8rker raskt og enkelt.<\/p>\n<p>For modellbyggere er disse birkedowlene perfekte for \u00e5 lage reservedeler eller tilpassede deler. I byggeprosesser for treskipsmodeller, brukes det for \u00e5 lage master og r\u00e6r, samt alle detaljer med en sylindrisk form.<\/p>\n<p>Enten du er en erfaren modellbygger eller en nybegynner, vil du finne at disse birkedowlene er et uvurderlig tillegg til verkt\u00f8ykassen din. S\u00e5 hvorfor vente? Legg 94106 Birkedowler til handlekurven din i dag, og ta modellbyggingen din til det neste niv\u00e5et!<\/p>","protected":false},"excerpt":{"rendered":"<p>Birkedowler i h\u00f8y kvalitet p\u00e5 6 x 914mm, perfekte for b\u00e5de modellbygging og andre h\u00e5ndverksprosjekter. Pakken inneholder 10 stk.<\/p>","protected":false},"featured_media":8384,"comment_status":"open","ping_status":"closed","template":"","meta":[],"product_brand":[97],"product_cat":[73],"product_tag":[],"class_list":{"0":"post-8385","1":"product","2":"type-product","3":"status-publish","4":"has-post-thumbnail","6":"product_brand-artesania","7":"product_cat-trebyggesett-treverk","9":"first","10":"outofstock","11":"taxable","12":"shipping-taxable","13":"purchasable","14":"product-type-simple"},"_links":{"self":[{"href":"https:\/\/bigfunhobby.com\/da\/wp-json\/wp\/v2\/product\/8385","targetHints":{"allow":["GET"]}}],"collection":[{"href":"https:\/\/bigfunhobby.com\/da\/wp-json\/wp\/v2\/product"}],"about":[{"href":"https:\/\/bigfunhobby.com\/da\/wp-json\/wp\/v2\/types\/product"}],"replies":[{"embeddable":true,"href":"https:\/\/bigfunhobby.com\/da\/wp-json\/wp\/v2\/comments?post=8385"}],"wp:featuredmedia":[{"embeddable":true,"href":"https:\/\/bigfunhobby.com\/da\/wp-json\/wp\/v2\/media\/8384"}],"wp:attachment":[{"href":"https:\/\/bigfunhobby.com\/da\/wp-json\/wp\/v2\/media?parent=8385"}],"wp:term":[{"taxonomy":"product_brand","embeddable":true,"href":"https:\/\/bigfunhobby.com\/da\/wp-json\/wp\/v2\/product_brand?post=8385"},{"taxonomy":"product_cat","embeddable":true,"href":"https:\/\/bigfunhobby.com\/da\/wp-json\/wp\/v2\/product_cat?post=8385"},{"taxonomy":"product_tag","embeddable":true,"href":"https:\/\/bigfunhobby.com\/da\/wp-json\/wp\/v2\/product_tag?post=8385"}],"curies":[{"name":"wp","href":"https:\/\/api.w.org\/{rel}","templated":true}]}}